{"id":93163,"date":"2017-07-02T03:58:45","date_gmt":"2017-07-02T03:58:45","guid":{"rendered":"http:\/\/www.ceramictiles.com\/srbija\/product\/natucer-klinker-filter-floor-quartz-fume\/"},"modified":"2026-01-03T00:00:47","modified_gmt":"2026-01-03T00:00:47","slug":"natucer-klinker-filter-floor-quartz-fume","status":"publish","type":"product","link":"https:\/\/www.keramika.com\/srbija\/natucer-klinker-filter-floor-quartz-fume\/","title":{"rendered":"Natucer klinker Filter Floor Quartz Fume"},"content":{"rendered":"<p>Plo\u010dica je debela 30 mm, \u0161to je ubraja u tvrde plo\u010dice. Ove plo\u010dice dolaze od proizvo\u0111a\u010da Natucer Ceramica, iz \u0160panije. U izboru plo\u010dica sive boje, ne mo\u017eete pogre\u0161iti. Veli\u010dina plo\u010dice je 36&#215;36 cm i odli\u010dna je za razli\u010dite povr\u0161ine. 12485,55 RSD je redovna prodajna cena keramike, tu pa samo 9988,9 RSD.<\/p>\n<p>Kliknite na ime serije za sve plo\u010dice u toj seriji: <a class=\"pdfcatal\" href=\"\/\/www.ceramictiles.com\/pdf\/natucer\/catalogue_natucer_filter_floor.pdf\" onclick=\"recordOutboundLink(this, 'E-mail', 'Description PDF');return false;\">Natucer Ceramica Filter Floor<\/a><\/p>\n<p>Da bi naru\u010dili model iz PDF kataloga ove serije, molimo vas, da nas kontaktirate na: <a href=\"mailto:zo_mi@ceramictiles.com\" onclick=\"recordOutboundLink(this, 'E-mail', 'Description mail');return false;\">zo_mi@ceramictiles.com<\/a> ili nas pozovite na: For exact offer, PLS send us quantity and product you need with delivery address..<\/p>\n<p>Technical description: <br \/> F 36&#215;36 ; 36&#215;54 <br \/>Filter Floor Quartz Klinker Latteo ; Filter Floor Quartz Klinker Rutilo ; Filter Floor Quartz Klinker Fume ; Filter Floor Tropical Forest Mukaly Plank ; Filter Floor Tropical Forest Oak Plank ; Filter Floor Tropical Forest Jatoba Plank ; Filter Floor Li\u00e9bana Brez ; Filter Floor Li\u00e9bana Bodia ; Filter Floor Li\u00e9bana Cueva ; Filter Floor Rocas De Galicia Pontevedra ; Filter Floor Rocas De Galicia Santiago ; Filter Floor Rocas De Galicia La Coru\u00f1a ;<\/p>\n","protected":false},"excerpt":{"rendered":"<p>Plo\u010dica je debela 30 mm, \u0161to je ubraja u tvrde plo\u010dice. Ove plo\u010dice dolaze od proizvo\u0111a\u010da Natucer Ceramica, iz \u0160panije. U izboru plo\u010dica sive boje, ne mo\u017eete pogre\u0161iti. Veli\u010dina plo\u010dice je 36&#215;36 cm i odli\u010dna je za razli\u010dite povr\u0161ine. 12485,55 RSD je redovna prodajna cena keramike, tu pa samo 9988,9 RSD. Kliknite na ime serije [&hellip;]<\/p>\n","protected":false},"featured_media":93164,"template":"","meta":[],"product_cat":[150,100,9991435,999,110,120],"product_tag":[],"_links":{"self":[{"href":"https:\/\/www.keramika.com\/srbija\/wp-json\/wp\/v2\/product\/93163"}],"collection":[{"href":"https:\/\/www.keramika.com\/srbija\/wp-json\/wp\/v2\/product"}],"about":[{"href":"https:\/\/www.keramika.com\/srbija\/wp-json\/wp\/v2\/types\/product"}],"wp:featuredmedia":[{"embeddable":true,"href":"https:\/\/www.keramika.com\/srbija\/wp-json\/wp\/v2\/media\/93164"}],"wp:attachment":[{"href":"https:\/\/www.keramika.com\/srbija\/wp-json\/wp\/v2\/media?parent=93163"}],"wp:term":[{"taxonomy":"product_cat","embeddable":true,"href":"https:\/\/www.keramika.com\/srbija\/wp-json\/wp\/v2\/product_cat?post=93163"},{"taxonomy":"product_tag","embeddable":true,"href":"https:\/\/www.keramika.com\/srbija\/wp-json\/wp\/v2\/product_tag?post=93163"}],"curies":[{"name":"wp","href":"https:\/\/api.w.org\/{rel}","templated":true}]}}