{"id":93159,"date":"2017-07-02T03:58:10","date_gmt":"2017-07-02T03:58:10","guid":{"rendered":"http:\/\/www.ceramictiles.com\/srbija\/product\/natucer-klinker-duna-buit-malvera\/"},"modified":"2026-01-03T00:00:47","modified_gmt":"2026-01-03T00:00:47","slug":"natucer-klinker-duna-buit-malvera","status":"publish","type":"product","link":"https:\/\/www.keramika.com\/srbija\/natucer-klinker-duna-buit-malvera\/","title":{"rendered":"Natucer klinker Duna Buit Malvera"},"content":{"rendered":"<p>Veli\u010dina ove plo\u010dice je 15&#215;15 cm. Plo\u010dica je debela 9 mm, \u0161to je ubraja u tvrde plo\u010dice. Plo\u010dice roze boje, su letos izuzetno tre\u017eene. 11328,65 RSD je redovna prodajna cena keramike, tu pa samo 9062 RSD. Natucer klinker Duna Buit Malvera dolazi iz \u0160panije, koja je poznata po vrlo visokoj kvaliteta keramike u svetu.<\/p>\n<p>Kliknite na ime serije za sve plo\u010dice u toj seriji: <a class=\"pdfcatal\" href=\"\/\/www.ceramictiles.com\/pdf\/natucer\/catalogue_natucer_duna.pdf\" onclick=\"recordOutboundLink(this, 'E-mail', 'Description PDF');return false;\">Natucer Ceramica Duna<\/a><\/p>\n<p>Da bi naru\u010dili model iz PDF kataloga ove serije, molimo vas, da nas kontaktirate na: <a href=\"mailto:zo_mi@ceramictiles.com\" onclick=\"recordOutboundLink(this, 'E-mail', 'Description mail');return false;\">zo_mi@ceramictiles.com<\/a> ili nas pozovite na: For exact offer, PLS send us quantity and product you need with delivery address..<\/p>\n<p>Technical description: <br \/> W 15&#215;15 ; 20&#215;20 <br \/>Duna Os ; Duna Marfil ; Duna Carbo ; Duna Rovell ; Duna Cendra ; Duna Malvera ; Duna Nacar ; Duna Or ; Duna Trencat ; Duna Platejat ; Duna Morat ;<\/p>\n","protected":false},"excerpt":{"rendered":"<p>Veli\u010dina ove plo\u010dice je 15&#215;15 cm. Plo\u010dica je debela 9 mm, \u0161to je ubraja u tvrde plo\u010dice. Plo\u010dice roze boje, su letos izuzetno tre\u017eene. 11328,65 RSD je redovna prodajna cena keramike, tu pa samo 9062 RSD. Natucer klinker Duna Buit Malvera dolazi iz \u0160panije, koja je poznata po vrlo visokoj kvaliteta keramike u svetu. Kliknite [&hellip;]<\/p>\n","protected":false},"featured_media":93160,"template":"","meta":[],"product_cat":[100,9991435,999,120],"product_tag":[],"_links":{"self":[{"href":"https:\/\/www.keramika.com\/srbija\/wp-json\/wp\/v2\/product\/93159"}],"collection":[{"href":"https:\/\/www.keramika.com\/srbija\/wp-json\/wp\/v2\/product"}],"about":[{"href":"https:\/\/www.keramika.com\/srbija\/wp-json\/wp\/v2\/types\/product"}],"wp:featuredmedia":[{"embeddable":true,"href":"https:\/\/www.keramika.com\/srbija\/wp-json\/wp\/v2\/media\/93160"}],"wp:attachment":[{"href":"https:\/\/www.keramika.com\/srbija\/wp-json\/wp\/v2\/media?parent=93159"}],"wp:term":[{"taxonomy":"product_cat","embeddable":true,"href":"https:\/\/www.keramika.com\/srbija\/wp-json\/wp\/v2\/product_cat?post=93159"},{"taxonomy":"product_tag","embeddable":true,"href":"https:\/\/www.keramika.com\/srbija\/wp-json\/wp\/v2\/product_tag?post=93159"}],"curies":[{"name":"wp","href":"https:\/\/api.w.org\/{rel}","templated":true}]}}