{"id":93155,"date":"2017-07-02T03:57:35","date_gmt":"2017-07-02T03:57:35","guid":{"rendered":"http:\/\/www.ceramictiles.com\/srbija\/product\/natucer-klinker-cotto-stone-oct-tramonto\/"},"modified":"2026-01-03T00:00:47","modified_gmt":"2026-01-03T00:00:47","slug":"natucer-klinker-cotto-stone-oct-tramonto","status":"publish","type":"product","link":"https:\/\/www.keramika.com\/srbija\/natucer-klinker-cotto-stone-oct-tramonto\/","title":{"rendered":"Natucer klinker Cotto Stone Oct. Tramonto"},"content":{"rendered":"<p>\u0160irina i du\u017eina plo\u010dice su 36&#215;36 cm. U izboru plo\u010dica crvene boje, ne mo\u017eete pogre\u0161iti. Natucer klinker Cotto Stone Oct. Tramonto je proizvod iz \u0160panije te je izuzetno kvalitetna. U maloprodaji bi morali za tu plo\u010dicu platiti 5260,1 RSD, online cena je samo 4207,85 RSD. Ova plo\u010dica je debela 9 mm i zato je izuzetno izdr\u017eljiva.<\/p>\n<p>Kliknite na ime serije za sve plo\u010dice u toj seriji: <a class=\"pdfcatal\" href=\"\/\/www.ceramictiles.com\/pdf\/natucer\/catalogue_natucer_cotto_stone.pdf\" onclick=\"recordOutboundLink(this, 'E-mail', 'Description PDF');return false;\">Natucer Ceramica Cotto Stone<\/a><\/p>\n<p>Da bi naru\u010dili model iz PDF kataloga ove serije, molimo vas, da nas kontaktirate na: <a href=\"mailto:zo_mi@ceramictiles.com\" onclick=\"recordOutboundLink(this, 'E-mail', 'Description mail');return false;\">zo_mi@ceramictiles.com<\/a> ili nas pozovite na: For exact offer, PLS send us quantity and product you need with delivery address..<\/p>\n<p>Technical description: <br \/> F 36&#215;36 ; 36&#215;60 <br \/>Cotto Stone Incenso ; Cotto Stone Creme ; Cotto Stone Tramonto ; Cotto Stone Capuccino ; Cotto Stone Avana ; Cotto Stone Coloniale ; Cotto Stone Lune ; Cotto Stone Mine ; Cotto Stone Ombra ;<\/p>\n","protected":false},"excerpt":{"rendered":"<p>\u0160irina i du\u017eina plo\u010dice su 36&#215;36 cm. U izboru plo\u010dica crvene boje, ne mo\u017eete pogre\u0161iti. Natucer klinker Cotto Stone Oct. Tramonto je proizvod iz \u0160panije te je izuzetno kvalitetna. U maloprodaji bi morali za tu plo\u010dicu platiti 5260,1 RSD, online cena je samo 4207,85 RSD. Ova plo\u010dica je debela 9 mm i zato je izuzetno [&hellip;]<\/p>\n","protected":false},"featured_media":93156,"template":"","meta":[],"product_cat":[150,100,9991435,999,110,120],"product_tag":[99950094],"_links":{"self":[{"href":"https:\/\/www.keramika.com\/srbija\/wp-json\/wp\/v2\/product\/93155"}],"collection":[{"href":"https:\/\/www.keramika.com\/srbija\/wp-json\/wp\/v2\/product"}],"about":[{"href":"https:\/\/www.keramika.com\/srbija\/wp-json\/wp\/v2\/types\/product"}],"wp:featuredmedia":[{"embeddable":true,"href":"https:\/\/www.keramika.com\/srbija\/wp-json\/wp\/v2\/media\/93156"}],"wp:attachment":[{"href":"https:\/\/www.keramika.com\/srbija\/wp-json\/wp\/v2\/media?parent=93155"}],"wp:term":[{"taxonomy":"product_cat","embeddable":true,"href":"https:\/\/www.keramika.com\/srbija\/wp-json\/wp\/v2\/product_cat?post=93155"},{"taxonomy":"product_tag","embeddable":true,"href":"https:\/\/www.keramika.com\/srbija\/wp-json\/wp\/v2\/product_tag?post=93155"}],"curies":[{"name":"wp","href":"https:\/\/api.w.org\/{rel}","templated":true}]}}