{"id":93151,"date":"2017-07-02T03:57:00","date_gmt":"2017-07-02T03:57:00","guid":{"rendered":"http:\/\/www.ceramictiles.com\/srbija\/product\/natucer-klinker-cotswold-teal\/"},"modified":"2026-01-03T00:00:46","modified_gmt":"2026-01-03T00:00:46","slug":"natucer-klinker-cotswold-teal","status":"publish","type":"product","link":"https:\/\/www.keramika.com\/srbija\/natucer-klinker-cotswold-teal\/","title":{"rendered":"Natucer klinker Cotswold Teal"},"content":{"rendered":"<p>Redovna cena, ovih plo\u010dica u maloprodaji je 7297,9 RSD. U na\u0161oj online trgovini, je mo\u017eete kupiti za 5838,55 RSD. Plo\u010dice dolaze iz \u0160panije, koja je poznata po kvalitetnoj keramiki. Debljina 9 mm \u010dini plo\u010dicu vrlo izdr\u017eljivom i prijatnom na dodir. Plo\u010dica na sliki je 7,5&#215;30 cm. Ta kolekcija, model plo\u010dice, se prodaje najvi\u0161e plave boje.<\/p>\n<p>Kliknite na ime serije za sve plo\u010dice u toj seriji: <a class=\"pdfcatal\" href=\"\/\/www.ceramictiles.com\/pdf\/natucer\/catalogue_natucer_cotswold.pdf\" onclick=\"recordOutboundLink(this, 'E-mail', 'Description PDF');return false;\">Natucer Ceramica Cotswold<\/a><\/p>\n<p>Da bi naru\u010dili model iz PDF kataloga ove serije, molimo vas, da nas kontaktirate na: <a href=\"mailto:zo_mi@ceramictiles.com\" onclick=\"recordOutboundLink(this, 'E-mail', 'Description mail');return false;\">zo_mi@ceramictiles.com<\/a> ili nas pozovite na: For exact offer, PLS send us quantity and product you need with delivery address..<\/p>\n<p>Technical description: <br \/> W 7,5&#215;30 ; 7,5&#215;15 <br \/>Cotswold Bianco ; Cotswold Bone ; Cotswold Late ; Cotswold Capuchino ; Cotswold Sage ; Cotswold Acqua ; Cotswold Teal ; Cotswold Grey ; Cotswold Grafito ; Cotswold Nero ;<\/p>\n","protected":false},"excerpt":{"rendered":"<p>Redovna cena, ovih plo\u010dica u maloprodaji je 7297,9 RSD. U na\u0161oj online trgovini, je mo\u017eete kupiti za 5838,55 RSD. Plo\u010dice dolaze iz \u0160panije, koja je poznata po kvalitetnoj keramiki. Debljina 9 mm \u010dini plo\u010dicu vrlo izdr\u017eljivom i prijatnom na dodir. Plo\u010dica na sliki je 7,5&#215;30 cm. Ta kolekcija, model plo\u010dice, se prodaje najvi\u0161e plave boje. [&hellip;]<\/p>\n","protected":false},"featured_media":93152,"template":"","meta":[],"product_cat":[100,9991435,999,120],"product_tag":[],"_links":{"self":[{"href":"https:\/\/www.keramika.com\/srbija\/wp-json\/wp\/v2\/product\/93151"}],"collection":[{"href":"https:\/\/www.keramika.com\/srbija\/wp-json\/wp\/v2\/product"}],"about":[{"href":"https:\/\/www.keramika.com\/srbija\/wp-json\/wp\/v2\/types\/product"}],"wp:featuredmedia":[{"embeddable":true,"href":"https:\/\/www.keramika.com\/srbija\/wp-json\/wp\/v2\/media\/93152"}],"wp:attachment":[{"href":"https:\/\/www.keramika.com\/srbija\/wp-json\/wp\/v2\/media?parent=93151"}],"wp:term":[{"taxonomy":"product_cat","embeddable":true,"href":"https:\/\/www.keramika.com\/srbija\/wp-json\/wp\/v2\/product_cat?post=93151"},{"taxonomy":"product_tag","embeddable":true,"href":"https:\/\/www.keramika.com\/srbija\/wp-json\/wp\/v2\/product_tag?post=93151"}],"curies":[{"name":"wp","href":"https:\/\/api.w.org\/{rel}","templated":true}]}}