{"id":93149,"date":"2017-07-02T03:56:41","date_gmt":"2017-07-02T03:56:41","guid":{"rendered":"http:\/\/www.ceramictiles.com\/srbija\/product\/natucer-klinker-concret-oslo-hexagono\/"},"modified":"2026-01-03T00:00:46","modified_gmt":"2026-01-03T00:00:46","slug":"natucer-klinker-concret-oslo-hexagono","status":"publish","type":"product","link":"https:\/\/www.keramika.com\/srbija\/natucer-klinker-concret-oslo-hexagono\/","title":{"rendered":"Natucer klinker Concret Oslo Hexagono"},"content":{"rendered":"<p>Umesto 9099,95 RSD \u0161to je redovna maloprodajna cena keramike, u na\u0161oj online prodavnici, je mo\u017eete dobiti za samo 7280,65 RSD. Ta kolekcija, model plo\u010dice, se prodaje najvi\u0161e crne boje. Veli\u010dina 22,5&#215;26 cm je odli\u010dna za sve podloge. Natucer klinker Concret Oslo Hexagono je proizvod iz \u0160panije te je izuzetno kvalitetna. Debljina 9 mm \u010dini plo\u010dicu vrlo izdr\u017eljivom i prijatnom na dodir.<\/p>\n<p>Kliknite na ime serije za sve plo\u010dice u toj seriji: <a class=\"pdfcatal\" href=\"\/\/www.ceramictiles.com\/pdf\/natucer\/catalogue_natucer_concret.pdf\" onclick=\"recordOutboundLink(this, 'E-mail', 'Description PDF');return false;\">Natucer Ceramica Concret<\/a><\/p>\n<p>Da bi naru\u010dili model iz PDF kataloga ove serije, molimo vas, da nas kontaktirate na: <a href=\"mailto:zo_mi@ceramictiles.com\" onclick=\"recordOutboundLink(this, 'E-mail', 'Description mail');return false;\">zo_mi@ceramictiles.com<\/a> ili nas pozovite na: For exact offer, PLS send us quantity and product you need with delivery address..<\/p>\n<p>Technical description: <br \/> W &#038; F 9&#215;36 ; 18&#215;18 ; 36&#215;36 ; 22,5&#215;26 <br \/>Concret Londres ; Concret Riga Londres ; Concret Helsinki ; Concret Bak\u00fa Helsinki ; Concret Roma ; Concret Riga Roma ; Concret Paris ; Concret Bak\u00fa Paris ; Concret Oslo ; Concret Riga Oslo ;<\/p>\n","protected":false},"excerpt":{"rendered":"<p>Umesto 9099,95 RSD \u0161to je redovna maloprodajna cena keramike, u na\u0161oj online prodavnici, je mo\u017eete dobiti za samo 7280,65 RSD. Ta kolekcija, model plo\u010dice, se prodaje najvi\u0161e crne boje. Veli\u010dina 22,5&#215;26 cm je odli\u010dna za sve podloge. Natucer klinker Concret Oslo Hexagono je proizvod iz \u0160panije te je izuzetno kvalitetna. Debljina 9 mm \u010dini plo\u010dicu [&hellip;]<\/p>\n","protected":false},"featured_media":93150,"template":"","meta":[],"product_cat":[100,9991435,999,120],"product_tag":[99950089],"_links":{"self":[{"href":"https:\/\/www.keramika.com\/srbija\/wp-json\/wp\/v2\/product\/93149"}],"collection":[{"href":"https:\/\/www.keramika.com\/srbija\/wp-json\/wp\/v2\/product"}],"about":[{"href":"https:\/\/www.keramika.com\/srbija\/wp-json\/wp\/v2\/types\/product"}],"wp:featuredmedia":[{"embeddable":true,"href":"https:\/\/www.keramika.com\/srbija\/wp-json\/wp\/v2\/media\/93150"}],"wp:attachment":[{"href":"https:\/\/www.keramika.com\/srbija\/wp-json\/wp\/v2\/media?parent=93149"}],"wp:term":[{"taxonomy":"product_cat","embeddable":true,"href":"https:\/\/www.keramika.com\/srbija\/wp-json\/wp\/v2\/product_cat?post=93149"},{"taxonomy":"product_tag","embeddable":true,"href":"https:\/\/www.keramika.com\/srbija\/wp-json\/wp\/v2\/product_tag?post=93149"}],"curies":[{"name":"wp","href":"https:\/\/api.w.org\/{rel}","templated":true}]}}