{"id":93145,"date":"2017-07-02T03:55:45","date_gmt":"2017-07-02T03:55:45","guid":{"rendered":"http:\/\/www.ceramictiles.com\/srbija\/product\/natucer-klinker-colisseum-rubens\/"},"modified":"2026-01-03T00:00:46","modified_gmt":"2026-01-03T00:00:46","slug":"natucer-klinker-colisseum-rubens","status":"publish","type":"product","link":"https:\/\/www.keramika.com\/srbija\/natucer-klinker-colisseum-rubens\/","title":{"rendered":"Natucer klinker Colisseum Rubens"},"content":{"rendered":"<p>9 mm debljine je dovoljno za zahtevnije kupce. U izboru plo\u010dica crvene boje, ne mo\u017eete pogre\u0161iti. Veli\u010dina ove plo\u010dice je 15&#215;25 cm. Natucer klinker Colisseum Rubens je proizvod iz \u0160panije te je izuzetno kvalitetna. Natucer klinker Colisseum Rubens je dostupna po vrlo povoljnim cenama 6697,6 RSD.<\/p>\n<p>Kliknite na ime serije za sve plo\u010dice u toj seriji: <a class=\"pdfcatal\" href=\"\/\/www.ceramictiles.com\/pdf\/natucer\/catalogue_natucer_colisseum.pdf\" onclick=\"recordOutboundLink(this, 'E-mail', 'Description PDF');return false;\">Natucer Ceramica Colisseum<\/a><\/p>\n<p>Da bi naru\u010dili model iz PDF kataloga ove serije, molimo vas, da nas kontaktirate na: <a href=\"mailto:zo_mi@ceramictiles.com\" onclick=\"recordOutboundLink(this, 'E-mail', 'Description mail');return false;\">zo_mi@ceramictiles.com<\/a> ili nas pozovite na: For exact offer, PLS send us quantity and product you need with delivery address..<\/p>\n<p>Technical description: <br \/> W 15&#215;25 <br \/>Colisseum Lucis ; Colisseum Albus ; Colisseum Solis ; Colisseum Humus ; Colisseum Viridis ; Colisseum Mare ; Colisseum Fragum ; Colisseum Rubens ;<\/p>\n","protected":false},"excerpt":{"rendered":"<p>9 mm debljine je dovoljno za zahtevnije kupce. U izboru plo\u010dica crvene boje, ne mo\u017eete pogre\u0161iti. Veli\u010dina ove plo\u010dice je 15&#215;25 cm. Natucer klinker Colisseum Rubens je proizvod iz \u0160panije te je izuzetno kvalitetna. Natucer klinker Colisseum Rubens je dostupna po vrlo povoljnim cenama 6697,6 RSD. Kliknite na ime serije za sve plo\u010dice u toj [&hellip;]<\/p>\n","protected":false},"featured_media":93146,"template":"","meta":[],"product_cat":[100,9991435,999,120],"product_tag":[],"_links":{"self":[{"href":"https:\/\/www.keramika.com\/srbija\/wp-json\/wp\/v2\/product\/93145"}],"collection":[{"href":"https:\/\/www.keramika.com\/srbija\/wp-json\/wp\/v2\/product"}],"about":[{"href":"https:\/\/www.keramika.com\/srbija\/wp-json\/wp\/v2\/types\/product"}],"wp:featuredmedia":[{"embeddable":true,"href":"https:\/\/www.keramika.com\/srbija\/wp-json\/wp\/v2\/media\/93146"}],"wp:attachment":[{"href":"https:\/\/www.keramika.com\/srbija\/wp-json\/wp\/v2\/media?parent=93145"}],"wp:term":[{"taxonomy":"product_cat","embeddable":true,"href":"https:\/\/www.keramika.com\/srbija\/wp-json\/wp\/v2\/product_cat?post=93145"},{"taxonomy":"product_tag","embeddable":true,"href":"https:\/\/www.keramika.com\/srbija\/wp-json\/wp\/v2\/product_tag?post=93145"}],"curies":[{"name":"wp","href":"https:\/\/api.w.org\/{rel}","templated":true}]}}