{"id":93137,"date":"2017-07-02T03:54:23","date_gmt":"2017-07-02T03:54:23","guid":{"rendered":"http:\/\/www.ceramictiles.com\/srbija\/product\/natucer-klinker-caprice-bianco-octogono\/"},"modified":"2026-01-03T00:00:45","modified_gmt":"2026-01-03T00:00:45","slug":"natucer-klinker-caprice-bianco-octogono","status":"publish","type":"product","link":"https:\/\/www.keramika.com\/srbija\/natucer-klinker-caprice-bianco-octogono\/","title":{"rendered":"Natucer klinker Caprice Bianco Octogono"},"content":{"rendered":"<p>9 mm debljina \u0107e zadovoljiti i najzahtevnije kupce. Plo\u010dice dolaze iz \u0160panije, koja je poznata po kvalitetnoj keramiki. Keramika je prekrasne bele boje. U koliko \u017eelite neku drugu boju, pozovite nas i mi \u0107emo proveriti kod proizvo\u0111a\u010da. Veli\u010dina ove plo\u010dice je 17&#215;17 cm. Online cena je samo 285,2 RSD, dok redovna, maloprodajna cena 356,5 RSD.<\/p>\n<p>Kliknite na ime serije za sve plo\u010dice u toj seriji: <a class=\"pdfcatal\" href=\"\/\/www.ceramictiles.com\/pdf\/natucer\/catalogue_natucer_caprice_pav.pdf\" onclick=\"recordOutboundLink(this, 'E-mail', 'Description PDF');return false;\">Natucer Ceramica Caprice Pav<\/a><\/p>\n<p>Da bi naru\u010dili model iz PDF kataloga ove serije, molimo vas, da nas kontaktirate na: <a href=\"mailto:zo_mi@ceramictiles.com\" onclick=\"recordOutboundLink(this, 'E-mail', 'Description mail');return false;\">zo_mi@ceramictiles.com<\/a> ili nas pozovite na: For exact offer, PLS send us quantity and product you need with delivery address..<\/p>\n<p>Technical description: <br \/> F 17&#215;17 ; 16,7&#215;16,7 ; 12,2&#215;12,2 <br \/>Caprice Bianco ; Caprice Notte ;<\/p>\n","protected":false},"excerpt":{"rendered":"<p>9 mm debljina \u0107e zadovoljiti i najzahtevnije kupce. Plo\u010dice dolaze iz \u0160panije, koja je poznata po kvalitetnoj keramiki. Keramika je prekrasne bele boje. U koliko \u017eelite neku drugu boju, pozovite nas i mi \u0107emo proveriti kod proizvo\u0111a\u010da. Veli\u010dina ove plo\u010dice je 17&#215;17 cm. Online cena je samo 285,2 RSD, dok redovna, maloprodajna cena 356,5 RSD. [&hellip;]<\/p>\n","protected":false},"featured_media":93138,"template":"","meta":[],"product_cat":[100,9991435,999,120],"product_tag":[99950094],"_links":{"self":[{"href":"https:\/\/www.keramika.com\/srbija\/wp-json\/wp\/v2\/product\/93137"}],"collection":[{"href":"https:\/\/www.keramika.com\/srbija\/wp-json\/wp\/v2\/product"}],"about":[{"href":"https:\/\/www.keramika.com\/srbija\/wp-json\/wp\/v2\/types\/product"}],"wp:featuredmedia":[{"embeddable":true,"href":"https:\/\/www.keramika.com\/srbija\/wp-json\/wp\/v2\/media\/93138"}],"wp:attachment":[{"href":"https:\/\/www.keramika.com\/srbija\/wp-json\/wp\/v2\/media?parent=93137"}],"wp:term":[{"taxonomy":"product_cat","embeddable":true,"href":"https:\/\/www.keramika.com\/srbija\/wp-json\/wp\/v2\/product_cat?post=93137"},{"taxonomy":"product_tag","embeddable":true,"href":"https:\/\/www.keramika.com\/srbija\/wp-json\/wp\/v2\/product_tag?post=93137"}],"curies":[{"name":"wp","href":"https:\/\/api.w.org\/{rel}","templated":true}]}}