{"id":93133,"date":"2017-07-02T03:53:47","date_gmt":"2017-07-02T03:53:47","guid":{"rendered":"http:\/\/www.ceramictiles.com\/srbija\/product\/natucer-klinker-anella-a-or\/"},"modified":"2026-01-03T00:00:45","modified_gmt":"2026-01-03T00:00:45","slug":"natucer-klinker-anella-a-or","status":"publish","type":"product","link":"https:\/\/www.keramika.com\/srbija\/natucer-klinker-anella-a-or\/","title":{"rendered":"Natucer klinker Anella A Or"},"content":{"rendered":"<p>Natucer klinker Anella A Or je dostupna po vrlo povoljnim cenama 1293,75 RSD. Dimenzije ovih plo\u010dica su 15&#215;50 cm. Plo\u010dice zlate boje osvje\u017eit \u0107e svaki prostor. Proizvodnja \u0160panije ,koja je poznata u svetu, kao jedana od najboljih proizvo\u0111a\u010da kerami\u010dkih plo\u010dica. 9 mm debljine je dovoljno za zahtevnije kupce.<\/p>\n<p>Kliknite na ime serije za sve plo\u010dice u toj seriji: <a class=\"pdfcatal\" href=\"\/\/www.ceramictiles.com\/pdf\/natucer\/catalogue_natucer_anella.pdf\" onclick=\"recordOutboundLink(this, 'E-mail', 'Description PDF');return false;\">Natucer Ceramica Anella<\/a><\/p>\n<p>Da bi naru\u010dili model iz PDF kataloga ove serije, molimo vas, da nas kontaktirate na: <a href=\"mailto:zo_mi@ceramictiles.com\" onclick=\"recordOutboundLink(this, 'E-mail', 'Description mail');return false;\">zo_mi@ceramictiles.com<\/a> ili nas pozovite na: For exact offer, PLS send us quantity and product you need with delivery address..<\/p>\n<p>Technical description: <br \/> W 15&#215;50 <br \/>Anella Os ; Anella Platejat ; Anella Trencat ; Anella Or ;<\/p>\n","protected":false},"excerpt":{"rendered":"<p>Natucer klinker Anella A Or je dostupna po vrlo povoljnim cenama 1293,75 RSD. Dimenzije ovih plo\u010dica su 15&#215;50 cm. Plo\u010dice zlate boje osvje\u017eit \u0107e svaki prostor. Proizvodnja \u0160panije ,koja je poznata u svetu, kao jedana od najboljih proizvo\u0111a\u010da kerami\u010dkih plo\u010dica. 9 mm debljine je dovoljno za zahtevnije kupce. Kliknite na ime serije za sve plo\u010dice [&hellip;]<\/p>\n","protected":false},"featured_media":93134,"template":"","meta":[],"product_cat":[100,9991435,999,120],"product_tag":[],"_links":{"self":[{"href":"https:\/\/www.keramika.com\/srbija\/wp-json\/wp\/v2\/product\/93133"}],"collection":[{"href":"https:\/\/www.keramika.com\/srbija\/wp-json\/wp\/v2\/product"}],"about":[{"href":"https:\/\/www.keramika.com\/srbija\/wp-json\/wp\/v2\/types\/product"}],"wp:featuredmedia":[{"embeddable":true,"href":"https:\/\/www.keramika.com\/srbija\/wp-json\/wp\/v2\/media\/93134"}],"wp:attachment":[{"href":"https:\/\/www.keramika.com\/srbija\/wp-json\/wp\/v2\/media?parent=93133"}],"wp:term":[{"taxonomy":"product_cat","embeddable":true,"href":"https:\/\/www.keramika.com\/srbija\/wp-json\/wp\/v2\/product_cat?post=93133"},{"taxonomy":"product_tag","embeddable":true,"href":"https:\/\/www.keramika.com\/srbija\/wp-json\/wp\/v2\/product_tag?post=93133"}],"curies":[{"name":"wp","href":"https:\/\/api.w.org\/{rel}","templated":true}]}}