{"id":93131,"date":"2017-07-02T03:53:28","date_gmt":"2017-07-02T03:53:28","guid":{"rendered":"http:\/\/www.ceramictiles.com\/srbija\/product\/kuhinjske-plocice-arcana-sole-emilia-noce\/"},"modified":"2026-01-03T00:00:44","modified_gmt":"2026-01-03T00:00:44","slug":"kuhinjske-plocice-arcana-sole-emilia-noce","status":"publish","type":"product","link":"https:\/\/www.keramika.com\/srbija\/kuhinjske-plocice-arcana-sole-emilia-noce\/","title":{"rendered":"Kuhinjske plo\u010dice Arcana Sole Emilia Noce"},"content":{"rendered":"<p>Ova plo\u010dica je debela 9 mm i zato je izuzetno izdr\u017eljiva. Arcana Sole Emilia Noce je proizvod iz \u0160panije te je izuzetno kvalitetna. Redovna cena, ovih plo\u010dica u maloprodaji je 6878,15 RSD. U na\u0161oj online trgovini, je mo\u017eete kupiti za 5502,75 RSD. Izuzetno moderne plo\u010dice braon boje, osve\u017eit \u0107e svaki prostor. \u0160irina i du\u017eina plo\u010dice su 45&#215;90 cm.<\/p>\n<p>Kliknite na ime serije za sve plo\u010dice u toj seriji: <a class=\"pdfcatal\" href=\"\/\/www.ceramictiles.com\/pdf\/arcana\/catalogue_arcana_via_emilia.pdf\" onclick=\"recordOutboundLink(this, 'E-mail', 'Description PDF');return false;\">Arcana tiles Via Emilia<\/a><\/p>\n<p>Da bi naru\u010dili model iz PDF kataloga ove serije, molimo vas, da nas kontaktirate na: <a href=\"mailto:zo_mi@ceramictiles.com\" onclick=\"recordOutboundLink(this, 'E-mail', 'Description mail');return false;\">zo_mi@ceramictiles.com<\/a> ili nas pozovite na: For exact offer, PLS send us quantity and product you need with delivery address..<\/p>\n<p>Technical description: <br \/> W &#038; F 45&#215;90 <br \/>Sole Emilia Ivory ; Via Emilia Ivory ; Sole Emilia Noce ; Via Emilia Noce ; Sole Emilia Grigio ; Via Emilia Grigio ;<\/p>\n","protected":false},"excerpt":{"rendered":"<p>Ova plo\u010dica je debela 9 mm i zato je izuzetno izdr\u017eljiva. Arcana Sole Emilia Noce je proizvod iz \u0160panije te je izuzetno kvalitetna. Redovna cena, ovih plo\u010dica u maloprodaji je 6878,15 RSD. U na\u0161oj online trgovini, je mo\u017eete kupiti za 5502,75 RSD. Izuzetno moderne plo\u010dice braon boje, osve\u017eit \u0107e svaki prostor. \u0160irina i du\u017eina plo\u010dice [&hellip;]<\/p>\n","protected":false},"featured_media":93132,"template":"","meta":[],"product_cat":[99921439,200,230,240,999],"product_tag":[],"_links":{"self":[{"href":"https:\/\/www.keramika.com\/srbija\/wp-json\/wp\/v2\/product\/93131"}],"collection":[{"href":"https:\/\/www.keramika.com\/srbija\/wp-json\/wp\/v2\/product"}],"about":[{"href":"https:\/\/www.keramika.com\/srbija\/wp-json\/wp\/v2\/types\/product"}],"wp:featuredmedia":[{"embeddable":true,"href":"https:\/\/www.keramika.com\/srbija\/wp-json\/wp\/v2\/media\/93132"}],"wp:attachment":[{"href":"https:\/\/www.keramika.com\/srbija\/wp-json\/wp\/v2\/media?parent=93131"}],"wp:term":[{"taxonomy":"product_cat","embeddable":true,"href":"https:\/\/www.keramika.com\/srbija\/wp-json\/wp\/v2\/product_cat?post=93131"},{"taxonomy":"product_tag","embeddable":true,"href":"https:\/\/www.keramika.com\/srbija\/wp-json\/wp\/v2\/product_tag?post=93131"}],"curies":[{"name":"wp","href":"https:\/\/api.w.org\/{rel}","templated":true}]}}