{"id":93127,"date":"2017-07-02T03:52:54","date_gmt":"2017-07-02T03:52:54","guid":{"rendered":"http:\/\/www.ceramictiles.com\/srbija\/product\/zidne-plocice-arcana-urbanity-gris\/"},"modified":"2026-01-03T00:00:44","modified_gmt":"2026-01-03T00:00:44","slug":"zidne-plocice-arcana-urbanity-gris","status":"publish","type":"product","link":"https:\/\/www.keramika.com\/srbija\/zidne-plocice-arcana-urbanity-gris\/","title":{"rendered":"Zidne plo\u010dice Arcana Urbanity Gris"},"content":{"rendered":"<p>Arcana Urbanity Gris dolazi iz \u0160panije, koja je poznata po vrlo visokoj kvaliteta keramike u svetu. Izuzetno moderne plo\u010dice sive boje, osve\u017eit \u0107e svaki prostor. Veli\u010dina 25&#215;75 cm je odli\u010dna za sve podloge. Online cena je samo 4857,6 RSD, dok redovna, maloprodajna cena 6072 RSD. Debljina 9 mm \u010dini plo\u010dicu vrlo izdr\u017eljivom i prijatnom na dodir.<\/p>\n<p>Kliknite na ime serije za sve plo\u010dice u toj seriji: <a class=\"pdfcatal\" href=\"\/\/www.ceramictiles.com\/pdf\/arcana\/catalogue_arcana_urbanity.pdf\" onclick=\"recordOutboundLink(this, 'E-mail', 'Description PDF');return false;\">Arcana tiles Urbanity<\/a><\/p>\n<p>Da bi naru\u010dili model iz PDF kataloga ove serije, molimo vas, da nas kontaktirate na: <a href=\"mailto:zo_mi@ceramictiles.com\" onclick=\"recordOutboundLink(this, 'E-mail', 'Description mail');return false;\">zo_mi@ceramictiles.com<\/a> ili nas pozovite na: For exact offer, PLS send us quantity and product you need with delivery address..<\/p>\n<p>Technical description: <br \/> W 25&#215;75 <br \/>Urbanity Beige ; Urbanity Siena ; Urbanity Gris ; Urbanity Plomo ;<\/p>\n","protected":false},"excerpt":{"rendered":"<p>Arcana Urbanity Gris dolazi iz \u0160panije, koja je poznata po vrlo visokoj kvaliteta keramike u svetu. Izuzetno moderne plo\u010dice sive boje, osve\u017eit \u0107e svaki prostor. Veli\u010dina 25&#215;75 cm je odli\u010dna za sve podloge. Online cena je samo 4857,6 RSD, dok redovna, maloprodajna cena 6072 RSD. Debljina 9 mm \u010dini plo\u010dicu vrlo izdr\u017eljivom i prijatnom na [&hellip;]<\/p>\n","protected":false},"featured_media":93128,"template":"","meta":[],"product_cat":[99921439,200,220,999,250],"product_tag":[],"_links":{"self":[{"href":"https:\/\/www.keramika.com\/srbija\/wp-json\/wp\/v2\/product\/93127"}],"collection":[{"href":"https:\/\/www.keramika.com\/srbija\/wp-json\/wp\/v2\/product"}],"about":[{"href":"https:\/\/www.keramika.com\/srbija\/wp-json\/wp\/v2\/types\/product"}],"wp:featuredmedia":[{"embeddable":true,"href":"https:\/\/www.keramika.com\/srbija\/wp-json\/wp\/v2\/media\/93128"}],"wp:attachment":[{"href":"https:\/\/www.keramika.com\/srbija\/wp-json\/wp\/v2\/media?parent=93127"}],"wp:term":[{"taxonomy":"product_cat","embeddable":true,"href":"https:\/\/www.keramika.com\/srbija\/wp-json\/wp\/v2\/product_cat?post=93127"},{"taxonomy":"product_tag","embeddable":true,"href":"https:\/\/www.keramika.com\/srbija\/wp-json\/wp\/v2\/product_tag?post=93127"}],"curies":[{"name":"wp","href":"https:\/\/api.w.org\/{rel}","templated":true}]}}