{"id":93125,"date":"2017-07-02T03:52:41","date_gmt":"2017-07-02T03:52:41","guid":{"rendered":"http:\/\/www.ceramictiles.com\/srbija\/product\/zidne-plocice-arcana-universal-negro-mate\/"},"modified":"2026-01-03T00:00:44","modified_gmt":"2026-01-03T00:00:44","slug":"zidne-plocice-arcana-universal-negro-mate","status":"publish","type":"product","link":"https:\/\/www.keramika.com\/srbija\/zidne-plocice-arcana-universal-negro-mate\/","title":{"rendered":"Zidne plo\u010dice Arcana Universal Negro Mate"},"content":{"rendered":"<p>Ova plo\u010dica je debela 9 mm i zato je izuzetno izdr\u017eljiva. Arcana Universal Negro Mate dolazi iz \u0160panije, koja je poznata po vrlo visokoj kvaliteta keramike u svetu. Plo\u010dica 20&#215;50 cm je dobra za ve\u0107 razli\u010ditih namena. Redovna cena, ovih plo\u010dica u maloprodaji je 3827,2 RSD. U na\u0161oj online trgovini, je mo\u017eete kupiti za 3061,3 RSD. Ove crne kerami\u010dke plo\u010dice, obogatit \u0107e svaki prostor.<\/p>\n<p>Kliknite na ime serije za sve plo\u010dice u toj seriji: <a class=\"pdfcatal\" href=\"\/\/www.ceramictiles.com\/pdf\/arcana\/catalogue_arcana_universal.pdf\" onclick=\"recordOutboundLink(this, 'E-mail', 'Description PDF');return false;\">Arcana tiles Universal<\/a><\/p>\n<p>Da bi naru\u010dili model iz PDF kataloga ove serije, molimo vas, da nas kontaktirate na: <a href=\"mailto:zo_mi@ceramictiles.com\" onclick=\"recordOutboundLink(this, 'E-mail', 'Description mail');return false;\">zo_mi@ceramictiles.com<\/a> ili nas pozovite na: For exact offer, PLS send us quantity and product you need with delivery address..<\/p>\n<p>Technical description: <br \/> W 20&#215;50 <br \/>Universal Blanco Mate ; Universal Negro Mate ; Universal Marfil Mate ; Universal Salmon Mate ;<\/p>\n","protected":false},"excerpt":{"rendered":"<p>Ova plo\u010dica je debela 9 mm i zato je izuzetno izdr\u017eljiva. Arcana Universal Negro Mate dolazi iz \u0160panije, koja je poznata po vrlo visokoj kvaliteta keramike u svetu. Plo\u010dica 20&#215;50 cm je dobra za ve\u0107 razli\u010ditih namena. Redovna cena, ovih plo\u010dica u maloprodaji je 3827,2 RSD. U na\u0161oj online trgovini, je mo\u017eete kupiti za 3061,3 [&hellip;]<\/p>\n","protected":false},"featured_media":93126,"template":"","meta":[],"product_cat":[99921439,200,220,999,250],"product_tag":[],"_links":{"self":[{"href":"https:\/\/www.keramika.com\/srbija\/wp-json\/wp\/v2\/product\/93125"}],"collection":[{"href":"https:\/\/www.keramika.com\/srbija\/wp-json\/wp\/v2\/product"}],"about":[{"href":"https:\/\/www.keramika.com\/srbija\/wp-json\/wp\/v2\/types\/product"}],"wp:featuredmedia":[{"embeddable":true,"href":"https:\/\/www.keramika.com\/srbija\/wp-json\/wp\/v2\/media\/93126"}],"wp:attachment":[{"href":"https:\/\/www.keramika.com\/srbija\/wp-json\/wp\/v2\/media?parent=93125"}],"wp:term":[{"taxonomy":"product_cat","embeddable":true,"href":"https:\/\/www.keramika.com\/srbija\/wp-json\/wp\/v2\/product_cat?post=93125"},{"taxonomy":"product_tag","embeddable":true,"href":"https:\/\/www.keramika.com\/srbija\/wp-json\/wp\/v2\/product_tag?post=93125"}],"curies":[{"name":"wp","href":"https:\/\/api.w.org\/{rel}","templated":true}]}}