{"id":93123,"date":"2017-07-02T03:52:23","date_gmt":"2017-07-02T03:52:23","guid":{"rendered":"http:\/\/www.ceramictiles.com\/srbija\/product\/plocice-imitacija-drveta-arcana-treewood-ceniza\/"},"modified":"2026-01-03T00:00:43","modified_gmt":"2026-01-03T00:00:43","slug":"plocice-imitacija-drveta-arcana-treewood-ceniza","status":"publish","type":"product","link":"https:\/\/www.keramika.com\/srbija\/plocice-imitacija-drveta-arcana-treewood-ceniza\/","title":{"rendered":"Plo\u010dice imitacija drveta Arcana Treewood Ceniza"},"content":{"rendered":"<p>\u0160irina i du\u017eina plo\u010dice su 21,8&#215;89,3 cm. Ta kolekcija, model plo\u010dice, se prodaje najvi\u0161e sive boje. Plo\u010dica je debela 9 mm, \u0161to je ubraja u tvrde plo\u010dice. Online cena je samo 7286,4 RSD, dok redovna, maloprodajna cena 9108 RSD. Ove plo\u010dice dolaze od proizvo\u0111a\u010da Arcana tiles, iz \u0160panije.<\/p>\n<p>Kliknite na ime serije za sve plo\u010dice u toj seriji: <a class=\"pdfcatal\" href=\"\/\/www.ceramictiles.com\/pdf\/arcana\/catalogue_arcana_treewood.pdf\" onclick=\"recordOutboundLink(this, 'E-mail', 'Description PDF');return false;\">Arcana tiles Treewood<\/a><\/p>\n<p>Da bi naru\u010dili model iz PDF kataloga ove serije, molimo vas, da nas kontaktirate na: <a href=\"mailto:zo_mi@ceramictiles.com\" onclick=\"recordOutboundLink(this, 'E-mail', 'Description mail');return false;\">zo_mi@ceramictiles.com<\/a> ili nas pozovite na: For exact offer, PLS send us quantity and product you need with delivery address..<\/p>\n<p>Technical description: <br \/> W &#038; F 21,8&#215;89,3 <br \/>Treewood Ceniza ; Treewood Roble ; Treewood Natural ; Treewood Nogal ;<\/p>\n","protected":false},"excerpt":{"rendered":"<p>\u0160irina i du\u017eina plo\u010dice su 21,8&#215;89,3 cm. Ta kolekcija, model plo\u010dice, se prodaje najvi\u0161e sive boje. Plo\u010dica je debela 9 mm, \u0161to je ubraja u tvrde plo\u010dice. Online cena je samo 7286,4 RSD, dok redovna, maloprodajna cena 9108 RSD. Ove plo\u010dice dolaze od proizvo\u0111a\u010da Arcana tiles, iz \u0160panije. Kliknite na ime serije za sve plo\u010dice [&hellip;]<\/p>\n","protected":false},"featured_media":93124,"template":"","meta":[],"product_cat":[99921439,200,240,260,999,270],"product_tag":[99950095],"_links":{"self":[{"href":"https:\/\/www.keramika.com\/srbija\/wp-json\/wp\/v2\/product\/93123"}],"collection":[{"href":"https:\/\/www.keramika.com\/srbija\/wp-json\/wp\/v2\/product"}],"about":[{"href":"https:\/\/www.keramika.com\/srbija\/wp-json\/wp\/v2\/types\/product"}],"wp:featuredmedia":[{"embeddable":true,"href":"https:\/\/www.keramika.com\/srbija\/wp-json\/wp\/v2\/media\/93124"}],"wp:attachment":[{"href":"https:\/\/www.keramika.com\/srbija\/wp-json\/wp\/v2\/media?parent=93123"}],"wp:term":[{"taxonomy":"product_cat","embeddable":true,"href":"https:\/\/www.keramika.com\/srbija\/wp-json\/wp\/v2\/product_cat?post=93123"},{"taxonomy":"product_tag","embeddable":true,"href":"https:\/\/www.keramika.com\/srbija\/wp-json\/wp\/v2\/product_tag?post=93123"}],"curies":[{"name":"wp","href":"https:\/\/api.w.org\/{rel}","templated":true}]}}