{"id":93121,"date":"2017-07-02T03:52:00","date_gmt":"2017-07-02T03:52:00","guid":{"rendered":"http:\/\/www.ceramictiles.com\/srbija\/product\/plocice-imitacija-drveta-arcana-timber-pino\/"},"modified":"2026-01-03T00:00:43","modified_gmt":"2026-01-03T00:00:43","slug":"plocice-imitacija-drveta-arcana-timber-pino","status":"publish","type":"product","link":"https:\/\/www.keramika.com\/srbija\/plocice-imitacija-drveta-arcana-timber-pino\/","title":{"rendered":"Plo\u010dice imitacija drveta Arcana Timber Pino"},"content":{"rendered":"<p>Arcana Timber Pino je dostupna po vrlo povoljnim cenama 7286,4 RSD. Ova plo\u010dica je debela 9 mm i zato je izuzetno izdr\u017eljiva. Arcana Timber Pino dolazi iz \u0160panije, koja je poznata po vrlo visokoj kvaliteta keramike u svetu. Veli\u010dina plo\u010dice je 21,8&#215;89,3 cm i odli\u010dna je za razli\u010dite povr\u0161ine. Plo\u010dice braon boje, su letos izuzetno tre\u017eene.<\/p>\n<p>Kliknite na ime serije za sve plo\u010dice u toj seriji: <a class=\"pdfcatal\" href=\"\/\/www.ceramictiles.com\/pdf\/arcana\/catalogue_arcana_timber.pdf\" onclick=\"recordOutboundLink(this, 'E-mail', 'Description PDF');return false;\">Arcana tiles Timber<\/a><\/p>\n<p>Da bi naru\u010dili model iz PDF kataloga ove serije, molimo vas, da nas kontaktirate na: <a href=\"mailto:zo_mi@ceramictiles.com\" onclick=\"recordOutboundLink(this, 'E-mail', 'Description mail');return false;\">zo_mi@ceramictiles.com<\/a> ili nas pozovite na: For exact offer, PLS send us quantity and product you need with delivery address..<\/p>\n<p>Technical description: <br \/> W &#038; F 14,4&#215;89,3 ; 21,8&#215;89,3 <br \/>Timber Charcoal ; Timber Abedul ; Timber Pino ; Timber Cerezo ;<\/p>\n","protected":false},"excerpt":{"rendered":"<p>Arcana Timber Pino je dostupna po vrlo povoljnim cenama 7286,4 RSD. Ova plo\u010dica je debela 9 mm i zato je izuzetno izdr\u017eljiva. Arcana Timber Pino dolazi iz \u0160panije, koja je poznata po vrlo visokoj kvaliteta keramike u svetu. Veli\u010dina plo\u010dice je 21,8&#215;89,3 cm i odli\u010dna je za razli\u010dite povr\u0161ine. Plo\u010dice braon boje, su letos izuzetno [&hellip;]<\/p>\n","protected":false},"featured_media":93122,"template":"","meta":[],"product_cat":[99921439,200,240,260,999,270],"product_tag":[99950095],"_links":{"self":[{"href":"https:\/\/www.keramika.com\/srbija\/wp-json\/wp\/v2\/product\/93121"}],"collection":[{"href":"https:\/\/www.keramika.com\/srbija\/wp-json\/wp\/v2\/product"}],"about":[{"href":"https:\/\/www.keramika.com\/srbija\/wp-json\/wp\/v2\/types\/product"}],"wp:featuredmedia":[{"embeddable":true,"href":"https:\/\/www.keramika.com\/srbija\/wp-json\/wp\/v2\/media\/93122"}],"wp:attachment":[{"href":"https:\/\/www.keramika.com\/srbija\/wp-json\/wp\/v2\/media?parent=93121"}],"wp:term":[{"taxonomy":"product_cat","embeddable":true,"href":"https:\/\/www.keramika.com\/srbija\/wp-json\/wp\/v2\/product_cat?post=93121"},{"taxonomy":"product_tag","embeddable":true,"href":"https:\/\/www.keramika.com\/srbija\/wp-json\/wp\/v2\/product_tag?post=93121"}],"curies":[{"name":"wp","href":"https:\/\/api.w.org\/{rel}","templated":true}]}}