{"id":93119,"date":"2017-07-02T03:51:42","date_gmt":"2017-07-02T03:51:42","guid":{"rendered":"http:\/\/www.ceramictiles.com\/srbija\/product\/podne-porcelanske-plocice-arcana-tempo-taupe\/"},"modified":"2026-01-03T00:00:43","modified_gmt":"2026-01-03T00:00:43","slug":"podne-porcelanske-plocice-arcana-tempo-taupe","status":"publish","type":"product","link":"https:\/\/www.keramika.com\/srbija\/podne-porcelanske-plocice-arcana-tempo-taupe\/","title":{"rendered":"Podne porcelanske plo\u010dice Arcana Tempo Taupe"},"content":{"rendered":"<p>Ta kolekcija, model plo\u010dice, se prodaje najvi\u0161e braon boje. Debljina plo\u010dice, je vrlo va\u017ena 9 mm i ubraja tu plo\u010dicu me\u0111u najkvalitetnije. \u0160irina i du\u017eina plo\u010dice su 60&#215;60 cm. 6878,15 RSD je redovna prodajna cena keramike, tu pa samo 5502,75 RSD. Arcana Tempo Taupe je proizvod iz \u0160panije te je izuzetno kvalitetna.<\/p>\n<p>Kliknite na ime serije za sve plo\u010dice u toj seriji: <a class=\"pdfcatal\" href=\"\/\/www.ceramictiles.com\/pdf\/arcana\/catalogue_arcana_tempo.pdf\" onclick=\"recordOutboundLink(this, 'E-mail', 'Description PDF');return false;\">Arcana tiles Tempo<\/a><\/p>\n<p>Da bi naru\u010dili model iz PDF kataloga ove serije, molimo vas, da nas kontaktirate na: <a href=\"mailto:zo_mi@ceramictiles.com\" onclick=\"recordOutboundLink(this, 'E-mail', 'Description mail');return false;\">zo_mi@ceramictiles.com<\/a> ili nas pozovite na: For exact offer, PLS send us quantity and product you need with delivery address..<\/p>\n<p>Technical description: <br \/> W &#038; F 60&#215;60 <br \/>Tempo Bone ; Tempo Taupe ; Tempo Moka ;<\/p>\n","protected":false},"excerpt":{"rendered":"<p>Ta kolekcija, model plo\u010dice, se prodaje najvi\u0161e braon boje. Debljina plo\u010dice, je vrlo va\u017ena 9 mm i ubraja tu plo\u010dicu me\u0111u najkvalitetnije. \u0160irina i du\u017eina plo\u010dice su 60&#215;60 cm. 6878,15 RSD je redovna prodajna cena keramike, tu pa samo 5502,75 RSD. Arcana Tempo Taupe je proizvod iz \u0160panije te je izuzetno kvalitetna. Kliknite na ime [&hellip;]<\/p>\n","protected":false},"featured_media":93120,"template":"","meta":[],"product_cat":[99921439,200,240,260,999,290,250],"product_tag":[],"_links":{"self":[{"href":"https:\/\/www.keramika.com\/srbija\/wp-json\/wp\/v2\/product\/93119"}],"collection":[{"href":"https:\/\/www.keramika.com\/srbija\/wp-json\/wp\/v2\/product"}],"about":[{"href":"https:\/\/www.keramika.com\/srbija\/wp-json\/wp\/v2\/types\/product"}],"wp:featuredmedia":[{"embeddable":true,"href":"https:\/\/www.keramika.com\/srbija\/wp-json\/wp\/v2\/media\/93120"}],"wp:attachment":[{"href":"https:\/\/www.keramika.com\/srbija\/wp-json\/wp\/v2\/media?parent=93119"}],"wp:term":[{"taxonomy":"product_cat","embeddable":true,"href":"https:\/\/www.keramika.com\/srbija\/wp-json\/wp\/v2\/product_cat?post=93119"},{"taxonomy":"product_tag","embeddable":true,"href":"https:\/\/www.keramika.com\/srbija\/wp-json\/wp\/v2\/product_tag?post=93119"}],"curies":[{"name":"wp","href":"https:\/\/api.w.org\/{rel}","templated":true}]}}