{"id":93117,"date":"2017-07-02T03:51:22","date_gmt":"2017-07-02T03:51:22","guid":{"rendered":"http:\/\/www.ceramictiles.com\/srbija\/product\/mozaik-plocice-arcana-surprise-negro\/"},"modified":"2026-01-03T00:00:43","modified_gmt":"2026-01-03T00:00:43","slug":"mozaik-plocice-arcana-surprise-negro","status":"publish","type":"product","link":"https:\/\/www.keramika.com\/srbija\/mozaik-plocice-arcana-surprise-negro\/","title":{"rendered":"Mozaik plo\u010dice Arcana Surprise Negro"},"content":{"rendered":"<p>Arcana Surprise Negro dolazi iz \u0160panije, koja je poznata po vrlo visokoj kvaliteta keramike u svetu. Plo\u010dica na sliki je 30&#215;60 cm. 9 mm debljina \u0107e zadovoljiti i najzahtevnije kupce. Plo\u010dice crne boje osvje\u017eit \u0107e svaki prostor. Redovna cena, ovih plo\u010dica u maloprodaji je 19607,5 RSD. U na\u0161oj online trgovini, je mo\u017eete kupiti za 15686 RSD.<\/p>\n<p>Kliknite na ime serije za sve plo\u010dice u toj seriji: <a class=\"pdfcatal\" href=\"\/\/www.ceramictiles.com\/pdf\/arcana\/catalogue_arcana_surprise.pdf\" onclick=\"recordOutboundLink(this, 'E-mail', 'Description PDF');return false;\">Arcana tiles Surprise<\/a><\/p>\n<p>Da bi naru\u010dili model iz PDF kataloga ove serije, molimo vas, da nas kontaktirate na: <a href=\"mailto:zo_mi@ceramictiles.com\" onclick=\"recordOutboundLink(this, 'E-mail', 'Description mail');return false;\">zo_mi@ceramictiles.com<\/a> ili nas pozovite na: For exact offer, PLS send us quantity and product you need with delivery address..<\/p>\n<p>Technical description: <br \/> W &#038; F 30&#215;60 ; 30&#215;30 ; 20&#215;30 <br \/>Surprise Marfil ; Surprise Gris ; Surprise Negro ; Mosaico Surprise Marfil ; Mosaico Surprise Gris ; Mosaico Surprise Negro ;<\/p>\n","protected":false},"excerpt":{"rendered":"<p>Arcana Surprise Negro dolazi iz \u0160panije, koja je poznata po vrlo visokoj kvaliteta keramike u svetu. Plo\u010dica na sliki je 30&#215;60 cm. 9 mm debljina \u0107e zadovoljiti i najzahtevnije kupce. Plo\u010dice crne boje osvje\u017eit \u0107e svaki prostor. Redovna cena, ovih plo\u010dica u maloprodaji je 19607,5 RSD. U na\u0161oj online trgovini, je mo\u017eete kupiti za 15686 [&hellip;]<\/p>\n","protected":false},"featured_media":93118,"template":"","meta":[],"product_cat":[99921439,200,260,999,290,250],"product_tag":[],"_links":{"self":[{"href":"https:\/\/www.keramika.com\/srbija\/wp-json\/wp\/v2\/product\/93117"}],"collection":[{"href":"https:\/\/www.keramika.com\/srbija\/wp-json\/wp\/v2\/product"}],"about":[{"href":"https:\/\/www.keramika.com\/srbija\/wp-json\/wp\/v2\/types\/product"}],"wp:featuredmedia":[{"embeddable":true,"href":"https:\/\/www.keramika.com\/srbija\/wp-json\/wp\/v2\/media\/93118"}],"wp:attachment":[{"href":"https:\/\/www.keramika.com\/srbija\/wp-json\/wp\/v2\/media?parent=93117"}],"wp:term":[{"taxonomy":"product_cat","embeddable":true,"href":"https:\/\/www.keramika.com\/srbija\/wp-json\/wp\/v2\/product_cat?post=93117"},{"taxonomy":"product_tag","embeddable":true,"href":"https:\/\/www.keramika.com\/srbija\/wp-json\/wp\/v2\/product_tag?post=93117"}],"curies":[{"name":"wp","href":"https:\/\/api.w.org\/{rel}","templated":true}]}}