{"id":93115,"date":"2017-07-02T03:50:59","date_gmt":"2017-07-02T03:50:59","guid":{"rendered":"http:\/\/www.ceramictiles.com\/srbija\/product\/podne-i-zidne-plocice-arcana-souvenir-purple\/"},"modified":"2026-01-03T00:00:43","modified_gmt":"2026-01-03T00:00:43","slug":"podne-i-zidne-plocice-arcana-souvenir-purple","status":"publish","type":"product","link":"https:\/\/www.keramika.com\/srbija\/podne-i-zidne-plocice-arcana-souvenir-purple\/","title":{"rendered":"Podne i zidne plo\u010dice Arcana Souvenir Purple"},"content":{"rendered":"<p>Veli\u010dina 31,6&#215;31,6 cm je odli\u010dna za sve podloge. U izboru plo\u010dica ljubi\u010daste boje, ne mo\u017eete pogre\u0161iti. Ove plo\u010dice dolaze od proizvo\u0111a\u010da Arcana tiles, iz \u0160panije. Zbog ni\u017eih tro\u0161kova, online prodaje, Vi \u0107e te na na\u0161oj strani ove plo\u010de platiti samo 1771 RSD. Ova plo\u010dica je debela 9 mm i zato je izuzetno izdr\u017eljiva.<\/p>\n<p>Kliknite na ime serije za sve plo\u010dice u toj seriji: <a class=\"pdfcatal\" href=\"\/\/www.ceramictiles.com\/pdf\/arcana\/catalogue_arcana_souvenir.pdf\" onclick=\"recordOutboundLink(this, 'E-mail', 'Description PDF');return false;\">Arcana tiles Souvenir<\/a><\/p>\n<p>Da bi naru\u010dili model iz PDF kataloga ove serije, molimo vas, da nas kontaktirate na: <a href=\"mailto:zo_mi@ceramictiles.com\" onclick=\"recordOutboundLink(this, 'E-mail', 'Description mail');return false;\">zo_mi@ceramictiles.com<\/a> ili nas pozovite na: For exact offer, PLS send us quantity and product you need with delivery address..<\/p>\n<p>Technical description: <br \/> F 31,6&#215;31,6 <br \/>Souvenir Avellana ; Souvenir Peach ; Souvenir Vison ; Souvenir Rosa ; Souvenir Lila ; Souvenir Purple ; Souvenir Cloud ; Souvenir Azul ; Souvenir Blue ; Souvenir Marron ; Souvenir Plomo ;<\/p>\n","protected":false},"excerpt":{"rendered":"<p>Veli\u010dina 31,6&#215;31,6 cm je odli\u010dna za sve podloge. U izboru plo\u010dica ljubi\u010daste boje, ne mo\u017eete pogre\u0161iti. Ove plo\u010dice dolaze od proizvo\u0111a\u010da Arcana tiles, iz \u0160panije. Zbog ni\u017eih tro\u0161kova, online prodaje, Vi \u0107e te na na\u0161oj strani ove plo\u010de platiti samo 1771 RSD. Ova plo\u010dica je debela 9 mm i zato je izuzetno izdr\u017eljiva. Kliknite na [&hellip;]<\/p>\n","protected":false},"featured_media":93116,"template":"","meta":[],"product_cat":[99921439,200,220,240,999,250],"product_tag":[],"_links":{"self":[{"href":"https:\/\/www.keramika.com\/srbija\/wp-json\/wp\/v2\/product\/93115"}],"collection":[{"href":"https:\/\/www.keramika.com\/srbija\/wp-json\/wp\/v2\/product"}],"about":[{"href":"https:\/\/www.keramika.com\/srbija\/wp-json\/wp\/v2\/types\/product"}],"wp:featuredmedia":[{"embeddable":true,"href":"https:\/\/www.keramika.com\/srbija\/wp-json\/wp\/v2\/media\/93116"}],"wp:attachment":[{"href":"https:\/\/www.keramika.com\/srbija\/wp-json\/wp\/v2\/media?parent=93115"}],"wp:term":[{"taxonomy":"product_cat","embeddable":true,"href":"https:\/\/www.keramika.com\/srbija\/wp-json\/wp\/v2\/product_cat?post=93115"},{"taxonomy":"product_tag","embeddable":true,"href":"https:\/\/www.keramika.com\/srbija\/wp-json\/wp\/v2\/product_tag?post=93115"}],"curies":[{"name":"wp","href":"https:\/\/api.w.org\/{rel}","templated":true}]}}