{"id":93113,"date":"2017-07-02T03:50:47","date_gmt":"2017-07-02T03:50:47","guid":{"rendered":"http:\/\/www.ceramictiles.com\/srbija\/product\/zidne-plocice-arcana-serenity-rosa\/"},"modified":"2026-01-03T00:00:42","modified_gmt":"2026-01-03T00:00:42","slug":"zidne-plocice-arcana-serenity-rosa","status":"publish","type":"product","link":"https:\/\/www.keramika.com\/srbija\/zidne-plocice-arcana-serenity-rosa\/","title":{"rendered":"Zidne plo\u010dice Arcana Serenity rosa"},"content":{"rendered":"<p>Arcana Serenity rosa je proizvod iz \u0160panije te je izuzetno kvalitetna. \u0160irina i du\u017eina plo\u010dice su 25&#215;75 cm. Redovna cena, ovih plo\u010dica u maloprodaji je 6167,45 RSD. U na\u0161oj online trgovini, je mo\u017eete kupiti za 4933,5 RSD. Plo\u010dice roze boje osvje\u017eit \u0107e svaki prostor. 9 mm debljina \u0107e zadovoljiti i najzahtevnije kupce.<\/p>\n<p>Kliknite na ime serije za sve plo\u010dice u toj seriji: <a class=\"pdfcatal\" href=\"\/\/www.ceramictiles.com\/pdf\/arcana\/catalogue_arcana_serenity.pdf\" onclick=\"recordOutboundLink(this, 'E-mail', 'Description PDF');return false;\">Arcana tiles Serenity<\/a><\/p>\n<p>Da bi naru\u010dili model iz PDF kataloga ove serije, molimo vas, da nas kontaktirate na: <a href=\"mailto:zo_mi@ceramictiles.com\" onclick=\"recordOutboundLink(this, 'E-mail', 'Description mail');return false;\">zo_mi@ceramictiles.com<\/a> ili nas pozovite na: For exact offer, PLS send us quantity and product you need with delivery address..<\/p>\n<p>Technical description: <br \/> W 25&#215;75 <br \/>Serenity Azul ; Serenity Rosa ; Serenity Blanco ;<\/p>\n","protected":false},"excerpt":{"rendered":"<p>Arcana Serenity rosa je proizvod iz \u0160panije te je izuzetno kvalitetna. \u0160irina i du\u017eina plo\u010dice su 25&#215;75 cm. Redovna cena, ovih plo\u010dica u maloprodaji je 6167,45 RSD. U na\u0161oj online trgovini, je mo\u017eete kupiti za 4933,5 RSD. Plo\u010dice roze boje osvje\u017eit \u0107e svaki prostor. 9 mm debljina \u0107e zadovoljiti i najzahtevnije kupce. Kliknite na ime [&hellip;]<\/p>\n","protected":false},"featured_media":93114,"template":"","meta":[],"product_cat":[99921439,200,260,999,290,250],"product_tag":[],"_links":{"self":[{"href":"https:\/\/www.keramika.com\/srbija\/wp-json\/wp\/v2\/product\/93113"}],"collection":[{"href":"https:\/\/www.keramika.com\/srbija\/wp-json\/wp\/v2\/product"}],"about":[{"href":"https:\/\/www.keramika.com\/srbija\/wp-json\/wp\/v2\/types\/product"}],"wp:featuredmedia":[{"embeddable":true,"href":"https:\/\/www.keramika.com\/srbija\/wp-json\/wp\/v2\/media\/93114"}],"wp:attachment":[{"href":"https:\/\/www.keramika.com\/srbija\/wp-json\/wp\/v2\/media?parent=93113"}],"wp:term":[{"taxonomy":"product_cat","embeddable":true,"href":"https:\/\/www.keramika.com\/srbija\/wp-json\/wp\/v2\/product_cat?post=93113"},{"taxonomy":"product_tag","embeddable":true,"href":"https:\/\/www.keramika.com\/srbija\/wp-json\/wp\/v2\/product_tag?post=93113"}],"curies":[{"name":"wp","href":"https:\/\/api.w.org\/{rel}","templated":true}]}}