{"id":93101,"date":"2017-07-02T03:49:02","date_gmt":"2017-07-02T03:49:02","guid":{"rendered":"http:\/\/www.ceramictiles.com\/srbija\/product\/ploscice-za-stepenice-arcana-blancos-15x15\/"},"modified":"2026-01-03T00:00:41","modified_gmt":"2026-01-03T00:00:41","slug":"ploscice-za-stepenice-arcana-blancos-15x15","status":"publish","type":"product","link":"https:\/\/www.keramika.com\/srbija\/ploscice-za-stepenice-arcana-blancos-15x15\/","title":{"rendered":"Plo\u0161\u010dice za stepenice Arcana Blancos 15&#215;15"},"content":{"rendered":"<p>Online cena je samo 1239,7 RSD, dok redovna, maloprodajna cena 1550,2 RSD. Arcana Blancos 15&#215;15 dolazi iz \u0160panije, koja je poznata po vrlo visokoj kvaliteta keramike u svetu. Plo\u010dica na sliki je 25&#215;75 cm. Plo\u010dica je debela 9 mm, \u0161to je ubraja u tvrde plo\u010dice. U izboru plo\u010dica bele boje, ne mo\u017eete pogre\u0161iti.<\/p>\n<p>Kliknite na ime serije za sve plo\u010dice u toj seriji: <a class=\"pdfcatal\" href=\"\/\/www.ceramictiles.com\/pdf\/arcana\/catalogue_arcana_blancos.pdf\" onclick=\"recordOutboundLink(this, 'E-mail', 'Description PDF');return false;\">Arcana tiles Blancos<\/a><\/p>\n<p>Da bi naru\u010dili model iz PDF kataloga ove serije, molimo vas, da nas kontaktirate na: <a href=\"mailto:zo_mi@ceramictiles.com\" onclick=\"recordOutboundLink(this, 'E-mail', 'Description mail');return false;\">zo_mi@ceramictiles.com<\/a> ili nas pozovite na: For exact offer, PLS send us quantity and product you need with delivery address..<\/p>\n<p>Technical description: <br \/> W 15&#215;15 ; 20&#215;20 ; 23&#215;33,5 ; 27&#215;41,5 ; 20&#215;50 ; 25&#215;75 <br \/>Horizon Blanco ; Universal Blanco-Mate ; Marina Blanco ;<\/p>\n","protected":false},"excerpt":{"rendered":"<p>Online cena je samo 1239,7 RSD, dok redovna, maloprodajna cena 1550,2 RSD. Arcana Blancos 15&#215;15 dolazi iz \u0160panije, koja je poznata po vrlo visokoj kvaliteta keramike u svetu. Plo\u010dica na sliki je 25&#215;75 cm. Plo\u010dica je debela 9 mm, \u0161to je ubraja u tvrde plo\u010dice. U izboru plo\u010dica bele boje, ne mo\u017eete pogre\u0161iti. Kliknite na [&hellip;]<\/p>\n","protected":false},"featured_media":93102,"template":"","meta":[],"product_cat":[99921439,200,260,999,250],"product_tag":[99950100],"_links":{"self":[{"href":"https:\/\/www.keramika.com\/srbija\/wp-json\/wp\/v2\/product\/93101"}],"collection":[{"href":"https:\/\/www.keramika.com\/srbija\/wp-json\/wp\/v2\/product"}],"about":[{"href":"https:\/\/www.keramika.com\/srbija\/wp-json\/wp\/v2\/types\/product"}],"wp:featuredmedia":[{"embeddable":true,"href":"https:\/\/www.keramika.com\/srbija\/wp-json\/wp\/v2\/media\/93102"}],"wp:attachment":[{"href":"https:\/\/www.keramika.com\/srbija\/wp-json\/wp\/v2\/media?parent=93101"}],"wp:term":[{"taxonomy":"product_cat","embeddable":true,"href":"https:\/\/www.keramika.com\/srbija\/wp-json\/wp\/v2\/product_cat?post=93101"},{"taxonomy":"product_tag","embeddable":true,"href":"https:\/\/www.keramika.com\/srbija\/wp-json\/wp\/v2\/product_tag?post=93101"}],"curies":[{"name":"wp","href":"https:\/\/api.w.org\/{rel}","templated":true}]}}