{"id":93087,"date":"2017-07-02T03:46:53","date_gmt":"2017-07-02T03:46:53","guid":{"rendered":"http:\/\/www.ceramictiles.com\/srbija\/product\/podne-i-zidne-plocice-alcalagres-textil-grafito\/"},"modified":"2026-01-03T00:00:40","modified_gmt":"2026-01-03T00:00:40","slug":"podne-i-zidne-plocice-alcalagres-textil-grafito","status":"publish","type":"product","link":"https:\/\/www.keramika.com\/srbija\/podne-i-zidne-plocice-alcalagres-textil-grafito\/","title":{"rendered":"Podne i zidne plo\u010dice Alcalagres Textil Grafito"},"content":{"rendered":"<p>Plo\u010dice crne boje, su letos izuzetno tre\u017eene. Debljina 9 mm \u010dini plo\u010dicu vrlo izdr\u017eljivom i prijatnom na dodir. Alcalagres Textil Grafito dolazi iz \u0160panije, koja je poznata po vrlo visokoj kvaliteta keramike u svetu. Plo\u010dica na sliki je 60&#215;60 cm. Redovna cena, ovih plo\u010dica u maloprodaji je 5785,65 RSD. U na\u0161oj online trgovini, je mo\u017eete kupiti za 4628,75 RSD.<\/p>\n<p>Kliknite na ime serije za sve plo\u010dice u toj seriji: <a class=\"pdfcatal\" href=\"\/\/www.ceramictiles.com\/pdf\/alcalagres\/catalogue_alcalagres_textil.pdf\" onclick=\"recordOutboundLink(this, 'E-mail', 'Description PDF');return false;\">Alcalagres Textil<\/a><\/p>\n<p>Da bi naru\u010dili model iz PDF kataloga ove serije, molimo vas, da nas kontaktirate na: <a href=\"mailto:zo_mi@ceramictiles.com\" onclick=\"recordOutboundLink(this, 'E-mail', 'Description mail');return false;\">zo_mi@ceramictiles.com<\/a> ili nas pozovite na: For exact offer, PLS send us quantity and product you need with delivery address..<\/p>\n<p>Technical description: <br \/>  W &#038; F: 30&#215;60 ; 60&#215;60 <br \/>Textil Grafito Mate ; Textil Gris Mate ; Textil Nacar Mate ; Textil Lino Mate ;<\/p>\n","protected":false},"excerpt":{"rendered":"<p>Plo\u010dice crne boje, su letos izuzetno tre\u017eene. Debljina 9 mm \u010dini plo\u010dicu vrlo izdr\u017eljivom i prijatnom na dodir. Alcalagres Textil Grafito dolazi iz \u0160panije, koja je poznata po vrlo visokoj kvaliteta keramike u svetu. Plo\u010dica na sliki je 60&#215;60 cm. Redovna cena, ovih plo\u010dica u maloprodaji je 5785,65 RSD. U na\u0161oj online trgovini, je mo\u017eete [&hellip;]<\/p>\n","protected":false},"featured_media":93088,"template":"","meta":[],"product_cat":[99952,200,240,260,999,290,250],"product_tag":[],"_links":{"self":[{"href":"https:\/\/www.keramika.com\/srbija\/wp-json\/wp\/v2\/product\/93087"}],"collection":[{"href":"https:\/\/www.keramika.com\/srbija\/wp-json\/wp\/v2\/product"}],"about":[{"href":"https:\/\/www.keramika.com\/srbija\/wp-json\/wp\/v2\/types\/product"}],"wp:featuredmedia":[{"embeddable":true,"href":"https:\/\/www.keramika.com\/srbija\/wp-json\/wp\/v2\/media\/93088"}],"wp:attachment":[{"href":"https:\/\/www.keramika.com\/srbija\/wp-json\/wp\/v2\/media?parent=93087"}],"wp:term":[{"taxonomy":"product_cat","embeddable":true,"href":"https:\/\/www.keramika.com\/srbija\/wp-json\/wp\/v2\/product_cat?post=93087"},{"taxonomy":"product_tag","embeddable":true,"href":"https:\/\/www.keramika.com\/srbija\/wp-json\/wp\/v2\/product_tag?post=93087"}],"curies":[{"name":"wp","href":"https:\/\/api.w.org\/{rel}","templated":true}]}}