{"id":93085,"date":"2017-07-02T03:46:34","date_gmt":"2017-07-02T03:46:34","guid":{"rendered":"http:\/\/www.ceramictiles.com\/srbija\/product\/podne-i-zidne-plocice-alcalagres-tecnika-silver\/"},"modified":"2026-01-03T00:00:40","modified_gmt":"2026-01-03T00:00:40","slug":"podne-i-zidne-plocice-alcalagres-tecnika-silver","status":"publish","type":"product","link":"https:\/\/www.keramika.com\/srbija\/podne-i-zidne-plocice-alcalagres-tecnika-silver\/","title":{"rendered":"Podne i zidne plo\u010dice Alcalagres Tecnika Silver"},"content":{"rendered":"<p>Ove sive kerami\u010dke plo\u010dice, obogatit \u0107e svaki prostor. Redovna cena, ovih plo\u010dica u maloprodaji je 6145,6 RSD. U na\u0161oj online trgovini, je mo\u017eete kupiti za 4916,25 RSD. \u0160irina i du\u017eina plo\u010dice su 60&#215;60 cm. Proizvodnja \u0160panije ,koja je poznata u svetu, kao jedana od najboljih proizvo\u0111a\u010da kerami\u010dkih plo\u010dica. Plo\u010dica je debela 9 mm, \u0161to je ubraja u tvrde plo\u010dice.<\/p>\n<p>Kliknite na ime serije za sve plo\u010dice u toj seriji: <a class=\"pdfcatal\" href=\"\/\/www.ceramictiles.com\/pdf\/alcalagres\/catalogue_alcalagres_tecnika.pdf\" onclick=\"recordOutboundLink(this, 'E-mail', 'Description PDF');return false;\">Alcalagres Tecnika<\/a><\/p>\n<p>Da bi naru\u010dili model iz PDF kataloga ove serije, molimo vas, da nas kontaktirate na: <a href=\"mailto:zo_mi@ceramictiles.com\" onclick=\"recordOutboundLink(this, 'E-mail', 'Description mail');return false;\">zo_mi@ceramictiles.com<\/a> ili nas pozovite na: For exact offer, PLS send us quantity and product you need with delivery address..<\/p>\n<p>Technical description: <br \/>  W &#038; F: 30&#215;60 ; 45&#215;90 ; 60&#215;60 ; 22,5&#215;90 <br \/>Tecnika Blue Mate ; Tecnika Blue Pulido ; Tecnika Blue Rigatto ; Tecnika Black Mate ; Tecnika Black Pulido ; Tecnika Black Rigatto ; Tecnika Coal Mate ; Tecnika Coal Pulido ; Tecnika Coal Rigatto ; Tecnika Silver Mate ; Tecnika Silver Pulido ; Tecnika Silver Rigatto ; Tecnika Steel Mate ; Tecnika Steel Pulido ; Tecnika Steel Rigatto ; Tecnika Snow Mate ; Tecnika Snow Pulido ; Tecnika Snow Rigatto ; Tecnika Cream Mate ; Tecnika Cream Pulido ; Tecnika Cream Rigatto ; Tecnika Amber Mate ; Tecnika Amber Pulido ; Tecnika Amber Rigatto ; Tecnika Sand Mate ; Tecnika Sand Pulido ; Tecnika Sand Rigatto ; Tecnika Cinnamon Mate ; Tecnika Cinnamon Pulido ; Tecnika Cinnamon Rigatto ;<\/p>\n","protected":false},"excerpt":{"rendered":"<p>Ove sive kerami\u010dke plo\u010dice, obogatit \u0107e svaki prostor. Redovna cena, ovih plo\u010dica u maloprodaji je 6145,6 RSD. U na\u0161oj online trgovini, je mo\u017eete kupiti za 4916,25 RSD. \u0160irina i du\u017eina plo\u010dice su 60&#215;60 cm. Proizvodnja \u0160panije ,koja je poznata u svetu, kao jedana od najboljih proizvo\u0111a\u010da kerami\u010dkih plo\u010dica. Plo\u010dica je debela 9 mm, \u0161to je [&hellip;]<\/p>\n","protected":false},"featured_media":93086,"template":"","meta":[],"product_cat":[99952,200,240,260,999,290,250],"product_tag":[],"_links":{"self":[{"href":"https:\/\/www.keramika.com\/srbija\/wp-json\/wp\/v2\/product\/93085"}],"collection":[{"href":"https:\/\/www.keramika.com\/srbija\/wp-json\/wp\/v2\/product"}],"about":[{"href":"https:\/\/www.keramika.com\/srbija\/wp-json\/wp\/v2\/types\/product"}],"wp:featuredmedia":[{"embeddable":true,"href":"https:\/\/www.keramika.com\/srbija\/wp-json\/wp\/v2\/media\/93086"}],"wp:attachment":[{"href":"https:\/\/www.keramika.com\/srbija\/wp-json\/wp\/v2\/media?parent=93085"}],"wp:term":[{"taxonomy":"product_cat","embeddable":true,"href":"https:\/\/www.keramika.com\/srbija\/wp-json\/wp\/v2\/product_cat?post=93085"},{"taxonomy":"product_tag","embeddable":true,"href":"https:\/\/www.keramika.com\/srbija\/wp-json\/wp\/v2\/product_tag?post=93085"}],"curies":[{"name":"wp","href":"https:\/\/api.w.org\/{rel}","templated":true}]}}