{"id":93081,"date":"2017-07-02T03:45:55","date_gmt":"2017-07-02T03:45:55","guid":{"rendered":"http:\/\/www.ceramictiles.com\/srbija\/product\/podne-i-zidne-plocice-alcalagres-roma-negro\/"},"modified":"2026-01-03T00:00:39","modified_gmt":"2026-01-03T00:00:39","slug":"podne-i-zidne-plocice-alcalagres-roma-negro","status":"publish","type":"product","link":"https:\/\/www.keramika.com\/srbija\/podne-i-zidne-plocice-alcalagres-roma-negro\/","title":{"rendered":"Podne i zidne plo\u010dice Alcalagres Roma Negro"},"content":{"rendered":"<p>9 mm debljina \u0107e zadovoljiti i najzahtevnije kupce. Izuzetno moderne plo\u010dice crne boje, osve\u017eit \u0107e svaki prostor. Redovna cena, ovih plo\u010dica u maloprodaji je 5498,15 RSD. U na\u0161oj online trgovini, je mo\u017eete kupiti za 4398,75 RSD. plo\u010dica proizvo\u0111a\u010da Alcalagres iz \u0160panije. Plo\u010dica na sliki je 45&#215;90 cm.<\/p>\n<p>Kliknite na ime serije za sve plo\u010dice u toj seriji: <a class=\"pdfcatal\" href=\"\/\/www.ceramictiles.com\/pdf\/alcalagres\/catalogue_alcalagres_roma.pdf\" onclick=\"recordOutboundLink(this, 'E-mail', 'Description PDF');return false;\">Alcalagres Roma<\/a><\/p>\n<p>Da bi naru\u010dili model iz PDF kataloga ove serije, molimo vas, da nas kontaktirate na: <a href=\"mailto:zo_mi@ceramictiles.com\" onclick=\"recordOutboundLink(this, 'E-mail', 'Description mail');return false;\">zo_mi@ceramictiles.com<\/a> ili nas pozovite na: For exact offer, PLS send us quantity and product you need with delivery address..<\/p>\n<p>Technical description: <br \/>  W &#038; F: 30&#215;60 ; 45&#215;90 ; 60&#215;60 <br \/>Roma Negro Mate ; Roma Negro Lucidato ; Roma Negro Antideslizante ; Roma Grafito Mate ; Roma Grafito Lucidato ; Roma Grafito Antideslizante ; Roma Gris Mate ; Roma Gris Lucidato ; Roma Gris Antideslizante ; Roma Nacar Mate ; Roma Nacar Lucidato ; Roma Nacar Antideslizante ; Roma Arena Mate ; Roma Arena Lucidato ; Roma Arena Antideslizante ;<\/p>\n","protected":false},"excerpt":{"rendered":"<p>9 mm debljina \u0107e zadovoljiti i najzahtevnije kupce. Izuzetno moderne plo\u010dice crne boje, osve\u017eit \u0107e svaki prostor. Redovna cena, ovih plo\u010dica u maloprodaji je 5498,15 RSD. U na\u0161oj online trgovini, je mo\u017eete kupiti za 4398,75 RSD. plo\u010dica proizvo\u0111a\u010da Alcalagres iz \u0160panije. Plo\u010dica na sliki je 45&#215;90 cm. Kliknite na ime serije za sve plo\u010dice u [&hellip;]<\/p>\n","protected":false},"featured_media":93082,"template":"","meta":[],"product_cat":[99952,200,240,260,999,290,250],"product_tag":[],"_links":{"self":[{"href":"https:\/\/www.keramika.com\/srbija\/wp-json\/wp\/v2\/product\/93081"}],"collection":[{"href":"https:\/\/www.keramika.com\/srbija\/wp-json\/wp\/v2\/product"}],"about":[{"href":"https:\/\/www.keramika.com\/srbija\/wp-json\/wp\/v2\/types\/product"}],"wp:featuredmedia":[{"embeddable":true,"href":"https:\/\/www.keramika.com\/srbija\/wp-json\/wp\/v2\/media\/93082"}],"wp:attachment":[{"href":"https:\/\/www.keramika.com\/srbija\/wp-json\/wp\/v2\/media?parent=93081"}],"wp:term":[{"taxonomy":"product_cat","embeddable":true,"href":"https:\/\/www.keramika.com\/srbija\/wp-json\/wp\/v2\/product_cat?post=93081"},{"taxonomy":"product_tag","embeddable":true,"href":"https:\/\/www.keramika.com\/srbija\/wp-json\/wp\/v2\/product_tag?post=93081"}],"curies":[{"name":"wp","href":"https:\/\/api.w.org\/{rel}","templated":true}]}}