{"id":93077,"date":"2017-12-16T03:45:13","date_gmt":"2017-12-16T03:45:13","guid":{"rendered":"http:\/\/www.ceramictiles.com\/srbija\/product\/podne-i-zidne-plocice-alcalagres-quarcity-gris\/"},"modified":"2026-01-03T00:00:39","modified_gmt":"2026-01-03T00:00:39","slug":"podne-i-zidne-plocice-alcalagres-quarcity-gris","status":"publish","type":"product","link":"https:\/\/www.keramika.com\/srbija\/podne-i-zidne-plocice-alcalagres-quarcity-gris\/","title":{"rendered":"Podne i zidne plo\u010dice Alcalagres Quarcity Gris"},"content":{"rendered":"<p>Alcalagres Quarcity Gris je proizvod iz \u0160panije te je izuzetno kvalitetna. Plo\u010dice sive boje osvje\u017eit \u0107e svaki prostor. Alcalagres Quarcity Gris je dostupna po vrlo povoljnim cenama 3593,75 RSD. Plo\u010dica na sliki je 60&#215;60 cm. 9 mm debljina \u0107e zadovoljiti i najzahtevnije kupce.<\/p>\n<p>Kliknite na ime serije za sve plo\u010dice u toj seriji: <a class=\"pdfcatal\" href=\"\/\/www.ceramictiles.com\/pdf\/alcalagres\/catalogue_alcalagres_quarcity.pdf\">Alcalagres Quarcity<\/a><\/p>\n<p>Technical description:<br \/>\nW &amp; F: 30&#215;60 ; 60&#215;60<br \/>\nQuarcity Beige R\u00fastico ; Quarcity Gris R\u00fastico ; Quarcity Grafito R\u00fastico ; Quarcity Negro R\u00fastico ;<\/p>\n<p>Veli\u010dine<br \/>\n30X60 Cm (12&#8243;X24&#8243;)<br \/>\n60X60 Cm (24&#8243;X24&#8243;)<br \/>\n60X60 20Mm (24&#8243;X24&#8243;X0,8&#8243;)<br \/>\n45X90 20Mm (18&#8243;X36&#8243;X0,8&#8243;)<\/p>\n<p>Boje<br \/>\nBeige<br \/>\n30 X 60 (12\u201d X 24\u201d) &#8230;&#8230;&#8230;&#8230;&#8230;&#8230;&#8230;&#8230;&#8230;&#8230;&#8230;&#8230;&#8230;&#8230;&#8230; R\u00fastico B-36<br \/>\n60 X 60 (24\u201d X 24\u201d) &#8230;&#8230;&#8230;&#8230;&#8230;&#8230;&#8230;&#8230;&#8230;&#8230;&#8230;&#8230;&#8230;&#8230;&#8230; R\u00fastico B-43 &#8230;&#8230;&#8230;&#8230;. Lucidato B-53<br \/>\n45 X 45 (18\u201d X 18\u201d) Esp 20 &#8230;&#8230;&#8230;&#8230;&#8230;&#8230;&#8230;&#8230;&#8230;&#8230; R\u00fastico B-61<br \/>\n45 X 90 (18\u201d X 36\u201d) Esp 20 &#8230;&#8230;&#8230;&#8230;&#8230;&#8230;&#8230;&#8230;&#8230;&#8230; R\u00fastico B-96<br \/>\n60 X 60 (24\u201d X 24\u201d) Esp 20 &#8230;&#8230;&#8230;&#8230;&#8230;&#8230;&#8230;&#8230;&#8230;&#8230; R\u00fastico B-79<br \/>\nGris<br \/>\n30 X 60 (12\u201d X 24\u201d) &#8230;&#8230;&#8230;&#8230;&#8230;&#8230;&#8230;&#8230;&#8230;&#8230;&#8230;&#8230;&#8230;&#8230;&#8230; R\u00fastico B-36<br \/>\n60 X 60 (24\u201d X 24\u201d) &#8230;&#8230;&#8230;&#8230;&#8230;&#8230;&#8230;&#8230;&#8230;&#8230;&#8230;&#8230;&#8230;&#8230;&#8230; R\u00fastico B-43 &#8230;&#8230;&#8230;&#8230;. Lucidato B-53<br \/>\n45 X 45 (18\u201d X 18\u201d) Esp 20 &#8230;&#8230;&#8230;&#8230;&#8230;&#8230;&#8230;&#8230;&#8230;&#8230; R\u00fastico B-61<br \/>\n45 X 90 (18\u201d X 36\u201d) Esp 20 &#8230;&#8230;&#8230;&#8230;&#8230;&#8230;&#8230;&#8230;&#8230;&#8230; R\u00fastico B-96<br \/>\n60 X 60 (24\u201d X 24\u201d) Esp 20 &#8230;&#8230;&#8230;&#8230;&#8230;&#8230;&#8230;&#8230;&#8230;&#8230; R\u00fastico B-79<br \/>\nGrafito<br \/>\n30 X 60 (12\u201d X 24\u201d) &#8230;&#8230;&#8230;&#8230;&#8230;&#8230;&#8230;&#8230;&#8230;&#8230;&#8230;&#8230;&#8230;&#8230;&#8230;. R\u00fastico B-40<br \/>\n60 X 60 (24\u201d X 24\u201d) &#8230;&#8230;&#8230;&#8230;&#8230;&#8230;&#8230;&#8230;&#8230;&#8230;&#8230;&#8230;&#8230;&#8230;&#8230;. R\u00fastico B-51 &#8230;&#8230;&#8230;&#8230;. Lucidato B-61<br \/>\n45 X 45 (18\u201d X 18\u201d) Esp 20 &#8230;&#8230;&#8230;&#8230;&#8230;&#8230;&#8230;&#8230;&#8230;&#8230; R\u00fastico B-61<br \/>\n45 X 90 (18\u201d X 36\u201d) Esp 20 &#8230;&#8230;&#8230;&#8230;&#8230;&#8230;&#8230;&#8230;&#8230;&#8230; R\u00fastico B-96<br \/>\n60 X 60 (24\u201d X 24\u201d) Esp 20 &#8230;&#8230;&#8230;&#8230;&#8230;&#8230;&#8230;&#8230;&#8230;&#8230; R\u00fastico B-79<br \/>\nNegro<br \/>\n30 X 60 (12\u201d X 24\u201d) &#8230;&#8230;&#8230;&#8230;&#8230;&#8230;&#8230;&#8230;&#8230;&#8230;&#8230;&#8230;&#8230;&#8230;&#8230;. R\u00fastico B-40<br \/>\n60 X 60 (24\u201d X 24\u201d) &#8230;&#8230;&#8230;&#8230;&#8230;&#8230;&#8230;&#8230;&#8230;&#8230;&#8230;&#8230;&#8230;&#8230;&#8230;. R\u00fastico B-51 &#8230;&#8230;&#8230;&#8230;. Lucidato B-61<br \/>\n45 X 45 (18\u201d X 18\u201d) Esp 20 &#8230;&#8230;&#8230;&#8230;&#8230;&#8230;&#8230;&#8230;&#8230;&#8230; R\u00fastico B-61<br \/>\n45 X 90 (18\u201d X 36\u201d) Esp 20 &#8230;&#8230;&#8230;&#8230;&#8230;&#8230;&#8230;&#8230;&#8230;&#8230; R\u00fastico B-96<br \/>\n60 X 60 (24\u201d X 24\u201d) Esp 20 &#8230;&#8230;&#8230;&#8230;&#8230;&#8230;&#8230;&#8230;&#8230;&#8230; R\u00fastico B-79<\/p>\n<p>Povr\u0161inska obrada<br \/>\nLucidato<br \/>\nR\u00fastico<\/p>\n<p>Oblast upotrebe<br \/>\nLucidato<br \/>\nPogodno za suve zatvorene prostore.<\/p>\n<p>R\u00fastico<br \/>\nPogodno za vla\u017ena zatvorena podru\u010dja, vanjska podru\u010dja i bazene.<\/p>\n<p>Norm<br \/>\nNorm Une-Env 12633:2003<br \/>\n&#8211; Quarcity Lucidato: Clase 1<br \/>\n&#8211; Quarcity R\u00fastico: Clase 3<\/p>\n<p>Norm Din 51130<br \/>\n&#8211; Quarcity R\u00fastico: R-12<\/p>\n<p>Norm Din 51097<br \/>\n&#8211; Quarcity R\u00fastico: Grupo C<\/p>\n<p>[vc_row][vc_column][\/vc_column][\/vc_row][vc_row][vc_column width=&#8220;1\/3&#8243;][vc_single_image source=&#8220;external_link&#8220; onclick=&#8220;link_image&#8220; custom_src=&#8220;https:\/\/www.ceramictiles.com\/images\/alcalagres\/alcalagres_quarcity_beige.jpg&#8220; el_class=&#8220;eheight&#8220;][vc_column_text]<strong>Quarcity Beige<\/strong><br \/>\n<a class=\"pdfcatal\" href=\"\/\/www.ceramictiles.com\/pdf\/catalogue_alcalagres.pdf\"> PDF Kolekcijski katalog<\/a><br \/>\nZa najbolju ponudu, po\u0161aljite nam boju, dimenzije, koli\u010dinu i adresu za dostavu.<br \/>\n<a href=\"mailto:zo_mi@ceramictiles.com\">Zahtjev za ponudu<\/a>[\/vc_column_text][vc_separator color=&#8220;black&#8220; border_width=&#8220;2&#8243;]<br \/>\n[\/vc_column][vc_column width=&#8220;1\/3&#8243;][vc_single_image source=&#8220;external_link&#8220; onclick=&#8220;link_image&#8220; custom_src=&#8220;https:\/\/www.ceramictiles.com\/images\/alcalagres\/alcalagres_quarcity_grafito.jpg&#8220; el_class=&#8220;eheight&#8220;][vc_column_text]<strong>Quarcity Grafito<\/strong><br \/>\n<a class=\"pdfcatal\" href=\"\/\/www.ceramictiles.com\/pdf\/catalogue_alcalagres.pdf\"> PDF Kolekcijski katalog<\/a><br \/>\nZa najbolju ponudu, po\u0161aljite nam boju, dimenzije, koli\u010dinu i adresu za dostavu.<br \/>\n<a href=\"mailto:zo_mi@ceramictiles.com\">Zahtjev za ponudu<\/a>[\/vc_column_text][vc_separator color=&#8220;black&#8220; border_width=&#8220;2&#8243;]<br \/>\n[\/vc_column][vc_column width=&#8220;1\/3&#8243;][vc_single_image source=&#8220;external_link&#8220; onclick=&#8220;link_image&#8220; custom_src=&#8220;https:\/\/www.ceramictiles.com\/images\/alcalagres\/alcalagres_quarcity_gris.jpg&#8220; el_class=&#8220;eheight&#8220;][vc_column_text]<strong>Quarcity Gris<\/strong><br \/>\n<a class=\"pdfcatal\" href=\"\/\/www.ceramictiles.com\/pdf\/catalogue_alcalagres.pdf\"> PDF Kolekcijski katalog<\/a><br \/>\nZa najbolju ponudu, po\u0161aljite nam boju, dimenzije, koli\u010dinu i adresu za dostavu.<br \/>\n<a href=\"mailto:zo_mi@ceramictiles.com\">Zahtjev za ponudu<\/a>[\/vc_column_text][vc_separator color=&#8220;black&#8220; border_width=&#8220;2&#8243;]<br \/>\n[\/vc_column][vc_column width=&#8220;1\/3&#8243;][vc_single_image source=&#8220;external_link&#8220; onclick=&#8220;link_image&#8220; custom_src=&#8220;https:\/\/www.ceramictiles.com\/images\/alcalagres\/alcalagres_quarcity_negro.jpg&#8220; el_class=&#8220;eheight&#8220;][vc_column_text]<strong>Quarcity Negro<\/strong><br \/>\n<a class=\"pdfcatal\" href=\"\/\/www.ceramictiles.com\/pdf\/catalogue_alcalagres.pdf\"> PDF Kolekcijski katalog<\/a><br \/>\nZa najbolju ponudu, po\u0161aljite nam boju, dimenzije, koli\u010dinu i adresu za dostavu.<br \/>\n<a href=\"mailto:zo_mi@ceramictiles.com\">Zahtjev za ponudu<\/a>[\/vc_column_text][vc_separator color=&#8220;black&#8220; border_width=&#8220;2&#8243;]<\/p>\n<p>[\/vc_column][\/vc_row]<\/p>\n","protected":false},"excerpt":{"rendered":"<p>Alcalagres Quarcity Gris je proizvod iz \u0160panije te je izuzetno kvalitetna. Plo\u010dice sive boje osvje\u017eit \u0107e svaki prostor. Alcalagres Quarcity Gris je dostupna po vrlo povoljnim cenama 3593,75 RSD. Plo\u010dica na sliki je 60&#215;60 cm. 9 mm debljina \u0107e zadovoljiti i najzahtevnije kupce. Kliknite na ime serije za sve plo\u010dice u toj seriji: Alcalagres Quarcity [&hellip;]<\/p>\n","protected":false},"featured_media":93078,"template":"","meta":[],"product_cat":[99952,200,280,240,260,999,290,270,250],"product_tag":[99950100,99950096,99950098,99950099,99950091],"_links":{"self":[{"href":"https:\/\/www.keramika.com\/srbija\/wp-json\/wp\/v2\/product\/93077"}],"collection":[{"href":"https:\/\/www.keramika.com\/srbija\/wp-json\/wp\/v2\/product"}],"about":[{"href":"https:\/\/www.keramika.com\/srbija\/wp-json\/wp\/v2\/types\/product"}],"wp:featuredmedia":[{"embeddable":true,"href":"https:\/\/www.keramika.com\/srbija\/wp-json\/wp\/v2\/media\/93078"}],"wp:attachment":[{"href":"https:\/\/www.keramika.com\/srbija\/wp-json\/wp\/v2\/media?parent=93077"}],"wp:term":[{"taxonomy":"product_cat","embeddable":true,"href":"https:\/\/www.keramika.com\/srbija\/wp-json\/wp\/v2\/product_cat?post=93077"},{"taxonomy":"product_tag","embeddable":true,"href":"https:\/\/www.keramika.com\/srbija\/wp-json\/wp\/v2\/product_tag?post=93077"}],"curies":[{"name":"wp","href":"https:\/\/api.w.org\/{rel}","templated":true}]}}