{"id":93073,"date":"2017-07-02T03:44:33","date_gmt":"2017-07-02T03:44:33","guid":{"rendered":"http:\/\/www.ceramictiles.com\/srbija\/product\/projekt-plocice-alcalagres-otranto-beige\/"},"modified":"2026-01-03T00:00:38","modified_gmt":"2026-01-03T00:00:38","slug":"projekt-plocice-alcalagres-otranto-beige","status":"publish","type":"product","link":"https:\/\/www.keramika.com\/srbija\/projekt-plocice-alcalagres-otranto-beige\/","title":{"rendered":"Projekt plo\u010dice Alcalagres Otranto Beige"},"content":{"rendered":"<p>Alcalagres Otranto Beige je dostupna po vrlo povoljnim cenama 3881,25 RSD. U izboru plo\u010dica be\u017e boje, ne mo\u017eete pogre\u0161iti. Veli\u010dina 60&#215;60 cm je odli\u010dna za sve podloge. Alcalagres Otranto Beige je proizvod iz \u0160panije te je izuzetno kvalitetna. Ova plo\u010dica je debela 9 mm i zato je izuzetno izdr\u017eljiva.<\/p>\n<p>Kliknite na ime serije za sve plo\u010dice u toj seriji: <a class=\"pdfcatal\" href=\"\/\/www.ceramictiles.com\/pdf\/alcalagres\/catalogue_alcalagres_otranto.pdf\" onclick=\"recordOutboundLink(this, 'E-mail', 'Description PDF');return false;\">Alcalagres Otranto<\/a><\/p>\n<p>Da bi naru\u010dili model iz PDF kataloga ove serije, molimo vas, da nas kontaktirate na: <a href=\"mailto:zo_mi@ceramictiles.com\" onclick=\"recordOutboundLink(this, 'E-mail', 'Description mail');return false;\">zo_mi@ceramictiles.com<\/a> ili nas pozovite na: For exact offer, PLS send us quantity and product you need with delivery address..<\/p>\n<p>Technical description: <br \/>  W &#038; F: 60&#215;60 ; 45&#215;90 <br \/>Otranto Beige Mate ; Otranto Beige Lucidato ; Otranto Arena Mate ; Otranto Arena Lucidato ; Otranto Nacar Mate ; Otranto Nacar Lucidato ; Otranto Gris Mate ; Otranto Gris Lucidato ; Otranto Negro Mate ; Otranto Negro Lucidato ;<\/p>\n","protected":false},"excerpt":{"rendered":"<p>Alcalagres Otranto Beige je dostupna po vrlo povoljnim cenama 3881,25 RSD. U izboru plo\u010dica be\u017e boje, ne mo\u017eete pogre\u0161iti. Veli\u010dina 60&#215;60 cm je odli\u010dna za sve podloge. Alcalagres Otranto Beige je proizvod iz \u0160panije te je izuzetno kvalitetna. Ova plo\u010dica je debela 9 mm i zato je izuzetno izdr\u017eljiva. Kliknite na ime serije za sve [&hellip;]<\/p>\n","protected":false},"featured_media":93074,"template":"","meta":[],"product_cat":[99952,200,240,260,999,290,250],"product_tag":[],"_links":{"self":[{"href":"https:\/\/www.keramika.com\/srbija\/wp-json\/wp\/v2\/product\/93073"}],"collection":[{"href":"https:\/\/www.keramika.com\/srbija\/wp-json\/wp\/v2\/product"}],"about":[{"href":"https:\/\/www.keramika.com\/srbija\/wp-json\/wp\/v2\/types\/product"}],"wp:featuredmedia":[{"embeddable":true,"href":"https:\/\/www.keramika.com\/srbija\/wp-json\/wp\/v2\/media\/93074"}],"wp:attachment":[{"href":"https:\/\/www.keramika.com\/srbija\/wp-json\/wp\/v2\/media?parent=93073"}],"wp:term":[{"taxonomy":"product_cat","embeddable":true,"href":"https:\/\/www.keramika.com\/srbija\/wp-json\/wp\/v2\/product_cat?post=93073"},{"taxonomy":"product_tag","embeddable":true,"href":"https:\/\/www.keramika.com\/srbija\/wp-json\/wp\/v2\/product_tag?post=93073"}],"curies":[{"name":"wp","href":"https:\/\/api.w.org\/{rel}","templated":true}]}}