{"id":93071,"date":"2017-07-02T03:44:13","date_gmt":"2017-07-02T03:44:13","guid":{"rendered":"http:\/\/www.ceramictiles.com\/srbija\/product\/projekt-plocice-alcalagres-onix-marron\/"},"modified":"2026-01-03T00:00:38","modified_gmt":"2026-01-03T00:00:38","slug":"projekt-plocice-alcalagres-onix-marron","status":"publish","type":"product","link":"https:\/\/www.keramika.com\/srbija\/projekt-plocice-alcalagres-onix-marron\/","title":{"rendered":"Projekt plo\u010dice Alcalagres Onix Marr\u00f3n"},"content":{"rendered":"<p>9 mm debljina \u0107e zadovoljiti i najzahtevnije kupce. Dimenzije ovih plo\u010dica su 45&#215;90 cm. U maloprodaji bi morali za tu plo\u010dicu platiti 6289,35 RSD, online cena je samo 5031,25 RSD. U izboru plo\u010dica braon boje, ne mo\u017eete pogre\u0161iti. Plo\u010dice dolaze iz \u0160panije, koja je poznata po kvalitetnoj keramiki.<\/p>\n<p>Kliknite na ime serije za sve plo\u010dice u toj seriji: <a class=\"pdfcatal\" href=\"\/\/www.ceramictiles.com\/pdf\/alcalagres\/catalogue_alcalagres_onix.pdf\" onclick=\"recordOutboundLink(this, 'E-mail', 'Description PDF');return false;\">Alcalagres Onix<\/a><\/p>\n<p>Da bi naru\u010dili model iz PDF kataloga ove serije, molimo vas, da nas kontaktirate na: <a href=\"mailto:zo_mi@ceramictiles.com\" onclick=\"recordOutboundLink(this, 'E-mail', 'Description mail');return false;\">zo_mi@ceramictiles.com<\/a> ili nas pozovite na: For exact offer, PLS send us quantity and product you need with delivery address..<\/p>\n<p>Technical description: <br \/>  W &#038; F: 30&#215;30 ; 30&#215;60 ; 45&#215;90 <br \/>Onix Marr\u00f3n R\u00fastico ; Onix Blanco R\u00fastico ; Onix Antracita R\u00fastico ; Onix Negro R\u00fastico ;<\/p>\n","protected":false},"excerpt":{"rendered":"<p>9 mm debljina \u0107e zadovoljiti i najzahtevnije kupce. Dimenzije ovih plo\u010dica su 45&#215;90 cm. U maloprodaji bi morali za tu plo\u010dicu platiti 6289,35 RSD, online cena je samo 5031,25 RSD. U izboru plo\u010dica braon boje, ne mo\u017eete pogre\u0161iti. Plo\u010dice dolaze iz \u0160panije, koja je poznata po kvalitetnoj keramiki. Kliknite na ime serije za sve plo\u010dice [&hellip;]<\/p>\n","protected":false},"featured_media":93072,"template":"","meta":[],"product_cat":[99952,200,240,260,999,290,250],"product_tag":[],"_links":{"self":[{"href":"https:\/\/www.keramika.com\/srbija\/wp-json\/wp\/v2\/product\/93071"}],"collection":[{"href":"https:\/\/www.keramika.com\/srbija\/wp-json\/wp\/v2\/product"}],"about":[{"href":"https:\/\/www.keramika.com\/srbija\/wp-json\/wp\/v2\/types\/product"}],"wp:featuredmedia":[{"embeddable":true,"href":"https:\/\/www.keramika.com\/srbija\/wp-json\/wp\/v2\/media\/93072"}],"wp:attachment":[{"href":"https:\/\/www.keramika.com\/srbija\/wp-json\/wp\/v2\/media?parent=93071"}],"wp:term":[{"taxonomy":"product_cat","embeddable":true,"href":"https:\/\/www.keramika.com\/srbija\/wp-json\/wp\/v2\/product_cat?post=93071"},{"taxonomy":"product_tag","embeddable":true,"href":"https:\/\/www.keramika.com\/srbija\/wp-json\/wp\/v2\/product_tag?post=93071"}],"curies":[{"name":"wp","href":"https:\/\/api.w.org\/{rel}","templated":true}]}}