{"id":93069,"date":"2017-07-02T03:43:52","date_gmt":"2017-07-02T03:43:52","guid":{"rendered":"http:\/\/www.ceramictiles.com\/srbija\/product\/projekt-plocice-alcalagres-oldwood-nogal\/"},"modified":"2026-01-03T00:00:38","modified_gmt":"2026-01-03T00:00:38","slug":"projekt-plocice-alcalagres-oldwood-nogal","status":"publish","type":"product","link":"https:\/\/www.keramika.com\/srbija\/projekt-plocice-alcalagres-oldwood-nogal\/","title":{"rendered":"Projekt plo\u010dice Alcalagres Oldwood Nogal"},"content":{"rendered":"<p>Ova plo\u010dica je debela 9 mm i zato je izuzetno izdr\u017eljiva. Plo\u010dica na sliki je 22,5&#215;90 cm. Online cena je samo 4628,75 RSD, dok redovna, maloprodajna cena 5785,65 RSD. plo\u010dica proizvo\u0111a\u010da Alcalagres iz \u0160panije. Ove crne kerami\u010dke plo\u010dice, obogatit \u0107e svaki prostor.<\/p>\n<p>Kliknite na ime serije za sve plo\u010dice u toj seriji: <a class=\"pdfcatal\" href=\"\/\/www.ceramictiles.com\/pdf\/alcalagres\/catalogue_alcalagres_oldwood.pdf\" onclick=\"recordOutboundLink(this, 'E-mail', 'Description PDF');return false;\">Alcalagres Oldwood<\/a><\/p>\n<p>Da bi naru\u010dili model iz PDF kataloga ove serije, molimo vas, da nas kontaktirate na: <a href=\"mailto:zo_mi@ceramictiles.com\" onclick=\"recordOutboundLink(this, 'E-mail', 'Description mail');return false;\">zo_mi@ceramictiles.com<\/a> ili nas pozovite na: For exact offer, PLS send us quantity and product you need with delivery address..<\/p>\n<p>Technical description: <br \/>  W &#038; F: 15&#215;90 ; 22,5&#215;90 <br \/>Oldwood Nogal Natural ; Oldwood Nogal Lucidato ; Oldwood Cedro NaturalOldwood Cedro LucidatoOldwood Teka NaturalOldwood Teka LucidatoOldwood Iroko NaturalOldwood Iroko LucidatoOldwood Pino NaturalOldwood Pino Lucidato<\/p>\n","protected":false},"excerpt":{"rendered":"<p>Ova plo\u010dica je debela 9 mm i zato je izuzetno izdr\u017eljiva. Plo\u010dica na sliki je 22,5&#215;90 cm. Online cena je samo 4628,75 RSD, dok redovna, maloprodajna cena 5785,65 RSD. plo\u010dica proizvo\u0111a\u010da Alcalagres iz \u0160panije. Ove crne kerami\u010dke plo\u010dice, obogatit \u0107e svaki prostor. Kliknite na ime serije za sve plo\u010dice u toj seriji: Alcalagres Oldwood Da [&hellip;]<\/p>\n","protected":false},"featured_media":93070,"template":"","meta":[],"product_cat":[99952,200,240,260,999,290,250],"product_tag":[],"_links":{"self":[{"href":"https:\/\/www.keramika.com\/srbija\/wp-json\/wp\/v2\/product\/93069"}],"collection":[{"href":"https:\/\/www.keramika.com\/srbija\/wp-json\/wp\/v2\/product"}],"about":[{"href":"https:\/\/www.keramika.com\/srbija\/wp-json\/wp\/v2\/types\/product"}],"wp:featuredmedia":[{"embeddable":true,"href":"https:\/\/www.keramika.com\/srbija\/wp-json\/wp\/v2\/media\/93070"}],"wp:attachment":[{"href":"https:\/\/www.keramika.com\/srbija\/wp-json\/wp\/v2\/media?parent=93069"}],"wp:term":[{"taxonomy":"product_cat","embeddable":true,"href":"https:\/\/www.keramika.com\/srbija\/wp-json\/wp\/v2\/product_cat?post=93069"},{"taxonomy":"product_tag","embeddable":true,"href":"https:\/\/www.keramika.com\/srbija\/wp-json\/wp\/v2\/product_tag?post=93069"}],"curies":[{"name":"wp","href":"https:\/\/api.w.org\/{rel}","templated":true}]}}