{"id":93067,"date":"2017-07-02T03:43:17","date_gmt":"2017-07-02T03:43:17","guid":{"rendered":"http:\/\/www.ceramictiles.com\/srbija\/product\/projekt-plocice-alcalagres-nuvolato-beige\/"},"modified":"2026-01-03T00:00:37","modified_gmt":"2026-01-03T00:00:37","slug":"projekt-plocice-alcalagres-nuvolato-beige","status":"publish","type":"product","link":"https:\/\/www.keramika.com\/srbija\/projekt-plocice-alcalagres-nuvolato-beige\/","title":{"rendered":"Projekt plo\u010dice Alcalagres Nuvolato Beige"},"content":{"rendered":"<p>Plo\u010dica 45&#215;90 cm je dobra za ve\u0107 razli\u010ditih namena. Plo\u010dice be\u017e boje osvje\u017eit \u0107e svaki prostor. Zbog ni\u017eih tro\u0161kova, online prodaje, Vi \u0107e te na na\u0161oj strani ove plo\u010de platiti samo 5261,25 RSD. Plo\u010dica je debela 9 mm, \u0161to je ubraja u tvrde plo\u010dice. Plo\u010dice dolaze iz \u0160panije, koja je poznata po kvalitetnoj keramiki.<\/p>\n<p>Kliknite na ime serije za sve plo\u010dice u toj seriji: <a class=\"pdfcatal\" href=\"\/\/www.ceramictiles.com\/pdf\/alcalagres\/catalogue_alcalagres_nuvolato.pdf\" onclick=\"recordOutboundLink(this, 'E-mail', 'Description PDF');return false;\">Alcalagres Nuvolato<\/a><\/p>\n<p>Da bi naru\u010dili model iz PDF kataloga ove serije, molimo vas, da nas kontaktirate na: <a href=\"mailto:zo_mi@ceramictiles.com\" onclick=\"recordOutboundLink(this, 'E-mail', 'Description mail');return false;\">zo_mi@ceramictiles.com<\/a> ili nas pozovite na: For exact offer, PLS send us quantity and product you need with delivery address..<\/p>\n<p>Technical description: <br \/>  W &#038; F: 30&#215;60 ; 45&#215;90 <br \/>Nuvolato Nacar Lucidato ; Nuvolato Beige Lucidato ;<\/p>\n","protected":false},"excerpt":{"rendered":"<p>Plo\u010dica 45&#215;90 cm je dobra za ve\u0107 razli\u010ditih namena. Plo\u010dice be\u017e boje osvje\u017eit \u0107e svaki prostor. Zbog ni\u017eih tro\u0161kova, online prodaje, Vi \u0107e te na na\u0161oj strani ove plo\u010de platiti samo 5261,25 RSD. Plo\u010dica je debela 9 mm, \u0161to je ubraja u tvrde plo\u010dice. Plo\u010dice dolaze iz \u0160panije, koja je poznata po kvalitetnoj keramiki. Kliknite [&hellip;]<\/p>\n","protected":false},"featured_media":93068,"template":"","meta":[],"product_cat":[99952,200,240,260,999,290,250],"product_tag":[],"_links":{"self":[{"href":"https:\/\/www.keramika.com\/srbija\/wp-json\/wp\/v2\/product\/93067"}],"collection":[{"href":"https:\/\/www.keramika.com\/srbija\/wp-json\/wp\/v2\/product"}],"about":[{"href":"https:\/\/www.keramika.com\/srbija\/wp-json\/wp\/v2\/types\/product"}],"wp:featuredmedia":[{"embeddable":true,"href":"https:\/\/www.keramika.com\/srbija\/wp-json\/wp\/v2\/media\/93068"}],"wp:attachment":[{"href":"https:\/\/www.keramika.com\/srbija\/wp-json\/wp\/v2\/media?parent=93067"}],"wp:term":[{"taxonomy":"product_cat","embeddable":true,"href":"https:\/\/www.keramika.com\/srbija\/wp-json\/wp\/v2\/product_cat?post=93067"},{"taxonomy":"product_tag","embeddable":true,"href":"https:\/\/www.keramika.com\/srbija\/wp-json\/wp\/v2\/product_tag?post=93067"}],"curies":[{"name":"wp","href":"https:\/\/api.w.org\/{rel}","templated":true}]}}