{"id":93063,"date":"2017-07-02T03:42:37","date_gmt":"2017-07-02T03:42:37","guid":{"rendered":"http:\/\/www.ceramictiles.com\/srbija\/product\/porcelanske-plocice-alcalagres-lifestone-arena\/"},"modified":"2026-01-03T00:00:37","modified_gmt":"2026-01-03T00:00:37","slug":"porcelanske-plocice-alcalagres-lifestone-arena","status":"publish","type":"product","link":"https:\/\/www.keramika.com\/srbija\/porcelanske-plocice-alcalagres-lifestone-arena\/","title":{"rendered":"Porcelanske plo\u010dice Alcalagres Lifestone Arena"},"content":{"rendered":"<p>6001,85 RSD je redovna prodajna cena keramike, tu pa samo 4801,25 RSD. Ove be\u017e kerami\u010dke plo\u010dice, obogatit \u0107e svaki prostor. 9 mm debljine je dovoljno za zahtevnije kupce. Plo\u010dica 45&#215;90 cm je dobra za ve\u0107 razli\u010ditih namena. Plo\u010dice dolaze iz \u0160panije, koja je poznata po kvalitetnoj keramiki.<\/p>\n<p>Kliknite na ime serije za sve plo\u010dice u toj seriji: <a class=\"pdfcatal\" href=\"\/\/www.ceramictiles.com\/pdf\/alcalagres\/catalogue_alcalagres_lifestone.pdf\" onclick=\"recordOutboundLink(this, 'E-mail', 'Description PDF');return false;\">Alcalagres Lifestone<\/a><\/p>\n<p>Da bi naru\u010dili model iz PDF kataloga ove serije, molimo vas, da nas kontaktirate na: <a href=\"mailto:zo_mi@ceramictiles.com\" onclick=\"recordOutboundLink(this, 'E-mail', 'Description mail');return false;\">zo_mi@ceramictiles.com<\/a> ili nas pozovite na: For exact offer, PLS send us quantity and product you need with delivery address..<\/p>\n<p>Technical description: <br \/>  W &#038; F: 30&#215;30 ; 30&#215;60 ; 45&#215;45 ; 45&#215;90 ; 60&#215;60 <br \/>Lifestone Grafito Mate ; Lifestone Grafito Antideslizante ; Lifestone Gris Mate ; Lifestone Gris Antideslizante ; Lifestone N\u00e1car Mate ; Lifestone N\u00e1car Antideslizante ; Lifestone Arena Mate ; Lifestone Arena Antideslizante ; Lifestone Tabaco Mate ; Lifestone Tabaco Antideslizante ;<\/p>\n","protected":false},"excerpt":{"rendered":"<p>6001,85 RSD je redovna prodajna cena keramike, tu pa samo 4801,25 RSD. Ove be\u017e kerami\u010dke plo\u010dice, obogatit \u0107e svaki prostor. 9 mm debljine je dovoljno za zahtevnije kupce. Plo\u010dica 45&#215;90 cm je dobra za ve\u0107 razli\u010ditih namena. Plo\u010dice dolaze iz \u0160panije, koja je poznata po kvalitetnoj keramiki. Kliknite na ime serije za sve plo\u010dice u [&hellip;]<\/p>\n","protected":false},"featured_media":93064,"template":"","meta":[],"product_cat":[99952,200,240,260,999,290,250],"product_tag":[],"_links":{"self":[{"href":"https:\/\/www.keramika.com\/srbija\/wp-json\/wp\/v2\/product\/93063"}],"collection":[{"href":"https:\/\/www.keramika.com\/srbija\/wp-json\/wp\/v2\/product"}],"about":[{"href":"https:\/\/www.keramika.com\/srbija\/wp-json\/wp\/v2\/types\/product"}],"wp:featuredmedia":[{"embeddable":true,"href":"https:\/\/www.keramika.com\/srbija\/wp-json\/wp\/v2\/media\/93064"}],"wp:attachment":[{"href":"https:\/\/www.keramika.com\/srbija\/wp-json\/wp\/v2\/media?parent=93063"}],"wp:term":[{"taxonomy":"product_cat","embeddable":true,"href":"https:\/\/www.keramika.com\/srbija\/wp-json\/wp\/v2\/product_cat?post=93063"},{"taxonomy":"product_tag","embeddable":true,"href":"https:\/\/www.keramika.com\/srbija\/wp-json\/wp\/v2\/product_tag?post=93063"}],"curies":[{"name":"wp","href":"https:\/\/api.w.org\/{rel}","templated":true}]}}