{"id":93059,"date":"2017-07-02T03:41:56","date_gmt":"2017-07-02T03:41:56","guid":{"rendered":"http:\/\/www.ceramictiles.com\/srbija\/product\/porcelanske-plocice-alcalagres-dolmen-beige\/"},"modified":"2026-01-03T00:00:36","modified_gmt":"2026-01-03T00:00:36","slug":"porcelanske-plocice-alcalagres-dolmen-beige","status":"publish","type":"product","link":"https:\/\/www.keramika.com\/srbija\/porcelanske-plocice-alcalagres-dolmen-beige\/","title":{"rendered":"Porcelanske plo\u010dice Alcalagres Dolmen Beige"},"content":{"rendered":"<p>20 mm debljine je dovoljno za zahtevnije kupce. Plo\u010dice dolaze iz \u0160panije, koja je poznata po kvalitetnoj keramiki. Alcalagres Dolmen Beige je dostupna po vrlo povoljnim cenama 6008,75 RSD. Veli\u010dina plo\u010dice je 45&#215;45 cm i odli\u010dna je za razli\u010dite povr\u0161ine. Plo\u010dice be\u017e boje osvje\u017eit \u0107e svaki prostor.<\/p>\n<p>Kliknite na ime serije za sve plo\u010dice u toj seriji: <a class=\"pdfcatal\" href=\"\/\/www.ceramictiles.com\/pdf\/alcalagres\/catalogue_alcalagres_dolmen.pdf\" onclick=\"recordOutboundLink(this, 'E-mail', 'Description PDF');return false;\">Alcalagres Dolmen<\/a><\/p>\n<p>Da bi naru\u010dili model iz PDF kataloga ove serije, molimo vas, da nas kontaktirate na: <a href=\"mailto:zo_mi@ceramictiles.com\" onclick=\"recordOutboundLink(this, 'E-mail', 'Description mail');return false;\">zo_mi@ceramictiles.com<\/a> ili nas pozovite na: For exact offer, PLS send us quantity and product you need with delivery address..<\/p>\n<p>Technical description: <br \/>  W &#038; F: 30&#215;60 ; 45&#215;45 ; 60&#215;60 <br \/>Dolmen Beige Mate ; Dolmen Beige Lucidato ; Dolmen Beige R\u00fastico ; Dolmen Nacar Mate ; Dolmen Nacar Lucidato ; Dolmen Nacar R\u00fastico ; Dolmen Gris Mate ; Dolmen Gris Lucidato ; Dolmen Gris R\u00fastico ; Dolmen Grafito Mate ; Dolmen Grafito Lucidato ; Dolmen Grafito R\u00fastico ;<\/p>\n","protected":false},"excerpt":{"rendered":"<p>20 mm debljine je dovoljno za zahtevnije kupce. Plo\u010dice dolaze iz \u0160panije, koja je poznata po kvalitetnoj keramiki. Alcalagres Dolmen Beige je dostupna po vrlo povoljnim cenama 6008,75 RSD. Veli\u010dina plo\u010dice je 45&#215;45 cm i odli\u010dna je za razli\u010dite povr\u0161ine. Plo\u010dice be\u017e boje osvje\u017eit \u0107e svaki prostor. Kliknite na ime serije za sve plo\u010dice u [&hellip;]<\/p>\n","protected":false},"featured_media":93060,"template":"","meta":[],"product_cat":[99952,200,240,260,999,290,250],"product_tag":[],"_links":{"self":[{"href":"https:\/\/www.keramika.com\/srbija\/wp-json\/wp\/v2\/product\/93059"}],"collection":[{"href":"https:\/\/www.keramika.com\/srbija\/wp-json\/wp\/v2\/product"}],"about":[{"href":"https:\/\/www.keramika.com\/srbija\/wp-json\/wp\/v2\/types\/product"}],"wp:featuredmedia":[{"embeddable":true,"href":"https:\/\/www.keramika.com\/srbija\/wp-json\/wp\/v2\/media\/93060"}],"wp:attachment":[{"href":"https:\/\/www.keramika.com\/srbija\/wp-json\/wp\/v2\/media?parent=93059"}],"wp:term":[{"taxonomy":"product_cat","embeddable":true,"href":"https:\/\/www.keramika.com\/srbija\/wp-json\/wp\/v2\/product_cat?post=93059"},{"taxonomy":"product_tag","embeddable":true,"href":"https:\/\/www.keramika.com\/srbija\/wp-json\/wp\/v2\/product_tag?post=93059"}],"curies":[{"name":"wp","href":"https:\/\/api.w.org\/{rel}","templated":true}]}}