{"id":93057,"date":"2017-07-02T03:41:37","date_gmt":"2017-07-02T03:41:37","guid":{"rendered":"http:\/\/www.ceramictiles.com\/srbija\/product\/porcelanske-plocice-alcalagres-concept-grafito\/"},"modified":"2026-01-03T00:00:36","modified_gmt":"2026-01-03T00:00:36","slug":"porcelanske-plocice-alcalagres-concept-grafito","status":"publish","type":"product","link":"https:\/\/www.keramika.com\/srbija\/porcelanske-plocice-alcalagres-concept-grafito\/","title":{"rendered":"Porcelanske plo\u010dice Alcalagres Concept Grafito"},"content":{"rendered":"<p>Alcalagres Concept Grafito je dostupna po vrlo povoljnim cenama 4226,25 RSD. Alcalagres Concept Grafito dolazi iz \u0160panije, koja je poznata po vrlo visokoj kvaliteta keramike u svetu. 9 mm debljine je dovoljno za zahtevnije kupce. \u0160irina i du\u017eina plo\u010dice su 60&#215;60 cm. Plo\u010dice crne boje osvje\u017eit \u0107e svaki prostor.<\/p>\n<p>Kliknite na ime serije za sve plo\u010dice u toj seriji: <a class=\"pdfcatal\" href=\"\/\/www.ceramictiles.com\/pdf\/alcalagres\/catalogue_alcalagres_concept.pdf\" onclick=\"recordOutboundLink(this, 'E-mail', 'Description PDF');return false;\">Alcalagres Concept<\/a><\/p>\n<p>Da bi naru\u010dili model iz PDF kataloga ove serije, molimo vas, da nas kontaktirate na: <a href=\"mailto:zo_mi@ceramictiles.com\" onclick=\"recordOutboundLink(this, 'E-mail', 'Description mail');return false;\">zo_mi@ceramictiles.com<\/a> ili nas pozovite na: For exact offer, PLS send us quantity and product you need with delivery address..<\/p>\n<p>Technical description: <br \/>  W &#038; F: 30&#215;60 ; 40&#215;40 ; 60&#215;60 <br \/>Concept Marr\u00f3n Mate ; Concept Marr\u00f3n Pulido ; Concept Beige Mate ; Concept Beige Pulido ; Concept Beige R\u00fastico ; Concept Blanco Mate ; Concept Blanco Pulido ; Concept Blanco R\u00fastico ; Concept Gris Mate ; Concept Gris Pulido ; Concept Grafito Mate ; Concept Grafito Pulido ; Concept Grafito R\u00fastico ; Concept Negro Mate ; Concept Negro Pulido ; Concept Negro R\u00fastico ;<\/p>\n","protected":false},"excerpt":{"rendered":"<p>Alcalagres Concept Grafito je dostupna po vrlo povoljnim cenama 4226,25 RSD. Alcalagres Concept Grafito dolazi iz \u0160panije, koja je poznata po vrlo visokoj kvaliteta keramike u svetu. 9 mm debljine je dovoljno za zahtevnije kupce. \u0160irina i du\u017eina plo\u010dice su 60&#215;60 cm. Plo\u010dice crne boje osvje\u017eit \u0107e svaki prostor. Kliknite na ime serije za sve [&hellip;]<\/p>\n","protected":false},"featured_media":93058,"template":"","meta":[],"product_cat":[99952,200,240,260,999,290,250],"product_tag":[],"_links":{"self":[{"href":"https:\/\/www.keramika.com\/srbija\/wp-json\/wp\/v2\/product\/93057"}],"collection":[{"href":"https:\/\/www.keramika.com\/srbija\/wp-json\/wp\/v2\/product"}],"about":[{"href":"https:\/\/www.keramika.com\/srbija\/wp-json\/wp\/v2\/types\/product"}],"wp:featuredmedia":[{"embeddable":true,"href":"https:\/\/www.keramika.com\/srbija\/wp-json\/wp\/v2\/media\/93058"}],"wp:attachment":[{"href":"https:\/\/www.keramika.com\/srbija\/wp-json\/wp\/v2\/media?parent=93057"}],"wp:term":[{"taxonomy":"product_cat","embeddable":true,"href":"https:\/\/www.keramika.com\/srbija\/wp-json\/wp\/v2\/product_cat?post=93057"},{"taxonomy":"product_tag","embeddable":true,"href":"https:\/\/www.keramika.com\/srbija\/wp-json\/wp\/v2\/product_tag?post=93057"}],"curies":[{"name":"wp","href":"https:\/\/api.w.org\/{rel}","templated":true}]}}