{"id":93045,"date":"2017-07-02T03:39:48","date_gmt":"2017-07-02T03:39:48","guid":{"rendered":"http:\/\/www.ceramictiles.com\/srbija\/product\/plocice-za-kupatilo-zirconio-portland-tobacco\/"},"modified":"2026-01-03T00:00:35","modified_gmt":"2026-01-03T00:00:35","slug":"plocice-za-kupatilo-zirconio-portland-tobacco","status":"publish","type":"product","link":"https:\/\/www.keramika.com\/srbija\/plocice-za-kupatilo-zirconio-portland-tobacco\/","title":{"rendered":"Plo\u010dice za kupatilo Zirconio Portland Tobacco"},"content":{"rendered":"<p>Online cena je samo 3427 RSD, dok redovna, maloprodajna cena 4283,75 RSD. Plo\u010dica na sliki je 60&#215;60 cm. Ova plo\u010dica je debela 11 mm i zato je izuzetno izdr\u017eljiva. Keramika je prekrasne braon boje. U koliko \u017eelite neku drugu boju, pozovite nas i mi \u0107emo proveriti kod proizvo\u0111a\u010da. Zirconio Portland Tobacco je proizvod iz \u0160panije te je izuzetno kvalitetna.<\/p>\n<p>Kliknite na ime serije za sve plo\u010dice u toj seriji: <a class=\"pdfcatal\" href=\"\/\/www.ceramictiles.com\/pdf\/zirconio\/catalogue_zirconio_portland.pdf\">Zirconio Portland<\/a><\/p>\n<p>Da bi naru\u010dili model iz PDF kataloga ove serije, molimo vas, da nas kontaktirate na: <a href=\"mailto:zo_mi@ceramictiles.com\">zo_mi@ceramictiles.com<\/a> ili nas pozovite na: For exact offer, PLS send us quantity and product you need with delivery address..<\/p>\n","protected":false},"excerpt":{"rendered":"<p>Online cena je samo 3427 RSD, dok redovna, maloprodajna cena 4283,75 RSD. Plo\u010dica na sliki je 60&#215;60 cm. Ova plo\u010dica je debela 11 mm i zato je izuzetno izdr\u017eljiva. Keramika je prekrasne braon boje. U koliko \u017eelite neku drugu boju, pozovite nas i mi \u0107emo proveriti kod proizvo\u0111a\u010da. Zirconio Portland Tobacco je proizvod iz \u0160panije [&hellip;]<\/p>\n","protected":false},"featured_media":93046,"template":"","meta":[],"product_cat":[200,240,260,999,270,999137],"product_tag":[],"_links":{"self":[{"href":"https:\/\/www.keramika.com\/srbija\/wp-json\/wp\/v2\/product\/93045"}],"collection":[{"href":"https:\/\/www.keramika.com\/srbija\/wp-json\/wp\/v2\/product"}],"about":[{"href":"https:\/\/www.keramika.com\/srbija\/wp-json\/wp\/v2\/types\/product"}],"wp:featuredmedia":[{"embeddable":true,"href":"https:\/\/www.keramika.com\/srbija\/wp-json\/wp\/v2\/media\/93046"}],"wp:attachment":[{"href":"https:\/\/www.keramika.com\/srbija\/wp-json\/wp\/v2\/media?parent=93045"}],"wp:term":[{"taxonomy":"product_cat","embeddable":true,"href":"https:\/\/www.keramika.com\/srbija\/wp-json\/wp\/v2\/product_cat?post=93045"},{"taxonomy":"product_tag","embeddable":true,"href":"https:\/\/www.keramika.com\/srbija\/wp-json\/wp\/v2\/product_tag?post=93045"}],"curies":[{"name":"wp","href":"https:\/\/api.w.org\/{rel}","templated":true}]}}