{"id":93037,"date":"2017-07-02T03:38:41","date_gmt":"2017-07-02T03:38:41","guid":{"rendered":"http:\/\/www.ceramictiles.com\/srbija\/product\/mozaik-plocice-aparici-vision-ivory\/"},"modified":"2017-07-02T03:38:41","modified_gmt":"2017-07-02T03:38:41","slug":"mozaik-plocice-aparici-vision-ivory","status":"publish","type":"product","link":"https:\/\/www.keramika.com\/srbija\/mozaik-plocice-aparici-vision-ivory\/","title":{"rendered":"Mozaik plo\u010dice Aparici Vision Ivory"},"content":{"rendered":"<p>Dimenzije ovih plo\u010dica su 20&#215;59,2 cm. Ove plo\u010dice dolaze od proizvo\u0111a\u010da Aparici, iz \u0160panije. 10 mm debljine je dovoljno za zahtevnije kupce. Ta kolekcija, model plo\u010dice, se prodaje najvi\u0161e bele boje.<\/p>\n<p>Kliknite na ime serije za sve plo\u010dice u toj seriji: <a class=\"pdfcatal\" href=\"\/\/www.ceramictiles.com\/pdf\/aparici\/catalogue_aparici_vision.pdf\" onclick=\"recordOutboundLink(this, 'E-mail', 'Description PDF');return false;\">Aparici Vision<\/a><\/p>\n<p>Da bi naru\u010dili model iz PDF kataloga ove serije, molimo vas, da nas kontaktirate na: <a href=\"mailto:zo_mi@ceramictiles.com\" onclick=\"recordOutboundLink(this, 'E-mail', 'Description mail');return false;\">zo_mi@ceramictiles.com<\/a> ili nas pozovite na: For exact offer, PLS send us quantity and product you need with delivery address..<\/p>\n<p>Technical description: <br \/> W 20&#215;59,2 <br \/>Vision Ivory ; Vision \u00c1mbar ; Vision Green ;<\/p>\n","protected":false},"excerpt":{"rendered":"<p>Dimenzije ovih plo\u010dica su 20&#215;59,2 cm. Ove plo\u010dice dolaze od proizvo\u0111a\u010da Aparici, iz \u0160panije. 10 mm debljine je dovoljno za zahtevnije kupce. Ta kolekcija, model plo\u010dice, se prodaje najvi\u0161e bele boje. Kliknite na ime serije za sve plo\u010dice u toj seriji: Aparici Vision Da bi naru\u010dili model iz PDF kataloga ove serije, molimo vas, da [&hellip;]<\/p>\n","protected":false},"featured_media":93038,"template":"","meta":[],"product_cat":[999773,200,220,999,250],"product_tag":[],"_links":{"self":[{"href":"https:\/\/www.keramika.com\/srbija\/wp-json\/wp\/v2\/product\/93037"}],"collection":[{"href":"https:\/\/www.keramika.com\/srbija\/wp-json\/wp\/v2\/product"}],"about":[{"href":"https:\/\/www.keramika.com\/srbija\/wp-json\/wp\/v2\/types\/product"}],"wp:featuredmedia":[{"embeddable":true,"href":"https:\/\/www.keramika.com\/srbija\/wp-json\/wp\/v2\/media\/93038"}],"wp:attachment":[{"href":"https:\/\/www.keramika.com\/srbija\/wp-json\/wp\/v2\/media?parent=93037"}],"wp:term":[{"taxonomy":"product_cat","embeddable":true,"href":"https:\/\/www.keramika.com\/srbija\/wp-json\/wp\/v2\/product_cat?post=93037"},{"taxonomy":"product_tag","embeddable":true,"href":"https:\/\/www.keramika.com\/srbija\/wp-json\/wp\/v2\/product_tag?post=93037"}],"curies":[{"name":"wp","href":"https:\/\/api.w.org\/{rel}","templated":true}]}}