{"id":93016,"date":"2017-07-02T03:28:17","date_gmt":"2017-07-02T03:28:17","guid":{"rendered":"http:\/\/www.ceramictiles.com\/srbija\/product\/keramika-za-restorane-aparici-range-grey\/"},"modified":"2017-07-04T12:15:21","modified_gmt":"2017-07-04T12:15:21","slug":"keramika-za-restorane-aparici-range-grey","status":"publish","type":"product","link":"https:\/\/www.keramika.com\/srbija\/keramika-za-restorane-aparici-range-grey\/","title":{"rendered":"Keramika za restorane Aparici Range Grey"},"content":{"rendered":"<p>Dimenzije ovih plo\u010dica su 20&#215;59,2 cm. Izuzetno moderne plo\u010dice sive boje, osve\u017eit \u0107e svaki prostor. plo\u010dica proizvo\u0111a\u010da Aparici iz \u0160panije. Debljina plo\u010dice, je vrlo va\u017ena 10 mm i ubraja tu plo\u010dicu me\u0111u najkvalitetnije.<\/p>\n<p>Kliknite na ime serije za sve plo\u010dice u toj seriji: <a class=\"pdfcatal\" href=\"\/\/www.ceramictiles.com\/pdf\/aparici\/catalogue_aparici_range.pdf\" onclick=\"recordOutboundLink(this, 'E-mail', 'Description PDF');return false;\">Aparici Range<\/a><\/p>\n<p>Da bi naru\u010dili model iz PDF kataloga ove serije, molimo vas, da nas kontaktirate na: <a href=\"mailto:zo_mi@ceramictiles.com\" onclick=\"recordOutboundLink(this, 'E-mail', 'Description mail');return false;\">zo_mi@ceramictiles.com<\/a> ili nas pozovite na: For exact offer, PLS send us quantity and product you need with delivery address..<\/p>\n<p>Technical description: <br \/> W &#038; F 31,6&#215;59,2 ; 59,2&#215;59,2 ; 31,6&#215;59,2 <br \/>Range Ivory ; Range Ivory Tear ; Range Vison ; Range Vison Tear ; Range Grey ; Range Grey Tear ; Range Gold Tear ; Range Silver Tear ; Range Ivory Natural ; Range Vison Natural ; Range Grey Natural ;<\/p>\n","protected":false},"excerpt":{"rendered":"<p>Dimenzije ovih plo\u010dica su 20&#215;59,2 cm. Izuzetno moderne plo\u010dice sive boje, osve\u017eit \u0107e svaki prostor. plo\u010dica proizvo\u0111a\u010da Aparici iz \u0160panije. Debljina plo\u010dice, je vrlo va\u017ena 10 mm i ubraja tu plo\u010dicu me\u0111u najkvalitetnije. Kliknite na ime serije za sve plo\u010dice u toj seriji: Aparici Range Da bi naru\u010dili model iz PDF kataloga ove serije, molimo [&hellip;]<\/p>\n","protected":false},"featured_media":93017,"template":"","meta":[],"product_cat":[999773,200,240,260,999,270],"product_tag":[99950099],"_links":{"self":[{"href":"https:\/\/www.keramika.com\/srbija\/wp-json\/wp\/v2\/product\/93016"}],"collection":[{"href":"https:\/\/www.keramika.com\/srbija\/wp-json\/wp\/v2\/product"}],"about":[{"href":"https:\/\/www.keramika.com\/srbija\/wp-json\/wp\/v2\/types\/product"}],"wp:featuredmedia":[{"embeddable":true,"href":"https:\/\/www.keramika.com\/srbija\/wp-json\/wp\/v2\/media\/93017"}],"wp:attachment":[{"href":"https:\/\/www.keramika.com\/srbija\/wp-json\/wp\/v2\/media?parent=93016"}],"wp:term":[{"taxonomy":"product_cat","embeddable":true,"href":"https:\/\/www.keramika.com\/srbija\/wp-json\/wp\/v2\/product_cat?post=93016"},{"taxonomy":"product_tag","embeddable":true,"href":"https:\/\/www.keramika.com\/srbija\/wp-json\/wp\/v2\/product_tag?post=93016"}],"curies":[{"name":"wp","href":"https:\/\/api.w.org\/{rel}","templated":true}]}}