{"id":93010,"date":"2017-07-02T03:27:27","date_gmt":"2017-07-02T03:27:27","guid":{"rendered":"http:\/\/www.ceramictiles.com\/srbija\/product\/plocice-imitacija-kamena-aparici-pressure-grey\/"},"modified":"2017-07-04T12:04:42","modified_gmt":"2017-07-04T12:04:42","slug":"plocice-imitacija-kamena-aparici-pressure-grey","status":"publish","type":"product","link":"https:\/\/www.keramika.com\/srbija\/plocice-imitacija-kamena-aparici-pressure-grey\/","title":{"rendered":"Plo\u010dice imitacija kamena Aparici Pressure Grey"},"content":{"rendered":"<p>plo\u010dica proizvo\u0111a\u010da Aparici iz \u0160panije. Debljina plo\u010dice, je vrlo va\u017ena 10 mm i ubraja tu plo\u010dicu me\u0111u najkvalitetnije. Veli\u010dina ove plo\u010dice je 20&#215;59,2 cm. U izboru plo\u010dica sive boje, ne mo\u017eete pogre\u0161iti.<\/p>\n<p>Kliknite na ime serije za sve plo\u010dice u toj seriji: <a class=\"pdfcatal\" href=\"\/\/www.ceramictiles.com\/pdf\/aparici\/catalogue_aparici_pressure.pdf\" onclick=\"recordOutboundLink(this, 'E-mail', 'Description PDF');return false;\">Aparici Pressure<\/a><\/p>\n<p>Da bi naru\u010dili model iz PDF kataloga ove serije, molimo vas, da nas kontaktirate na: <a href=\"mailto:zo_mi@ceramictiles.com\" onclick=\"recordOutboundLink(this, 'E-mail', 'Description mail');return false;\">zo_mi@ceramictiles.com<\/a> ili nas pozovite na: For exact offer, PLS send us quantity and product you need with delivery address..<\/p>\n<p>Technical description: <br \/> W &#038; F 20&#215;59,2 ; 59,2&#215;59,2 ; 31,6&#215;59,2 <br \/>Pressure Ivory ; Pressure Ivory Carre ; Pressure Grey ; Pressure Grey Carr\u00e9 ; Pressure Sand ; Pressure Sand Carr\u00e9 ; Pressure Moss ; Pressure Moss Carr\u00e9 ; Pressure Grey Natural ; Pressure Moss Natural ; Pr<\/p>\n","protected":false},"excerpt":{"rendered":"<p>plo\u010dica proizvo\u0111a\u010da Aparici iz \u0160panije. Debljina plo\u010dice, je vrlo va\u017ena 10 mm i ubraja tu plo\u010dicu me\u0111u najkvalitetnije. Veli\u010dina ove plo\u010dice je 20&#215;59,2 cm. U izboru plo\u010dica sive boje, ne mo\u017eete pogre\u0161iti. Kliknite na ime serije za sve plo\u010dice u toj seriji: Aparici Pressure Da bi naru\u010dili model iz PDF kataloga ove serije, molimo vas, [&hellip;]<\/p>\n","protected":false},"featured_media":93011,"template":"","meta":[],"product_cat":[999773,200,220,999,250],"product_tag":[99950096],"_links":{"self":[{"href":"https:\/\/www.keramika.com\/srbija\/wp-json\/wp\/v2\/product\/93010"}],"collection":[{"href":"https:\/\/www.keramika.com\/srbija\/wp-json\/wp\/v2\/product"}],"about":[{"href":"https:\/\/www.keramika.com\/srbija\/wp-json\/wp\/v2\/types\/product"}],"wp:featuredmedia":[{"embeddable":true,"href":"https:\/\/www.keramika.com\/srbija\/wp-json\/wp\/v2\/media\/93011"}],"wp:attachment":[{"href":"https:\/\/www.keramika.com\/srbija\/wp-json\/wp\/v2\/media?parent=93010"}],"wp:term":[{"taxonomy":"product_cat","embeddable":true,"href":"https:\/\/www.keramika.com\/srbija\/wp-json\/wp\/v2\/product_cat?post=93010"},{"taxonomy":"product_tag","embeddable":true,"href":"https:\/\/www.keramika.com\/srbija\/wp-json\/wp\/v2\/product_tag?post=93010"}],"curies":[{"name":"wp","href":"https:\/\/api.w.org\/{rel}","templated":true}]}}