{"id":93004,"date":"2017-07-02T03:26:35","date_gmt":"2017-07-02T03:26:35","guid":{"rendered":"http:\/\/www.ceramictiles.com\/srbija\/product\/zidne-plocice-aparici-palazzo-ivory\/"},"modified":"2017-07-02T03:26:35","modified_gmt":"2017-07-02T03:26:35","slug":"zidne-plocice-aparici-palazzo-ivory","status":"publish","type":"product","link":"https:\/\/www.keramika.com\/srbija\/zidne-plocice-aparici-palazzo-ivory\/","title":{"rendered":"Zidne plo\u010dice Aparici Palazzo Ivory"},"content":{"rendered":"<p>Ta kolekcija, model plo\u010dice, se prodaje najvi\u0161e be\u017e boje. Veli\u010dina 25,1&#215;75,6 cm je odli\u010dna za sve podloge. Plo\u010dica je debela 10 mm, \u0161to je ubraja u tvrde plo\u010dice. Ove plo\u010dice dolaze od proizvo\u0111a\u010da Aparici, iz \u0160panije.<\/p>\n<p>Kliknite na ime serije za sve plo\u010dice u toj seriji: <a class=\"pdfcatal\" href=\"\/\/www.ceramictiles.com\/pdf\/aparici\/catalogue_aparici_palazzo.pdf\" onclick=\"recordOutboundLink(this, 'E-mail', 'Description PDF');return false;\">Aparici Palazzo<\/a><\/p>\n<p>Da bi naru\u010dili model iz PDF kataloga ove serije, molimo vas, da nas kontaktirate na: <a href=\"mailto:zo_mi@ceramictiles.com\" onclick=\"recordOutboundLink(this, 'E-mail', 'Description mail');return false;\">zo_mi@ceramictiles.com<\/a> ili nas pozovite na: For exact offer, PLS send us quantity and product you need with delivery address..<\/p>\n<p>Technical description: <br \/> W &#038; F 25,1&#215;75,6 ; 59,2&#215;59,2 ; 31,6&#215;59,2 <br \/>Palazzo Ivory ; Palazzo Ivory Natural ; Palazzo Ivory Reale ; Palazzo Beige ; Palazzo Beige Natural ; Palazzo Beige Reale ; Palazzo Grey ; Palazzo Grey Natural ; Palazzo Grey Reale ;<\/p>\n","protected":false},"excerpt":{"rendered":"<p>Ta kolekcija, model plo\u010dice, se prodaje najvi\u0161e be\u017e boje. Veli\u010dina 25,1&#215;75,6 cm je odli\u010dna za sve podloge. Plo\u010dica je debela 10 mm, \u0161to je ubraja u tvrde plo\u010dice. Ove plo\u010dice dolaze od proizvo\u0111a\u010da Aparici, iz \u0160panije. Kliknite na ime serije za sve plo\u010dice u toj seriji: Aparici Palazzo Da bi naru\u010dili model iz PDF kataloga [&hellip;]<\/p>\n","protected":false},"featured_media":93005,"template":"","meta":[],"product_cat":[999773,200,220,999,250],"product_tag":[],"_links":{"self":[{"href":"https:\/\/www.keramika.com\/srbija\/wp-json\/wp\/v2\/product\/93004"}],"collection":[{"href":"https:\/\/www.keramika.com\/srbija\/wp-json\/wp\/v2\/product"}],"about":[{"href":"https:\/\/www.keramika.com\/srbija\/wp-json\/wp\/v2\/types\/product"}],"wp:featuredmedia":[{"embeddable":true,"href":"https:\/\/www.keramika.com\/srbija\/wp-json\/wp\/v2\/media\/93005"}],"wp:attachment":[{"href":"https:\/\/www.keramika.com\/srbija\/wp-json\/wp\/v2\/media?parent=93004"}],"wp:term":[{"taxonomy":"product_cat","embeddable":true,"href":"https:\/\/www.keramika.com\/srbija\/wp-json\/wp\/v2\/product_cat?post=93004"},{"taxonomy":"product_tag","embeddable":true,"href":"https:\/\/www.keramika.com\/srbija\/wp-json\/wp\/v2\/product_tag?post=93004"}],"curies":[{"name":"wp","href":"https:\/\/api.w.org\/{rel}","templated":true}]}}