{"id":93002,"date":"2017-07-02T03:26:19","date_gmt":"2017-07-02T03:26:19","guid":{"rendered":"http:\/\/www.ceramictiles.com\/srbija\/product\/plocice-za-kupatilo-aparici-nordic-lime\/"},"modified":"2017-07-02T03:26:19","modified_gmt":"2017-07-02T03:26:19","slug":"plocice-za-kupatilo-aparici-nordic-lime","status":"publish","type":"product","link":"https:\/\/www.keramika.com\/srbija\/plocice-za-kupatilo-aparici-nordic-lime\/","title":{"rendered":"Plo\u010dice za kupatilo Aparici Nordic Lime"},"content":{"rendered":"<p>plo\u010dica proizvo\u0111a\u010da Aparici iz \u0160panije. Ove \u017eute kerami\u010dke plo\u010dice, obogatit \u0107e svaki prostor. 7 mm debljina \u0107e zadovoljiti i najzahtevnije kupce. Veli\u010dina ove plo\u010dice je 29,75&#215;89,46 cm.<\/p>\n<p>Kliknite na ime serije za sve plo\u010dice u toj seriji: <a class=\"pdfcatal\" href=\"\/\/www.ceramictiles.com\/pdf\/aparici\/catalogue_aparici_nordic.pdf\" onclick=\"recordOutboundLink(this, 'E-mail', 'Description PDF');return false;\">Aparici Nordic<\/a><\/p>\n<p>Da bi naru\u010dili model iz PDF kataloga ove serije, molimo vas, da nas kontaktirate na: <a href=\"mailto:zo_mi@ceramictiles.com\" onclick=\"recordOutboundLink(this, 'E-mail', 'Description mail');return false;\">zo_mi@ceramictiles.com<\/a> ili nas pozovite na: For exact offer, PLS send us quantity and product you need with delivery address..<\/p>\n<p>Technical description: <br \/> W 29,75&#215;89,46 <br \/>Nordic Blanco ; Nordic Negro ; Nordic Negro Capture ; Nordic Red ; Nordic Red Capture ; Nordic Purple ; Nordic Purple Capture ; Nordic Blue ; Nordic Blue Capture ; Nordic Lime ; Nordic Lime Capture ; Nordic Ivory ; Nordic Gold C<\/p>\n","protected":false},"excerpt":{"rendered":"<p>plo\u010dica proizvo\u0111a\u010da Aparici iz \u0160panije. Ove \u017eute kerami\u010dke plo\u010dice, obogatit \u0107e svaki prostor. 7 mm debljina \u0107e zadovoljiti i najzahtevnije kupce. Veli\u010dina ove plo\u010dice je 29,75&#215;89,46 cm. Kliknite na ime serije za sve plo\u010dice u toj seriji: Aparici Nordic Da bi naru\u010dili model iz PDF kataloga ove serije, molimo vas, da nas kontaktirate na: zo_mi@ceramictiles.com [&hellip;]<\/p>\n","protected":false},"featured_media":93003,"template":"","meta":[],"product_cat":[999773,200,220,240,999,250],"product_tag":[],"_links":{"self":[{"href":"https:\/\/www.keramika.com\/srbija\/wp-json\/wp\/v2\/product\/93002"}],"collection":[{"href":"https:\/\/www.keramika.com\/srbija\/wp-json\/wp\/v2\/product"}],"about":[{"href":"https:\/\/www.keramika.com\/srbija\/wp-json\/wp\/v2\/types\/product"}],"wp:featuredmedia":[{"embeddable":true,"href":"https:\/\/www.keramika.com\/srbija\/wp-json\/wp\/v2\/media\/93003"}],"wp:attachment":[{"href":"https:\/\/www.keramika.com\/srbija\/wp-json\/wp\/v2\/media?parent=93002"}],"wp:term":[{"taxonomy":"product_cat","embeddable":true,"href":"https:\/\/www.keramika.com\/srbija\/wp-json\/wp\/v2\/product_cat?post=93002"},{"taxonomy":"product_tag","embeddable":true,"href":"https:\/\/www.keramika.com\/srbija\/wp-json\/wp\/v2\/product_tag?post=93002"}],"curies":[{"name":"wp","href":"https:\/\/api.w.org\/{rel}","templated":true}]}}