{"id":92992,"date":"2017-07-02T03:24:48","date_gmt":"2017-07-02T03:24:48","guid":{"rendered":"http:\/\/www.ceramictiles.com\/srbija\/product\/plocice-za-kupatilo-aparici-melibea-azul\/"},"modified":"2017-07-02T03:24:48","modified_gmt":"2017-07-02T03:24:48","slug":"plocice-za-kupatilo-aparici-melibea-azul","status":"publish","type":"product","link":"https:\/\/www.keramika.com\/srbija\/plocice-za-kupatilo-aparici-melibea-azul\/","title":{"rendered":"Plo\u010dice za kupatilo Aparici Melibea Azul"},"content":{"rendered":"<p>Aparici Melibea Azul dolazi iz \u0160panije, koja je poznata po vrlo visokoj kvaliteta keramike u svetu. Veli\u010dina plo\u010dice je 20&#215;59,2 cm i odli\u010dna je za razli\u010dite povr\u0161ine. Plo\u010dica je debela 10 mm, \u0161to je ubraja u tvrde plo\u010dice. Izuzetno moderne plo\u010dice plave boje, osve\u017eit \u0107e svaki prostor.<\/p>\n<p>Kliknite na ime serije za sve plo\u010dice u toj seriji: <a class=\"pdfcatal\" href=\"\/\/www.ceramictiles.com\/pdf\/aparici\/catalogue_aparici_melibea.pdf\" onclick=\"recordOutboundLink(this, 'E-mail', 'Description PDF');return false;\">Aparici Melibea<\/a><\/p>\n<p>Da bi naru\u010dili model iz PDF kataloga ove serije, molimo vas, da nas kontaktirate na: <a href=\"mailto:zo_mi@ceramictiles.com\" onclick=\"recordOutboundLink(this, 'E-mail', 'Description mail');return false;\">zo_mi@ceramictiles.com<\/a> ili nas pozovite na: For exact offer, PLS send us quantity and product you need with delivery address..<\/p>\n<p>Technical description: <br \/> W 20&#215;59,2 <br \/>Melibea Nacar ; Melibea Azul ; Melibea Azul Ornato ; Melibea Vison ; Melibea Vison Ornato ;<\/p>\n","protected":false},"excerpt":{"rendered":"<p>Aparici Melibea Azul dolazi iz \u0160panije, koja je poznata po vrlo visokoj kvaliteta keramike u svetu. Veli\u010dina plo\u010dice je 20&#215;59,2 cm i odli\u010dna je za razli\u010dite povr\u0161ine. Plo\u010dica je debela 10 mm, \u0161to je ubraja u tvrde plo\u010dice. Izuzetno moderne plo\u010dice plave boje, osve\u017eit \u0107e svaki prostor. Kliknite na ime serije za sve plo\u010dice u [&hellip;]<\/p>\n","protected":false},"featured_media":92993,"template":"","meta":[],"product_cat":[999773,200,220,999,250],"product_tag":[],"_links":{"self":[{"href":"https:\/\/www.keramika.com\/srbija\/wp-json\/wp\/v2\/product\/92992"}],"collection":[{"href":"https:\/\/www.keramika.com\/srbija\/wp-json\/wp\/v2\/product"}],"about":[{"href":"https:\/\/www.keramika.com\/srbija\/wp-json\/wp\/v2\/types\/product"}],"wp:featuredmedia":[{"embeddable":true,"href":"https:\/\/www.keramika.com\/srbija\/wp-json\/wp\/v2\/media\/92993"}],"wp:attachment":[{"href":"https:\/\/www.keramika.com\/srbija\/wp-json\/wp\/v2\/media?parent=92992"}],"wp:term":[{"taxonomy":"product_cat","embeddable":true,"href":"https:\/\/www.keramika.com\/srbija\/wp-json\/wp\/v2\/product_cat?post=92992"},{"taxonomy":"product_tag","embeddable":true,"href":"https:\/\/www.keramika.com\/srbija\/wp-json\/wp\/v2\/product_tag?post=92992"}],"curies":[{"name":"wp","href":"https:\/\/api.w.org\/{rel}","templated":true}]}}