{"id":92990,"date":"2017-07-02T03:24:31","date_gmt":"2017-07-02T03:24:31","guid":{"rendered":"http:\/\/www.ceramictiles.com\/srbija\/product\/3d-plocice-aparici-lyric-black-blume\/"},"modified":"2017-07-04T12:08:17","modified_gmt":"2017-07-04T12:08:17","slug":"3d-plocice-aparici-lyric-black-blume","status":"publish","type":"product","link":"https:\/\/www.keramika.com\/srbija\/3d-plocice-aparici-lyric-black-blume\/","title":{"rendered":"3D plo\u010dice Aparici Lyric Black Blume"},"content":{"rendered":"<p>U izboru plo\u010dica crne boje, ne mo\u017eete pogre\u0161iti. Ove plo\u010dice dolaze od proizvo\u0111a\u010da Aparici, iz \u0160panije. Veli\u010dina ove plo\u010dice je 31,6&#215;95,3 cm. Plo\u010dica je debela 11 mm, \u0161to je ubraja u tvrde plo\u010dice.<\/p>\n<p>Kliknite na ime serije za sve plo\u010dice u toj seriji: <a class=\"pdfcatal\" href=\"\/\/www.ceramictiles.com\/pdf\/aparici\/catalogue_aparici_lyric.pdf\" onclick=\"recordOutboundLink(this, 'E-mail', 'Description PDF');return false;\">Aparici Lyric<\/a><\/p>\n<p>Da bi naru\u010dili model iz PDF kataloga ove serije, molimo vas, da nas kontaktirate na: <a href=\"mailto:zo_mi@ceramictiles.com\" onclick=\"recordOutboundLink(this, 'E-mail', 'Description mail');return false;\">zo_mi@ceramictiles.com<\/a> ili nas pozovite na: For exact offer, PLS send us quantity and product you need with delivery address..<\/p>\n<p>Technical description: <br \/> W 29,75&#215;89,46 <br \/>Lyric White Blume ; Lyric Black Blume ; Lyric Gold Blume ; Lyric Silver Blume ;<\/p>\n","protected":false},"excerpt":{"rendered":"<p>U izboru plo\u010dica crne boje, ne mo\u017eete pogre\u0161iti. Ove plo\u010dice dolaze od proizvo\u0111a\u010da Aparici, iz \u0160panije. Veli\u010dina ove plo\u010dice je 31,6&#215;95,3 cm. Plo\u010dica je debela 11 mm, \u0161to je ubraja u tvrde plo\u010dice. Kliknite na ime serije za sve plo\u010dice u toj seriji: Aparici Lyric Da bi naru\u010dili model iz PDF kataloga ove serije, molimo [&hellip;]<\/p>\n","protected":false},"featured_media":92991,"template":"","meta":[],"product_cat":[999773,200,999,290,250],"product_tag":[99950088],"_links":{"self":[{"href":"https:\/\/www.keramika.com\/srbija\/wp-json\/wp\/v2\/product\/92990"}],"collection":[{"href":"https:\/\/www.keramika.com\/srbija\/wp-json\/wp\/v2\/product"}],"about":[{"href":"https:\/\/www.keramika.com\/srbija\/wp-json\/wp\/v2\/types\/product"}],"wp:featuredmedia":[{"embeddable":true,"href":"https:\/\/www.keramika.com\/srbija\/wp-json\/wp\/v2\/media\/92991"}],"wp:attachment":[{"href":"https:\/\/www.keramika.com\/srbija\/wp-json\/wp\/v2\/media?parent=92990"}],"wp:term":[{"taxonomy":"product_cat","embeddable":true,"href":"https:\/\/www.keramika.com\/srbija\/wp-json\/wp\/v2\/product_cat?post=92990"},{"taxonomy":"product_tag","embeddable":true,"href":"https:\/\/www.keramika.com\/srbija\/wp-json\/wp\/v2\/product_tag?post=92990"}],"curies":[{"name":"wp","href":"https:\/\/api.w.org\/{rel}","templated":true}]}}