{"id":92986,"date":"2017-07-02T03:23:53","date_gmt":"2017-07-02T03:23:53","guid":{"rendered":"http:\/\/www.ceramictiles.com\/srbija\/product\/zidne-plocice-aparici-liberty-antracita\/"},"modified":"2017-07-02T03:23:53","modified_gmt":"2017-07-02T03:23:53","slug":"zidne-plocice-aparici-liberty-antracita","status":"publish","type":"product","link":"https:\/\/www.keramika.com\/srbija\/zidne-plocice-aparici-liberty-antracita\/","title":{"rendered":"Zidne plo\u010dice Aparici Liberty Antracita"},"content":{"rendered":"<p>plo\u010dica proizvo\u0111a\u010da Aparici iz \u0160panije. Debljina plo\u010dice, je vrlo va\u017ena 8 mm i ubraja tu plo\u010dicu me\u0111u najkvalitetnije. Veli\u010dina ove plo\u010dice je 20&#215;40 cm. Plo\u010dice crne boje osvje\u017eit \u0107e svaki prostor.<\/p>\n<p>Kliknite na ime serije za sve plo\u010dice u toj seriji: <a class=\"pdfcatal\" href=\"\/\/www.ceramictiles.com\/pdf\/aparici\/catalogue_aparici_liberty.pdf\" onclick=\"recordOutboundLink(this, 'E-mail', 'Description PDF');return false;\">Aparici Liberty<\/a><\/p>\n<p>Da bi naru\u010dili model iz PDF kataloga ove serije, molimo vas, da nas kontaktirate na: <a href=\"mailto:zo_mi@ceramictiles.com\" onclick=\"recordOutboundLink(this, 'E-mail', 'Description mail');return false;\">zo_mi@ceramictiles.com<\/a> ili nas pozovite na: For exact offer, PLS send us quantity and product you need with delivery address..<\/p>\n<p>Technical description: <br \/> W 20&#215;40 <br \/>Liberty Crema ; Liberty Beige ; Liberty Moka ; Liberty Antracita ;<\/p>\n","protected":false},"excerpt":{"rendered":"<p>plo\u010dica proizvo\u0111a\u010da Aparici iz \u0160panije. Debljina plo\u010dice, je vrlo va\u017ena 8 mm i ubraja tu plo\u010dicu me\u0111u najkvalitetnije. Veli\u010dina ove plo\u010dice je 20&#215;40 cm. Plo\u010dice crne boje osvje\u017eit \u0107e svaki prostor. Kliknite na ime serije za sve plo\u010dice u toj seriji: Aparici Liberty Da bi naru\u010dili model iz PDF kataloga ove serije, molimo vas, da [&hellip;]<\/p>\n","protected":false},"featured_media":92987,"template":"","meta":[],"product_cat":[999773,200,230,999,250],"product_tag":[],"_links":{"self":[{"href":"https:\/\/www.keramika.com\/srbija\/wp-json\/wp\/v2\/product\/92986"}],"collection":[{"href":"https:\/\/www.keramika.com\/srbija\/wp-json\/wp\/v2\/product"}],"about":[{"href":"https:\/\/www.keramika.com\/srbija\/wp-json\/wp\/v2\/types\/product"}],"wp:featuredmedia":[{"embeddable":true,"href":"https:\/\/www.keramika.com\/srbija\/wp-json\/wp\/v2\/media\/92987"}],"wp:attachment":[{"href":"https:\/\/www.keramika.com\/srbija\/wp-json\/wp\/v2\/media?parent=92986"}],"wp:term":[{"taxonomy":"product_cat","embeddable":true,"href":"https:\/\/www.keramika.com\/srbija\/wp-json\/wp\/v2\/product_cat?post=92986"},{"taxonomy":"product_tag","embeddable":true,"href":"https:\/\/www.keramika.com\/srbija\/wp-json\/wp\/v2\/product_tag?post=92986"}],"curies":[{"name":"wp","href":"https:\/\/api.w.org\/{rel}","templated":true}]}}