{"id":92970,"date":"2017-07-02T03:20:48","date_gmt":"2017-07-02T03:20:48","guid":{"rendered":"http:\/\/www.ceramictiles.com\/srbija\/product\/kuhinjske-plocice-aparici-kendo-nuez\/"},"modified":"2017-07-02T03:20:48","modified_gmt":"2017-07-02T03:20:48","slug":"kuhinjske-plocice-aparici-kendo-nuez","status":"publish","type":"product","link":"https:\/\/www.keramika.com\/srbija\/kuhinjske-plocice-aparici-kendo-nuez\/","title":{"rendered":"Kuhinjske plo\u010dice Aparici Kendo Nuez"},"content":{"rendered":"<p>Ove plo\u010dice dolaze od proizvo\u0111a\u010da Aparici, iz \u0160panije. 9 mm debljine je dovoljno za zahtevnije kupce. Veli\u010dina 31,6&#215;59,2 cm je odli\u010dna za sve podloge. Izuzetno moderne plo\u010dice braon boje, osve\u017eit \u0107e svaki prostor.<\/p>\n<p>Kliknite na ime serije za sve plo\u010dice u toj seriji: <a class=\"pdfcatal\" href=\"\/\/www.ceramictiles.com\/pdf\/aparici\/catalogue_aparici_kendo.pdf\" onclick=\"recordOutboundLink(this, 'E-mail', 'Description PDF');return false;\">Aparici Kendo<\/a><\/p>\n<p>Da bi naru\u010dili model iz PDF kataloga ove serije, molimo vas, da nas kontaktirate na: <a href=\"mailto:zo_mi@ceramictiles.com\" onclick=\"recordOutboundLink(this, 'E-mail', 'Description mail');return false;\">zo_mi@ceramictiles.com<\/a> ili nas pozovite na: For exact offer, PLS send us quantity and product you need with delivery address..<\/p>\n<p>Technical description: <br \/> F 31,6&#215;59,2 <br \/>Kendo Marfil ; Kendo Nuez ; Kendo Antracita ;<\/p>\n","protected":false},"excerpt":{"rendered":"<p>Ove plo\u010dice dolaze od proizvo\u0111a\u010da Aparici, iz \u0160panije. 9 mm debljine je dovoljno za zahtevnije kupce. Veli\u010dina 31,6&#215;59,2 cm je odli\u010dna za sve podloge. Izuzetno moderne plo\u010dice braon boje, osve\u017eit \u0107e svaki prostor. Kliknite na ime serije za sve plo\u010dice u toj seriji: Aparici Kendo Da bi naru\u010dili model iz PDF kataloga ove serije, molimo [&hellip;]<\/p>\n","protected":false},"featured_media":92971,"template":"","meta":[],"product_cat":[999773,200,230,240,999],"product_tag":[],"_links":{"self":[{"href":"https:\/\/www.keramika.com\/srbija\/wp-json\/wp\/v2\/product\/92970"}],"collection":[{"href":"https:\/\/www.keramika.com\/srbija\/wp-json\/wp\/v2\/product"}],"about":[{"href":"https:\/\/www.keramika.com\/srbija\/wp-json\/wp\/v2\/types\/product"}],"wp:featuredmedia":[{"embeddable":true,"href":"https:\/\/www.keramika.com\/srbija\/wp-json\/wp\/v2\/media\/92971"}],"wp:attachment":[{"href":"https:\/\/www.keramika.com\/srbija\/wp-json\/wp\/v2\/media?parent=92970"}],"wp:term":[{"taxonomy":"product_cat","embeddable":true,"href":"https:\/\/www.keramika.com\/srbija\/wp-json\/wp\/v2\/product_cat?post=92970"},{"taxonomy":"product_tag","embeddable":true,"href":"https:\/\/www.keramika.com\/srbija\/wp-json\/wp\/v2\/product_tag?post=92970"}],"curies":[{"name":"wp","href":"https:\/\/api.w.org\/{rel}","templated":true}]}}