{"id":92963,"date":"2017-07-02T03:19:29","date_gmt":"2017-07-02T03:19:29","guid":{"rendered":"http:\/\/www.ceramictiles.com\/srbija\/product\/zidna-dekorativna-keramika-aparici-it-girls\/"},"modified":"2017-07-02T03:19:29","modified_gmt":"2017-07-02T03:19:29","slug":"zidna-dekorativna-keramika-aparici-it-girls","status":"publish","type":"product","link":"https:\/\/www.keramika.com\/srbija\/zidna-dekorativna-keramika-aparici-it-girls\/","title":{"rendered":"Zidna dekorativna keramika Aparici It Girls"},"content":{"rendered":"<p>7 mm debljine je dovoljno za zahtevnije kupce. Dimenzije ovih plo\u010dica su 29,75&#215;89,46 cm. Plo\u010dice dolaze iz \u0160panije, koja je poznata po kvalitetnoj keramiki. U izboru plo\u010dica braon boje, ne mo\u017eete pogre\u0161iti.<\/p>\n<p>Kliknite na ime serije za sve plo\u010dice u toj seriji: <a class=\"pdfcatal\" href=\"\/\/www.ceramictiles.com\/pdf\/aparici\/catalogue_aparici_it_girls.pdf\" onclick=\"recordOutboundLink(this, 'E-mail', 'Description PDF');return false;\">Aparici It Girls<\/a><\/p>\n<p>Da bi naru\u010dili model iz PDF kataloga ove serije, molimo vas, da nas kontaktirate na: <a href=\"mailto:zo_mi@ceramictiles.com\" onclick=\"recordOutboundLink(this, 'E-mail', 'Description mail');return false;\">zo_mi@ceramictiles.com<\/a> ili nas pozovite na: For exact offer, PLS send us quantity and product you need with delivery address..<\/p>\n<p>Technical description: <br \/> W &#038; F 29,75&#215;89,46 ; 44,63&#215;44,63 <br \/>It Girls ; Collage It Girls Pulido ;<\/p>\n","protected":false},"excerpt":{"rendered":"<p>7 mm debljine je dovoljno za zahtevnije kupce. Dimenzije ovih plo\u010dica su 29,75&#215;89,46 cm. Plo\u010dice dolaze iz \u0160panije, koja je poznata po kvalitetnoj keramiki. U izboru plo\u010dica braon boje, ne mo\u017eete pogre\u0161iti. Kliknite na ime serije za sve plo\u010dice u toj seriji: Aparici It Girls Da bi naru\u010dili model iz PDF kataloga ove serije, molimo [&hellip;]<\/p>\n","protected":false},"featured_media":92964,"template":"","meta":[],"product_cat":[999773,200,999,290,250],"product_tag":[],"_links":{"self":[{"href":"https:\/\/www.keramika.com\/srbija\/wp-json\/wp\/v2\/product\/92963"}],"collection":[{"href":"https:\/\/www.keramika.com\/srbija\/wp-json\/wp\/v2\/product"}],"about":[{"href":"https:\/\/www.keramika.com\/srbija\/wp-json\/wp\/v2\/types\/product"}],"wp:featuredmedia":[{"embeddable":true,"href":"https:\/\/www.keramika.com\/srbija\/wp-json\/wp\/v2\/media\/92964"}],"wp:attachment":[{"href":"https:\/\/www.keramika.com\/srbija\/wp-json\/wp\/v2\/media?parent=92963"}],"wp:term":[{"taxonomy":"product_cat","embeddable":true,"href":"https:\/\/www.keramika.com\/srbija\/wp-json\/wp\/v2\/product_cat?post=92963"},{"taxonomy":"product_tag","embeddable":true,"href":"https:\/\/www.keramika.com\/srbija\/wp-json\/wp\/v2\/product_tag?post=92963"}],"curies":[{"name":"wp","href":"https:\/\/api.w.org\/{rel}","templated":true}]}}