{"id":92959,"date":"2017-07-02T03:18:55","date_gmt":"2017-07-02T03:18:55","guid":{"rendered":"http:\/\/www.ceramictiles.com\/srbija\/product\/zidne-plocice-aparici-ipanema-marino\/"},"modified":"2017-07-02T03:18:55","modified_gmt":"2017-07-02T03:18:55","slug":"zidne-plocice-aparici-ipanema-marino","status":"publish","type":"product","link":"https:\/\/www.keramika.com\/srbija\/zidne-plocice-aparici-ipanema-marino\/","title":{"rendered":"Zidne plo\u010dice Aparici Ipanema Marino"},"content":{"rendered":"<p>Keramika je prekrasne plave boje. U koliko \u017eelite neku drugu boju, pozovite nas i mi \u0107emo proveriti kod proizvo\u0111a\u010da. Aparici Ipanema Marino dolazi iz \u0160panije, koja je poznata po vrlo visokoj kvaliteta keramike u svetu. Debljina plo\u010dice, je vrlo va\u017ena 8 mm i ubraja tu plo\u010dicu me\u0111u najkvalitetnije. Veli\u010dina plo\u010dice je 20&#215;20 cm i odli\u010dna je za razli\u010dite povr\u0161ine.<\/p>\n<p>Kliknite na ime serije za sve plo\u010dice u toj seriji: <a class=\"pdfcatal\" href=\"\/\/www.ceramictiles.com\/pdf\/aparici\/catalogue_aparici_ipanema.pdf\" onclick=\"recordOutboundLink(this, 'E-mail', 'Description PDF');return false;\">Aparici Ipanema<\/a><\/p>\n<p>Da bi naru\u010dili model iz PDF kataloga ove serije, molimo vas, da nas kontaktirate na: <a href=\"mailto:zo_mi@ceramictiles.com\" onclick=\"recordOutboundLink(this, 'E-mail', 'Description mail');return false;\">zo_mi@ceramictiles.com<\/a> ili nas pozovite na: For exact offer, PLS send us quantity and product you need with delivery address..<\/p>\n<p>Technical description: <br \/> W 20&#215;20 <br \/>Ipanema Azul ; Ipanema Beige ; Ipanema Coral ; Ipanema Marino ; Ipanema Caldera ; Ipanema Nacar ;<\/p>\n","protected":false},"excerpt":{"rendered":"<p>Keramika je prekrasne plave boje. U koliko \u017eelite neku drugu boju, pozovite nas i mi \u0107emo proveriti kod proizvo\u0111a\u010da. Aparici Ipanema Marino dolazi iz \u0160panije, koja je poznata po vrlo visokoj kvaliteta keramike u svetu. Debljina plo\u010dice, je vrlo va\u017ena 8 mm i ubraja tu plo\u010dicu me\u0111u najkvalitetnije. Veli\u010dina plo\u010dice je 20&#215;20 cm i odli\u010dna [&hellip;]<\/p>\n","protected":false},"featured_media":92960,"template":"","meta":[],"product_cat":[999773,200,220,999,250],"product_tag":[],"_links":{"self":[{"href":"https:\/\/www.keramika.com\/srbija\/wp-json\/wp\/v2\/product\/92959"}],"collection":[{"href":"https:\/\/www.keramika.com\/srbija\/wp-json\/wp\/v2\/product"}],"about":[{"href":"https:\/\/www.keramika.com\/srbija\/wp-json\/wp\/v2\/types\/product"}],"wp:featuredmedia":[{"embeddable":true,"href":"https:\/\/www.keramika.com\/srbija\/wp-json\/wp\/v2\/media\/92960"}],"wp:attachment":[{"href":"https:\/\/www.keramika.com\/srbija\/wp-json\/wp\/v2\/media?parent=92959"}],"wp:term":[{"taxonomy":"product_cat","embeddable":true,"href":"https:\/\/www.keramika.com\/srbija\/wp-json\/wp\/v2\/product_cat?post=92959"},{"taxonomy":"product_tag","embeddable":true,"href":"https:\/\/www.keramika.com\/srbija\/wp-json\/wp\/v2\/product_tag?post=92959"}],"curies":[{"name":"wp","href":"https:\/\/api.w.org\/{rel}","templated":true}]}}