{"id":92928,"date":"2017-08-26T03:12:39","date_gmt":"2017-08-26T03:12:39","guid":{"rendered":"http:\/\/www.ceramictiles.com\/srbija\/product\/3d-plocice-aparici-equinox-gold\/"},"modified":"2019-06-04T12:53:11","modified_gmt":"2019-06-04T12:53:11","slug":"3d-plocice-aparici-equinox-gold","status":"publish","type":"product","link":"https:\/\/www.keramika.com\/srbija\/3d-plocice-aparici-equinox-gold\/","title":{"rendered":"3D plo\u010dice Aparici Equinox Gold"},"content":{"rendered":"<p>Aparici Equinox Gold dolazi iz \u0160panije, koja je poznata po vrlo visokoj kvaliteta keramike u svetu. 9 mm debljina \u0107e zadovoljiti i najzahtevnije kupce. Veli\u010dina ove plo\u010dice je 20&#215;59,2 cm. U izboru plo\u010dica zlate boje, ne mo\u017eete pogre\u0161iti.<\/p>\n<p>Kliknite na ime serije za sve plo\u010dice u toj seriji: <a class=\"pdfcatal\" href=\"\/\/www.ceramictiles.com\/pdf\/aparici\/catalogue_aparici_equinox.pdf\">Aparici Equinox<\/a><\/p>\n<p>Technical description:<br \/>\nW 20&#215;59,2<br \/>\nEquinox Ivory ; Equinox Ivory Siren ;<br \/>\nPodaci<br \/>\nFormat i debljina: 20&#215;59,2&#215;0,95 cm<br \/>\n0,592 m\u00b2 \/ kutija<br \/>\n9 komada \/ kutija<br \/>\n19.612 Kg \/ kutija<\/p>\n","protected":false},"excerpt":{"rendered":"<p>Zidne dekorativne kerami\u010dke plo\u010dice<\/p>\n","protected":false},"featured_media":92929,"template":"","meta":[],"product_cat":[999773,200,220,999,250],"product_tag":[99950088,99950090],"_links":{"self":[{"href":"https:\/\/www.keramika.com\/srbija\/wp-json\/wp\/v2\/product\/92928"}],"collection":[{"href":"https:\/\/www.keramika.com\/srbija\/wp-json\/wp\/v2\/product"}],"about":[{"href":"https:\/\/www.keramika.com\/srbija\/wp-json\/wp\/v2\/types\/product"}],"wp:featuredmedia":[{"embeddable":true,"href":"https:\/\/www.keramika.com\/srbija\/wp-json\/wp\/v2\/media\/92929"}],"wp:attachment":[{"href":"https:\/\/www.keramika.com\/srbija\/wp-json\/wp\/v2\/media?parent=92928"}],"wp:term":[{"taxonomy":"product_cat","embeddable":true,"href":"https:\/\/www.keramika.com\/srbija\/wp-json\/wp\/v2\/product_cat?post=92928"},{"taxonomy":"product_tag","embeddable":true,"href":"https:\/\/www.keramika.com\/srbija\/wp-json\/wp\/v2\/product_tag?post=92928"}],"curies":[{"name":"wp","href":"https:\/\/api.w.org\/{rel}","templated":true}]}}