{"id":92918,"date":"2017-07-02T03:09:56","date_gmt":"2017-07-02T03:09:56","guid":{"rendered":"http:\/\/www.ceramictiles.com\/srbija\/product\/zidne-plocice-aparici-ego-rosso\/"},"modified":"2017-07-02T03:09:56","modified_gmt":"2017-07-02T03:09:56","slug":"zidne-plocice-aparici-ego-rosso","status":"publish","type":"product","link":"https:\/\/www.keramika.com\/srbija\/zidne-plocice-aparici-ego-rosso\/","title":{"rendered":"Zidne plo\u010dice Aparici Ego Rosso"},"content":{"rendered":"<p>9 mm debljina \u0107e zadovoljiti i najzahtevnije kupce. Ta kolekcija, model plo\u010dice, se prodaje najvi\u0161e braon boje. plo\u010dica proizvo\u0111a\u010da Aparici iz \u0160panije. \u0160irina i du\u017eina plo\u010dice su 25,1&#215;75,6 cm.<\/p>\n<p>Kliknite na ime serije za sve plo\u010dice u toj seriji: <a class=\"pdfcatal\" href=\"\/\/www.ceramictiles.com\/pdf\/aparici\/catalogue_aparici_ego.pdf\" onclick=\"recordOutboundLink(this, 'E-mail', 'Description PDF');return false;\">Aparici Ego<\/a><\/p>\n<p>Da bi naru\u010dili model iz PDF kataloga ove serije, molimo vas, da nas kontaktirate na: <a href=\"mailto:zo_mi@ceramictiles.com\" onclick=\"recordOutboundLink(this, 'E-mail', 'Description mail');return false;\">zo_mi@ceramictiles.com<\/a> ili nas pozovite na: For exact offer, PLS send us quantity and product you need with delivery address..<\/p>\n<p>Technical description: <br \/> W 25,1&#215;75,6 <br \/>Ego Crema ; Ego Beige ; Ego Rosso ;<\/p>\n","protected":false},"excerpt":{"rendered":"<p>9 mm debljina \u0107e zadovoljiti i najzahtevnije kupce. Ta kolekcija, model plo\u010dice, se prodaje najvi\u0161e braon boje. plo\u010dica proizvo\u0111a\u010da Aparici iz \u0160panije. \u0160irina i du\u017eina plo\u010dice su 25,1&#215;75,6 cm. Kliknite na ime serije za sve plo\u010dice u toj seriji: Aparici Ego Da bi naru\u010dili model iz PDF kataloga ove serije, molimo vas, da nas kontaktirate [&hellip;]<\/p>\n","protected":false},"featured_media":92919,"template":"","meta":[],"product_cat":[999773,200,220,999,250],"product_tag":[],"_links":{"self":[{"href":"https:\/\/www.keramika.com\/srbija\/wp-json\/wp\/v2\/product\/92918"}],"collection":[{"href":"https:\/\/www.keramika.com\/srbija\/wp-json\/wp\/v2\/product"}],"about":[{"href":"https:\/\/www.keramika.com\/srbija\/wp-json\/wp\/v2\/types\/product"}],"wp:featuredmedia":[{"embeddable":true,"href":"https:\/\/www.keramika.com\/srbija\/wp-json\/wp\/v2\/media\/92919"}],"wp:attachment":[{"href":"https:\/\/www.keramika.com\/srbija\/wp-json\/wp\/v2\/media?parent=92918"}],"wp:term":[{"taxonomy":"product_cat","embeddable":true,"href":"https:\/\/www.keramika.com\/srbija\/wp-json\/wp\/v2\/product_cat?post=92918"},{"taxonomy":"product_tag","embeddable":true,"href":"https:\/\/www.keramika.com\/srbija\/wp-json\/wp\/v2\/product_tag?post=92918"}],"curies":[{"name":"wp","href":"https:\/\/api.w.org\/{rel}","templated":true}]}}