{"id":92914,"date":"2017-07-02T03:09:24","date_gmt":"2017-07-02T03:09:24","guid":{"rendered":"http:\/\/www.ceramictiles.com\/srbija\/product\/zidne-plocice-aparici-delice-white\/"},"modified":"2017-07-02T03:09:24","modified_gmt":"2017-07-02T03:09:24","slug":"zidne-plocice-aparici-delice-white","status":"publish","type":"product","link":"https:\/\/www.keramika.com\/srbija\/zidne-plocice-aparici-delice-white\/","title":{"rendered":"Zidne plo\u010dice Aparici Delice White"},"content":{"rendered":"<p>Plo\u010dica 20&#215;59,2 cm je dobra za ve\u0107 razli\u010ditih namena. U izboru plo\u010dica bele boje, ne mo\u017eete pogre\u0161iti. Plo\u010dica je debela 9 mm, \u0161to je ubraja u tvrde plo\u010dice. Ove plo\u010dice dolaze od proizvo\u0111a\u010da Aparici, iz \u0160panije.<\/p>\n<p>Kliknite na ime serije za sve plo\u010dice u toj seriji: <a class=\"pdfcatal\" href=\"\/\/www.ceramictiles.com\/pdf\/aparici\/catalogue_aparici_delice.pdf\" onclick=\"recordOutboundLink(this, 'E-mail', 'Description PDF');return false;\">Aparici Delice<\/a><\/p>\n<p>Da bi naru\u010dili model iz PDF kataloga ove serije, molimo vas, da nas kontaktirate na: <a href=\"mailto:zo_mi@ceramictiles.com\" onclick=\"recordOutboundLink(this, 'E-mail', 'Description mail');return false;\">zo_mi@ceramictiles.com<\/a> ili nas pozovite na: For exact offer, PLS send us quantity and product you need with delivery address..<\/p>\n<p>Technical description: <br \/> W 20&#215;59,2 <br \/>Delice White ; Delice Coral Ornato ; Delice Aqua Ornato ;<\/p>\n","protected":false},"excerpt":{"rendered":"<p>Plo\u010dica 20&#215;59,2 cm je dobra za ve\u0107 razli\u010ditih namena. U izboru plo\u010dica bele boje, ne mo\u017eete pogre\u0161iti. Plo\u010dica je debela 9 mm, \u0161to je ubraja u tvrde plo\u010dice. Ove plo\u010dice dolaze od proizvo\u0111a\u010da Aparici, iz \u0160panije. Kliknite na ime serije za sve plo\u010dice u toj seriji: Aparici Delice Da bi naru\u010dili model iz PDF kataloga [&hellip;]<\/p>\n","protected":false},"featured_media":92915,"template":"","meta":[],"product_cat":[999773,200,220,999,250],"product_tag":[],"_links":{"self":[{"href":"https:\/\/www.keramika.com\/srbija\/wp-json\/wp\/v2\/product\/92914"}],"collection":[{"href":"https:\/\/www.keramika.com\/srbija\/wp-json\/wp\/v2\/product"}],"about":[{"href":"https:\/\/www.keramika.com\/srbija\/wp-json\/wp\/v2\/types\/product"}],"wp:featuredmedia":[{"embeddable":true,"href":"https:\/\/www.keramika.com\/srbija\/wp-json\/wp\/v2\/media\/92915"}],"wp:attachment":[{"href":"https:\/\/www.keramika.com\/srbija\/wp-json\/wp\/v2\/media?parent=92914"}],"wp:term":[{"taxonomy":"product_cat","embeddable":true,"href":"https:\/\/www.keramika.com\/srbija\/wp-json\/wp\/v2\/product_cat?post=92914"},{"taxonomy":"product_tag","embeddable":true,"href":"https:\/\/www.keramika.com\/srbija\/wp-json\/wp\/v2\/product_tag?post=92914"}],"curies":[{"name":"wp","href":"https:\/\/api.w.org\/{rel}","templated":true}]}}