{"id":92912,"date":"2017-07-02T03:09:04","date_gmt":"2017-07-02T03:09:04","guid":{"rendered":"http:\/\/www.ceramictiles.com\/srbija\/product\/plocice-aparici-consul-rosso-gres\/"},"modified":"2017-07-02T03:09:04","modified_gmt":"2017-07-02T03:09:04","slug":"plocice-aparici-consul-rosso-gres","status":"publish","type":"product","link":"https:\/\/www.keramika.com\/srbija\/plocice-aparici-consul-rosso-gres\/","title":{"rendered":"Plo\u010dice Aparici Consul Rosso Gres"},"content":{"rendered":"<p>Debljina 10 mm \u010dini plo\u010dicu vrlo izdr\u017eljivom i prijatnom na dodir. Ove roze kerami\u010dke plo\u010dice, obogatit \u0107e svaki prostor. \u0160irina i du\u017eina plo\u010dice su 49,1&#215;49,1 cm. Ove plo\u010dice dolaze od proizvo\u0111a\u010da Aparici, iz \u0160panije.<\/p>\n<p>Kliknite na ime serije za sve plo\u010dice u toj seriji: <a class=\"pdfcatal\" href=\"\/\/www.ceramictiles.com\/pdf\/aparici\/catalogue_aparici_consul_gres.pdf\" onclick=\"recordOutboundLink(this, 'E-mail', 'Description PDF');return false;\">Aparici Consul Gres<\/a><\/p>\n<p>Da bi naru\u010dili model iz PDF kataloga ove serije, molimo vas, da nas kontaktirate na: <a href=\"mailto:zo_mi@ceramictiles.com\" onclick=\"recordOutboundLink(this, 'E-mail', 'Description mail');return false;\">zo_mi@ceramictiles.com<\/a> ili nas pozovite na: For exact offer, PLS send us quantity and product you need with delivery address..<\/p>\n<p>Technical description: <br \/> W &#038; F 31,6&#215;75,6 ; 49,1&#215;49,1 <br \/>Consul Ivory ; Consul Grey ; Consul Grey Ornato ; Consul Grey Gres ; Consul Beige ; Consul Beige Gres ; Consul Marino Gres ; Consul Rosso ; Consul Rosso Ornato ; Consul Rosso Gres ; Consul Gres Rossone ; Consul Gre<\/p>\n","protected":false},"excerpt":{"rendered":"<p>Debljina 10 mm \u010dini plo\u010dicu vrlo izdr\u017eljivom i prijatnom na dodir. Ove roze kerami\u010dke plo\u010dice, obogatit \u0107e svaki prostor. \u0160irina i du\u017eina plo\u010dice su 49,1&#215;49,1 cm. Ove plo\u010dice dolaze od proizvo\u0111a\u010da Aparici, iz \u0160panije. Kliknite na ime serije za sve plo\u010dice u toj seriji: Aparici Consul Gres Da bi naru\u010dili model iz PDF kataloga ove [&hellip;]<\/p>\n","protected":false},"featured_media":92913,"template":"","meta":[],"product_cat":[999773,200,240,999,290],"product_tag":[],"_links":{"self":[{"href":"https:\/\/www.keramika.com\/srbija\/wp-json\/wp\/v2\/product\/92912"}],"collection":[{"href":"https:\/\/www.keramika.com\/srbija\/wp-json\/wp\/v2\/product"}],"about":[{"href":"https:\/\/www.keramika.com\/srbija\/wp-json\/wp\/v2\/types\/product"}],"wp:featuredmedia":[{"embeddable":true,"href":"https:\/\/www.keramika.com\/srbija\/wp-json\/wp\/v2\/media\/92913"}],"wp:attachment":[{"href":"https:\/\/www.keramika.com\/srbija\/wp-json\/wp\/v2\/media?parent=92912"}],"wp:term":[{"taxonomy":"product_cat","embeddable":true,"href":"https:\/\/www.keramika.com\/srbija\/wp-json\/wp\/v2\/product_cat?post=92912"},{"taxonomy":"product_tag","embeddable":true,"href":"https:\/\/www.keramika.com\/srbija\/wp-json\/wp\/v2\/product_tag?post=92912"}],"curies":[{"name":"wp","href":"https:\/\/api.w.org\/{rel}","templated":true}]}}