{"id":92908,"date":"2017-07-02T03:08:23","date_gmt":"2017-07-02T03:08:23","guid":{"rendered":"http:\/\/www.ceramictiles.com\/srbija\/product\/zidne-plocice-aparici-bulder-grey-random\/"},"modified":"2017-07-02T03:08:23","modified_gmt":"2017-07-02T03:08:23","slug":"zidne-plocice-aparici-bulder-grey-random","status":"publish","type":"product","link":"https:\/\/www.keramika.com\/srbija\/zidne-plocice-aparici-bulder-grey-random\/","title":{"rendered":"Zidne plo\u010dice Aparici Bulder Grey Random"},"content":{"rendered":"<p>Veli\u010dina 25,1&#215;75,6 cm je odli\u010dna za sve podloge. Plo\u010dica je debela 9 mm, \u0161to je ubraja u tvrde plo\u010dice. Aparici Bulder Grey Random je proizvod iz \u0160panije te je izuzetno kvalitetna. Plo\u010dice sive boje osvje\u017eit \u0107e svaki prostor.<\/p>\n<p>Kliknite na ime serije za sve plo\u010dice u toj seriji: <a class=\"pdfcatal\" href=\"\/\/www.ceramictiles.com\/pdf\/aparici\/catalogue_aparici_bulder_gres.pdf\" onclick=\"recordOutboundLink(this, 'E-mail', 'Description PDF');return false;\">Aparici Bulder Gres<\/a><\/p>\n<p>Da bi naru\u010dili model iz PDF kataloga ove serije, molimo vas, da nas kontaktirate na: <a href=\"mailto:zo_mi@ceramictiles.com\" onclick=\"recordOutboundLink(this, 'E-mail', 'Description mail');return false;\">zo_mi@ceramictiles.com<\/a> ili nas pozovite na: For exact offer, PLS send us quantity and product you need with delivery address..<\/p>\n<p>Technical description: <br \/> W &#038; F 25,1&#215;75,6 ; 49,1 x 49,1 <br \/>Bulder Nacar Random ; Bulder Nac\u00e1r Gres ; Bulder Ambar Random ; Bulder Ambar Iris ; Bulder Ambar Gres ; Bulder Grey Random ; Bulder Grey Iris ; Bulder Grey Gres ;<\/p>\n","protected":false},"excerpt":{"rendered":"<p>Veli\u010dina 25,1&#215;75,6 cm je odli\u010dna za sve podloge. Plo\u010dica je debela 9 mm, \u0161to je ubraja u tvrde plo\u010dice. Aparici Bulder Grey Random je proizvod iz \u0160panije te je izuzetno kvalitetna. Plo\u010dice sive boje osvje\u017eit \u0107e svaki prostor. Kliknite na ime serije za sve plo\u010dice u toj seriji: Aparici Bulder Gres Da bi naru\u010dili model [&hellip;]<\/p>\n","protected":false},"featured_media":92909,"template":"","meta":[],"product_cat":[999773,200,220,999,250],"product_tag":[],"_links":{"self":[{"href":"https:\/\/www.keramika.com\/srbija\/wp-json\/wp\/v2\/product\/92908"}],"collection":[{"href":"https:\/\/www.keramika.com\/srbija\/wp-json\/wp\/v2\/product"}],"about":[{"href":"https:\/\/www.keramika.com\/srbija\/wp-json\/wp\/v2\/types\/product"}],"wp:featuredmedia":[{"embeddable":true,"href":"https:\/\/www.keramika.com\/srbija\/wp-json\/wp\/v2\/media\/92909"}],"wp:attachment":[{"href":"https:\/\/www.keramika.com\/srbija\/wp-json\/wp\/v2\/media?parent=92908"}],"wp:term":[{"taxonomy":"product_cat","embeddable":true,"href":"https:\/\/www.keramika.com\/srbija\/wp-json\/wp\/v2\/product_cat?post=92908"},{"taxonomy":"product_tag","embeddable":true,"href":"https:\/\/www.keramika.com\/srbija\/wp-json\/wp\/v2\/product_tag?post=92908"}],"curies":[{"name":"wp","href":"https:\/\/api.w.org\/{rel}","templated":true}]}}