{"id":92901,"date":"2017-07-02T03:07:04","date_gmt":"2017-07-02T03:07:04","guid":{"rendered":"http:\/\/www.ceramictiles.com\/srbija\/product\/projekt-plocice-aparici-art-white-20x20\/"},"modified":"2017-07-02T03:07:04","modified_gmt":"2017-07-02T03:07:04","slug":"projekt-plocice-aparici-art-white-20x20","status":"publish","type":"product","link":"https:\/\/www.keramika.com\/srbija\/projekt-plocice-aparici-art-white-20x20\/","title":{"rendered":"Projekt plo\u010dice Aparici Art White 20&#215;20"},"content":{"rendered":"<p>Keramika je prekrasne bele boje. U koliko \u017eelite neku drugu boju, pozovite nas i mi \u0107emo proveriti kod proizvo\u0111a\u010da. plo\u010dica proizvo\u0111a\u010da Aparici iz \u0160panije. Plo\u010dica na sliki je 20&#215;20 cm. 8 mm debljine je dovoljno za zahtevnije kupce.<\/p>\n<p>Kliknite na ime serije za sve plo\u010dice u toj seriji: <a class=\"pdfcatal\" href=\"\/\/www.ceramictiles.com\/pdf\/aparici\/catalogue_aparici_art.pdf\" onclick=\"recordOutboundLink(this, 'E-mail', 'Description PDF');return false;\">Aparici Art<\/a><\/p>\n<p>Da bi naru\u010dili model iz PDF kataloga ove serije, molimo vas, da nas kontaktirate na: <a href=\"mailto:zo_mi@ceramictiles.com\" onclick=\"recordOutboundLink(this, 'E-mail', 'Description mail');return false;\">zo_mi@ceramictiles.com<\/a> ili nas pozovite na: For exact offer, PLS send us quantity and product you need with delivery address..<\/p>\n<p>Technical description: <br \/> W 20&#215;20 <br \/>Art White ; Art Black ;<\/p>\n","protected":false},"excerpt":{"rendered":"<p>Keramika je prekrasne bele boje. U koliko \u017eelite neku drugu boju, pozovite nas i mi \u0107emo proveriti kod proizvo\u0111a\u010da. plo\u010dica proizvo\u0111a\u010da Aparici iz \u0160panije. Plo\u010dica na sliki je 20&#215;20 cm. 8 mm debljine je dovoljno za zahtevnije kupce. Kliknite na ime serije za sve plo\u010dice u toj seriji: Aparici Art Da bi naru\u010dili model iz [&hellip;]<\/p>\n","protected":false},"featured_media":92902,"template":"","meta":[],"product_cat":[999773,200,999,290,250],"product_tag":[],"_links":{"self":[{"href":"https:\/\/www.keramika.com\/srbija\/wp-json\/wp\/v2\/product\/92901"}],"collection":[{"href":"https:\/\/www.keramika.com\/srbija\/wp-json\/wp\/v2\/product"}],"about":[{"href":"https:\/\/www.keramika.com\/srbija\/wp-json\/wp\/v2\/types\/product"}],"wp:featuredmedia":[{"embeddable":true,"href":"https:\/\/www.keramika.com\/srbija\/wp-json\/wp\/v2\/media\/92902"}],"wp:attachment":[{"href":"https:\/\/www.keramika.com\/srbija\/wp-json\/wp\/v2\/media?parent=92901"}],"wp:term":[{"taxonomy":"product_cat","embeddable":true,"href":"https:\/\/www.keramika.com\/srbija\/wp-json\/wp\/v2\/product_cat?post=92901"},{"taxonomy":"product_tag","embeddable":true,"href":"https:\/\/www.keramika.com\/srbija\/wp-json\/wp\/v2\/product_tag?post=92901"}],"curies":[{"name":"wp","href":"https:\/\/api.w.org\/{rel}","templated":true}]}}