{"id":92894,"date":"2017-07-02T03:05:35","date_gmt":"2017-07-02T03:05:35","guid":{"rendered":"http:\/\/www.ceramictiles.com\/srbija\/product\/plocice-za-kupatilo-aparici-area-blanco-bridge\/"},"modified":"2017-07-02T03:05:35","modified_gmt":"2017-07-02T03:05:35","slug":"plocice-za-kupatilo-aparici-area-blanco-bridge","status":"publish","type":"product","link":"https:\/\/www.keramika.com\/srbija\/plocice-za-kupatilo-aparici-area-blanco-bridge\/","title":{"rendered":"Plo\u010dice za kupatilo Aparici Area Blanco Bridge"},"content":{"rendered":"<p>Veli\u010dina ove plo\u010dice je 31,6&#215;59,2 cm. 9 mm debljine je dovoljno za zahtevnije kupce. Ta kolekcija, model plo\u010dice, se prodaje najvi\u0161e bele boje. Plo\u010dice dolaze iz \u0160panije, koja je poznata po kvalitetnoj keramiki.<\/p>\n<p>Kliknite na ime serije za sve plo\u010dice u toj seriji: <a class=\"pdfcatal\" href=\"\/\/www.ceramictiles.com\/pdf\/aparici\/catalogue_aparici_area.pdf\" onclick=\"recordOutboundLink(this, 'E-mail', 'Description PDF');return false;\">Aparici Area<\/a><\/p>\n<p>Da bi naru\u010dili model iz PDF kataloga ove serije, molimo vas, da nas kontaktirate na: <a href=\"mailto:zo_mi@ceramictiles.com\" onclick=\"recordOutboundLink(this, 'E-mail', 'Description mail');return false;\">zo_mi@ceramictiles.com<\/a> ili nas pozovite na: For exact offer, PLS send us quantity and product you need with delivery address..<\/p>\n<p>Technical description: <br \/> W 31,6&#215;59,2 <br \/>Area Blanco Ornato ; \u00c1rea Blanco Bridge ; \u00c1rea Blanco Tear ; \u00c1rea Negro Ornato ; \u00c1rea Negro Bridge ; \u00c1rea Negro Tear ; \u00c1rea Blanco Sound ; \u00c1rea Beige Sound ; \u00c1rea Gris Sound ; \u00c1rea Vison Sound ; \u00c1rea Negro Sound ;<\/p>\n","protected":false},"excerpt":{"rendered":"<p>Veli\u010dina ove plo\u010dice je 31,6&#215;59,2 cm. 9 mm debljine je dovoljno za zahtevnije kupce. Ta kolekcija, model plo\u010dice, se prodaje najvi\u0161e bele boje. Plo\u010dice dolaze iz \u0160panije, koja je poznata po kvalitetnoj keramiki. Kliknite na ime serije za sve plo\u010dice u toj seriji: Aparici Area Da bi naru\u010dili model iz PDF kataloga ove serije, molimo [&hellip;]<\/p>\n","protected":false},"featured_media":92895,"template":"","meta":[],"product_cat":[999773,200,220,240,999,250],"product_tag":[],"_links":{"self":[{"href":"https:\/\/www.keramika.com\/srbija\/wp-json\/wp\/v2\/product\/92894"}],"collection":[{"href":"https:\/\/www.keramika.com\/srbija\/wp-json\/wp\/v2\/product"}],"about":[{"href":"https:\/\/www.keramika.com\/srbija\/wp-json\/wp\/v2\/types\/product"}],"wp:featuredmedia":[{"embeddable":true,"href":"https:\/\/www.keramika.com\/srbija\/wp-json\/wp\/v2\/media\/92895"}],"wp:attachment":[{"href":"https:\/\/www.keramika.com\/srbija\/wp-json\/wp\/v2\/media?parent=92894"}],"wp:term":[{"taxonomy":"product_cat","embeddable":true,"href":"https:\/\/www.keramika.com\/srbija\/wp-json\/wp\/v2\/product_cat?post=92894"},{"taxonomy":"product_tag","embeddable":true,"href":"https:\/\/www.keramika.com\/srbija\/wp-json\/wp\/v2\/product_tag?post=92894"}],"curies":[{"name":"wp","href":"https:\/\/api.w.org\/{rel}","templated":true}]}}