{"id":92890,"date":"2017-07-02T03:04:43","date_gmt":"2017-07-02T03:04:43","guid":{"rendered":"http:\/\/www.ceramictiles.com\/srbija\/product\/plocice-imitacija-drveta-aparici-alexander-oak\/"},"modified":"2017-07-04T12:01:40","modified_gmt":"2017-07-04T12:01:40","slug":"plocice-imitacija-drveta-aparici-alexander-oak","status":"publish","type":"product","link":"https:\/\/www.keramika.com\/srbija\/plocice-imitacija-drveta-aparici-alexander-oak\/","title":{"rendered":"Plo\u010dice imitacija drveta Aparici Alexander Oak"},"content":{"rendered":"<p>Ove braon kerami\u010dke plo\u010dice, obogatit \u0107e svaki prostor. Proizvodnja \u0160panije ,koja je poznata u svetu, kao jedana od najboljih proizvo\u0111a\u010da kerami\u010dkih plo\u010dica. Veli\u010dina ove plo\u010dice je 49,1&#215;49,1 cm. Debljina plo\u010dice, je vrlo va\u017ena 10 mm i ubraja tu plo\u010dicu me\u0111u najkvalitetnije.<\/p>\n<p>Kliknite na ime serije za sve plo\u010dice u toj seriji: <a class=\"pdfcatal\" href=\"\/\/www.ceramictiles.com\/pdf\/aparici\/catalogue_aparici_alexander.pdf\" onclick=\"recordOutboundLink(this, 'E-mail', 'Description PDF');return false;\">Aparici Alexander<\/a><\/p>\n<p>Da bi naru\u010dili model iz PDF kataloga ove serije, molimo vas, da nas kontaktirate na: <a href=\"mailto:zo_mi@ceramictiles.com\" onclick=\"recordOutboundLink(this, 'E-mail', 'Description mail');return false;\">zo_mi@ceramictiles.com<\/a> ili nas pozovite na: For exact offer, PLS send us quantity and product you need with delivery address..<\/p>\n<p>Technical description: <br \/>  W &#038; F 20&#215;59,2 ; 49,1&#215;49,1 <br \/>Alexander Maple ; Alexander Oak ; Alexander Walnut ; Alexander Maple Gres ; Alexander Oak Gres ; Alexander Walnut Gres ;<\/p>\n","protected":false},"excerpt":{"rendered":"<p>Ove braon kerami\u010dke plo\u010dice, obogatit \u0107e svaki prostor. Proizvodnja \u0160panije ,koja je poznata u svetu, kao jedana od najboljih proizvo\u0111a\u010da kerami\u010dkih plo\u010dica. Veli\u010dina ove plo\u010dice je 49,1&#215;49,1 cm. Debljina plo\u010dice, je vrlo va\u017ena 10 mm i ubraja tu plo\u010dicu me\u0111u najkvalitetnije. Kliknite na ime serije za sve plo\u010dice u toj seriji: Aparici Alexander Da bi [&hellip;]<\/p>\n","protected":false},"featured_media":92891,"template":"","meta":[],"product_cat":[999773,200,220,999,250],"product_tag":[99950095],"_links":{"self":[{"href":"https:\/\/www.keramika.com\/srbija\/wp-json\/wp\/v2\/product\/92890"}],"collection":[{"href":"https:\/\/www.keramika.com\/srbija\/wp-json\/wp\/v2\/product"}],"about":[{"href":"https:\/\/www.keramika.com\/srbija\/wp-json\/wp\/v2\/types\/product"}],"wp:featuredmedia":[{"embeddable":true,"href":"https:\/\/www.keramika.com\/srbija\/wp-json\/wp\/v2\/media\/92891"}],"wp:attachment":[{"href":"https:\/\/www.keramika.com\/srbija\/wp-json\/wp\/v2\/media?parent=92890"}],"wp:term":[{"taxonomy":"product_cat","embeddable":true,"href":"https:\/\/www.keramika.com\/srbija\/wp-json\/wp\/v2\/product_cat?post=92890"},{"taxonomy":"product_tag","embeddable":true,"href":"https:\/\/www.keramika.com\/srbija\/wp-json\/wp\/v2\/product_tag?post=92890"}],"curies":[{"name":"wp","href":"https:\/\/api.w.org\/{rel}","templated":true}]}}