{"id":92880,"date":"2017-07-02T03:02:31","date_gmt":"2017-07-02T03:02:31","guid":{"rendered":"http:\/\/www.ceramictiles.com\/srbija\/product\/plocice-za-kupatilo-aparici-adobe-ivory\/"},"modified":"2017-07-02T03:02:31","modified_gmt":"2017-07-02T03:02:31","slug":"plocice-za-kupatilo-aparici-adobe-ivory","status":"publish","type":"product","link":"https:\/\/www.keramika.com\/srbija\/plocice-za-kupatilo-aparici-adobe-ivory\/","title":{"rendered":"Plo\u010dice za kupatilo Aparici Adobe Ivory"},"content":{"rendered":"<p>Zenith je proizvod iz \u0160panije te je izuzetno kvalitetna. Ta kolekcija, model plo\u010dice, se prodaje najvi\u0161e bele boje. Dimenzije ovih plo\u010dica su 29,75&#215;89,46 cm. Debljina plo\u010dice, je vrlo va\u017ena 7 mm i ubraja tu plo\u010dicu me\u0111u najkvalitetnije.<\/p>\n<p>Kliknite na ime serije za sve plo\u010dice u toj seriji: <a class=\"pdfcatal\" href=\"\/\/www.ceramictiles.com\/pdf\/aparici\/catalogue_aparici_adobe.pdf\" onclick=\"recordOutboundLink(this, 'E-mail', 'Description PDF');return false;\">Aparici Adobe<\/a><\/p>\n<p>Da bi naru\u010dili model iz PDF kataloga ove serije, molimo vas, da nas kontaktirate na: <a href=\"mailto:zo_mi@ceramictiles.com\" onclick=\"recordOutboundLink(this, 'E-mail', 'Description mail');return false;\">zo_mi@ceramictiles.com<\/a> ili nas pozovite na: For exact offer, PLS send us quantity and product you need with delivery address..<\/p>\n<p>Technical description: <br \/>  W &#038; F 29,75&#215;89,46 ; 44,63&#215;44,63 <br \/>Adobe Beige Runes ; Adobe Cobalto Runes ; Adobe Gold Runes ; Adobe Ivory ; Adobe Ivory Runes ; Adobe Silver Runes ; Adobe Titanium Runes ; Adobe Beige Natural ; Adobe Ivory Natural ;<\/p>\n","protected":false},"excerpt":{"rendered":"<p>Zenith je proizvod iz \u0160panije te je izuzetno kvalitetna. Ta kolekcija, model plo\u010dice, se prodaje najvi\u0161e bele boje. Dimenzije ovih plo\u010dica su 29,75&#215;89,46 cm. Debljina plo\u010dice, je vrlo va\u017ena 7 mm i ubraja tu plo\u010dicu me\u0111u najkvalitetnije. Kliknite na ime serije za sve plo\u010dice u toj seriji: Aparici Adobe Da bi naru\u010dili model iz PDF [&hellip;]<\/p>\n","protected":false},"featured_media":92881,"template":"","meta":[],"product_cat":[999773,200,220,240,999,250],"product_tag":[],"_links":{"self":[{"href":"https:\/\/www.keramika.com\/srbija\/wp-json\/wp\/v2\/product\/92880"}],"collection":[{"href":"https:\/\/www.keramika.com\/srbija\/wp-json\/wp\/v2\/product"}],"about":[{"href":"https:\/\/www.keramika.com\/srbija\/wp-json\/wp\/v2\/types\/product"}],"wp:featuredmedia":[{"embeddable":true,"href":"https:\/\/www.keramika.com\/srbija\/wp-json\/wp\/v2\/media\/92881"}],"wp:attachment":[{"href":"https:\/\/www.keramika.com\/srbija\/wp-json\/wp\/v2\/media?parent=92880"}],"wp:term":[{"taxonomy":"product_cat","embeddable":true,"href":"https:\/\/www.keramika.com\/srbija\/wp-json\/wp\/v2\/product_cat?post=92880"},{"taxonomy":"product_tag","embeddable":true,"href":"https:\/\/www.keramika.com\/srbija\/wp-json\/wp\/v2\/product_tag?post=92880"}],"curies":[{"name":"wp","href":"https:\/\/api.w.org\/{rel}","templated":true}]}}